{"id":927,"date":"2016-05-25T11:50:04","date_gmt":"2016-05-25T09:50:04","guid":{"rendered":"https:\/\/www.hispabano.es\/es\/?post_type=product&#038;p=927"},"modified":"2024-01-25T18:17:17","modified_gmt":"2024-01-25T17:17:17","slug":"modelo-4053-frontal-bano-hoja-abatible-blanco","status":"publish","type":"product","link":"https:\/\/www.hispabano.es\/es\/producto\/modelo-4053-frontal-bano-hoja-abatible-blanco\/","title":{"rendered":"Modelo 4053: Frontal ba\u00f1o, 3 hojas plegables &#8211; Blanco"},"content":{"rendered":"<p><em>Sistema de apertura plegable.<\/p>\n<p>Altura estandar de ba\u00f1o 140 cms<\/p>\n<p>S\u00f3lo disponible en acr\u00edlico y color blanco.<\/p>\n<p>Fabricaci\u00f3n a Medida<\/p>\n<div class=\"margen-2\"><a href=\"https:\/\/www.hispabano.es\/es\/categoria-producto\/abatibles\/grupo-4000\/\">Volver a Grupo 4000<\/a><\/div>\n<div class=\"margen-1\">&nbsp;<\/div>\n<div class=\"one_half\">&nbsp;<\/div>\n<div class=\"one_half last\">&nbsp;<\/div>\n<div class=\"clear\">&nbsp;<\/div>\n<p><\/em><\/p>\n","protected":false},"excerpt":{"rendered":"<p>Sistema de apertura plegable. Altura estandar de ba\u00f1o 140 cms S\u00f3lo disponible en acr\u00edlico y color blanco. Fabricaci\u00f3n a Medida Volver a Grupo 4000 &nbsp; &nbsp; &nbsp; &nbsp;<\/p>\n","protected":false},"featured_media":486,"template":"","meta":{"ngg_post_thumbnail":0},"product_cat":[59,33,19,22],"product_tag":[],"yoast_head":"<!-- This site is optimized with the Yoast SEO plugin v22.5 - https:\/\/yoast.com\/wordpress\/plugins\/seo\/ -->\n<title>Frontal Ba\u00f1o 3 Hojas Plegables Grupo 4000<\/title>\n<meta name=\"description\" content=\"Modelo 4053 - Frontal Ba\u00f1o 3 hojas plegables - Fabricaci\u00f3n a medida - Modelo s\u00f3lo disponible en acr\u00edlico - M\u00e1xima apertura\" \/>\n<meta name=\"robots\" content=\"index, follow, max-snippet:-1, max-image-preview:large, max-video-preview:-1\" \/>\n<link rel=\"canonical\" href=\"https:\/\/www.hispabano.es\/es\/producto\/modelo-4053-frontal-bano-hoja-abatible-blanco\/\" \/>\n<meta property=\"og:locale\" content=\"es_ES\" \/>\n<meta property=\"og:type\" content=\"article\" \/>\n<meta property=\"og:title\" content=\"Frontal Ba\u00f1o 3 Hojas Plegables Grupo 4000\" \/>\n<meta property=\"og:description\" content=\"Modelo 4053 - Frontal Ba\u00f1o 3 hojas plegables - Fabricaci\u00f3n a medida - Modelo s\u00f3lo disponible en acr\u00edlico - M\u00e1xima apertura\" \/>\n<meta property=\"og:url\" content=\"https:\/\/www.hispabano.es\/es\/producto\/modelo-4053-frontal-bano-hoja-abatible-blanco\/\" \/>\n<meta property=\"og:site_name\" content=\"Hispaba\u00f1o: Fabricante de Mamparas de Ba\u00f1o y de Duchas\" \/>\n<meta property=\"article:publisher\" content=\"https:\/\/es-es.facebook.com\/Hispabano\/\" \/>\n<meta property=\"article:modified_time\" content=\"2024-01-25T17:17:17+00:00\" \/>\n<meta property=\"og:image\" content=\"https:\/\/www.hispabano.es\/es\/wp-content\/uploads\/2015\/07\/4053b.jpg\" \/>\n\t<meta property=\"og:image:width\" content=\"1562\" \/>\n\t<meta property=\"og:image:height\" content=\"1183\" \/>\n\t<meta property=\"og:image:type\" content=\"image\/jpeg\" \/>\n<meta name=\"twitter:label1\" content=\"Tiempo de lectura\" \/>\n\t<meta name=\"twitter:data1\" content=\"1 minuto\" \/>\n<script type=\"application\/ld+json\" class=\"yoast-schema-graph\">{\"@context\":\"https:\/\/schema.org\",\"@graph\":[{\"@type\":\"WebPage\",\"@id\":\"https:\/\/www.hispabano.es\/es\/producto\/modelo-4053-frontal-bano-hoja-abatible-blanco\/\",\"url\":\"https:\/\/www.hispabano.es\/es\/producto\/modelo-4053-frontal-bano-hoja-abatible-blanco\/\",\"name\":\"Frontal Ba\u00f1o 3 Hojas Plegables Grupo 4000\",\"isPartOf\":{\"@id\":\"https:\/\/www.hispabano.es\/es\/#website\"},\"primaryImageOfPage\":{\"@id\":\"https:\/\/www.hispabano.es\/es\/producto\/modelo-4053-frontal-bano-hoja-abatible-blanco\/#primaryimage\"},\"image\":{\"@id\":\"https:\/\/www.hispabano.es\/es\/producto\/modelo-4053-frontal-bano-hoja-abatible-blanco\/#primaryimage\"},\"thumbnailUrl\":\"https:\/\/www.hispabano.es\/es\/wp-content\/uploads\/2015\/07\/4053b.jpg\",\"datePublished\":\"2016-05-25T09:50:04+00:00\",\"dateModified\":\"2024-01-25T17:17:17+00:00\",\"description\":\"Modelo 4053 - Frontal Ba\u00f1o 3 hojas plegables - Fabricaci\u00f3n a medida - Modelo s\u00f3lo disponible en acr\u00edlico - M\u00e1xima apertura\",\"breadcrumb\":{\"@id\":\"https:\/\/www.hispabano.es\/es\/producto\/modelo-4053-frontal-bano-hoja-abatible-blanco\/#breadcrumb\"},\"inLanguage\":\"es\",\"potentialAction\":[{\"@type\":\"ReadAction\",\"target\":[\"https:\/\/www.hispabano.es\/es\/producto\/modelo-4053-frontal-bano-hoja-abatible-blanco\/\"]}]},{\"@type\":\"ImageObject\",\"inLanguage\":\"es\",\"@id\":\"https:\/\/www.hispabano.es\/es\/producto\/modelo-4053-frontal-bano-hoja-abatible-blanco\/#primaryimage\",\"url\":\"https:\/\/www.hispabano.es\/es\/wp-content\/uploads\/2015\/07\/4053b.jpg\",\"contentUrl\":\"https:\/\/www.hispabano.es\/es\/wp-content\/uploads\/2015\/07\/4053b.jpg\",\"width\":1562,\"height\":1183,\"caption\":\"Modelo 4053 Frontal Ba\u00f1o 3 hojas plegables\"},{\"@type\":\"BreadcrumbList\",\"@id\":\"https:\/\/www.hispabano.es\/es\/producto\/modelo-4053-frontal-bano-hoja-abatible-blanco\/#breadcrumb\",\"itemListElement\":[{\"@type\":\"ListItem\",\"position\":1,\"name\":\"Portada\",\"item\":\"https:\/\/www.hispabano.es\/es\/\"},{\"@type\":\"ListItem\",\"position\":2,\"name\":\"Productos\",\"item\":\"https:\/\/www.hispabano.es\/es\/shop\/\"},{\"@type\":\"ListItem\",\"position\":3,\"name\":\"Modelo 4053: Frontal ba\u00f1o, 3 hojas plegables &#8211; Blanco\"}]},{\"@type\":\"WebSite\",\"@id\":\"https:\/\/www.hispabano.es\/es\/#website\",\"url\":\"https:\/\/www.hispabano.es\/es\/\",\"name\":\"Hispaba\u00f1o: Fabricante de Mamparas de Ba\u00f1o y de Duchas\",\"description\":\"Como fabricantes, y siguiendo las \u00faltimas tendencias, disponemos de una amplia gama de soluciones, dentro y fuera de nuestro cat\u00e1logo, para dar respuesta a ...\",\"publisher\":{\"@id\":\"https:\/\/www.hispabano.es\/es\/#organization\"},\"potentialAction\":[{\"@type\":\"SearchAction\",\"target\":{\"@type\":\"EntryPoint\",\"urlTemplate\":\"https:\/\/www.hispabano.es\/es\/?s={search_term_string}\"},\"query-input\":\"required name=search_term_string\"}],\"inLanguage\":\"es\"},{\"@type\":\"Organization\",\"@id\":\"https:\/\/www.hispabano.es\/es\/#organization\",\"name\":\"Hispaba\u00f1o: Fabricante de Mamparas de Ba\u00f1o y de Duchas\",\"url\":\"https:\/\/www.hispabano.es\/es\/\",\"logo\":{\"@type\":\"ImageObject\",\"inLanguage\":\"es\",\"@id\":\"https:\/\/www.hispabano.es\/es\/#\/schema\/logo\/image\/\",\"url\":\"https:\/\/www.hispabano.es\/es\/wp-content\/uploads\/2020\/11\/cropped-favicon.jpg\",\"contentUrl\":\"https:\/\/www.hispabano.es\/es\/wp-content\/uploads\/2020\/11\/cropped-favicon.jpg\",\"width\":512,\"height\":512,\"caption\":\"Hispaba\u00f1o: Fabricante de Mamparas de Ba\u00f1o y de Duchas\"},\"image\":{\"@id\":\"https:\/\/www.hispabano.es\/es\/#\/schema\/logo\/image\/\"},\"sameAs\":[\"https:\/\/es-es.facebook.com\/Hispabano\/\",\"https:\/\/www.youtube.com\/@hispabano9335\",\"https:\/\/www.linkedin.com\/company\/hispabao-sl\/mycompany\/\"]}]}<\/script>\n<!-- \/ Yoast SEO plugin. -->","yoast_head_json":{"title":"Frontal Ba\u00f1o 3 Hojas Plegables Grupo 4000","description":"Modelo 4053 - Frontal Ba\u00f1o 3 hojas plegables - Fabricaci\u00f3n a medida - Modelo s\u00f3lo disponible en acr\u00edlico - M\u00e1xima apertura","robots":{"index":"index","follow":"follow","max-snippet":"max-snippet:-1","max-image-preview":"max-image-preview:large","max-video-preview":"max-video-preview:-1"},"canonical":"https:\/\/www.hispabano.es\/es\/producto\/modelo-4053-frontal-bano-hoja-abatible-blanco\/","og_locale":"es_ES","og_type":"article","og_title":"Frontal Ba\u00f1o 3 Hojas Plegables Grupo 4000","og_description":"Modelo 4053 - Frontal Ba\u00f1o 3 hojas plegables - Fabricaci\u00f3n a medida - Modelo s\u00f3lo disponible en acr\u00edlico - M\u00e1xima apertura","og_url":"https:\/\/www.hispabano.es\/es\/producto\/modelo-4053-frontal-bano-hoja-abatible-blanco\/","og_site_name":"Hispaba\u00f1o: Fabricante de Mamparas de Ba\u00f1o y de Duchas","article_publisher":"https:\/\/es-es.facebook.com\/Hispabano\/","article_modified_time":"2024-01-25T17:17:17+00:00","og_image":[{"width":1562,"height":1183,"url":"https:\/\/www.hispabano.es\/es\/wp-content\/uploads\/2015\/07\/4053b.jpg","type":"image\/jpeg"}],"twitter_misc":{"Tiempo de lectura":"1 minuto"},"schema":{"@context":"https:\/\/schema.org","@graph":[{"@type":"WebPage","@id":"https:\/\/www.hispabano.es\/es\/producto\/modelo-4053-frontal-bano-hoja-abatible-blanco\/","url":"https:\/\/www.hispabano.es\/es\/producto\/modelo-4053-frontal-bano-hoja-abatible-blanco\/","name":"Frontal Ba\u00f1o 3 Hojas Plegables Grupo 4000","isPartOf":{"@id":"https:\/\/www.hispabano.es\/es\/#website"},"primaryImageOfPage":{"@id":"https:\/\/www.hispabano.es\/es\/producto\/modelo-4053-frontal-bano-hoja-abatible-blanco\/#primaryimage"},"image":{"@id":"https:\/\/www.hispabano.es\/es\/producto\/modelo-4053-frontal-bano-hoja-abatible-blanco\/#primaryimage"},"thumbnailUrl":"https:\/\/www.hispabano.es\/es\/wp-content\/uploads\/2015\/07\/4053b.jpg","datePublished":"2016-05-25T09:50:04+00:00","dateModified":"2024-01-25T17:17:17+00:00","description":"Modelo 4053 - Frontal Ba\u00f1o 3 hojas plegables - Fabricaci\u00f3n a medida - Modelo s\u00f3lo disponible en acr\u00edlico - M\u00e1xima apertura","breadcrumb":{"@id":"https:\/\/www.hispabano.es\/es\/producto\/modelo-4053-frontal-bano-hoja-abatible-blanco\/#breadcrumb"},"inLanguage":"es","potentialAction":[{"@type":"ReadAction","target":["https:\/\/www.hispabano.es\/es\/producto\/modelo-4053-frontal-bano-hoja-abatible-blanco\/"]}]},{"@type":"ImageObject","inLanguage":"es","@id":"https:\/\/www.hispabano.es\/es\/producto\/modelo-4053-frontal-bano-hoja-abatible-blanco\/#primaryimage","url":"https:\/\/www.hispabano.es\/es\/wp-content\/uploads\/2015\/07\/4053b.jpg","contentUrl":"https:\/\/www.hispabano.es\/es\/wp-content\/uploads\/2015\/07\/4053b.jpg","width":1562,"height":1183,"caption":"Modelo 4053 Frontal Ba\u00f1o 3 hojas plegables"},{"@type":"BreadcrumbList","@id":"https:\/\/www.hispabano.es\/es\/producto\/modelo-4053-frontal-bano-hoja-abatible-blanco\/#breadcrumb","itemListElement":[{"@type":"ListItem","position":1,"name":"Portada","item":"https:\/\/www.hispabano.es\/es\/"},{"@type":"ListItem","position":2,"name":"Productos","item":"https:\/\/www.hispabano.es\/es\/shop\/"},{"@type":"ListItem","position":3,"name":"Modelo 4053: Frontal ba\u00f1o, 3 hojas plegables &#8211; Blanco"}]},{"@type":"WebSite","@id":"https:\/\/www.hispabano.es\/es\/#website","url":"https:\/\/www.hispabano.es\/es\/","name":"Hispaba\u00f1o: Fabricante de Mamparas de Ba\u00f1o y de Duchas","description":"Como fabricantes, y siguiendo las \u00faltimas tendencias, disponemos de una amplia gama de soluciones, dentro y fuera de nuestro cat\u00e1logo, para dar respuesta a ...","publisher":{"@id":"https:\/\/www.hispabano.es\/es\/#organization"},"potentialAction":[{"@type":"SearchAction","target":{"@type":"EntryPoint","urlTemplate":"https:\/\/www.hispabano.es\/es\/?s={search_term_string}"},"query-input":"required name=search_term_string"}],"inLanguage":"es"},{"@type":"Organization","@id":"https:\/\/www.hispabano.es\/es\/#organization","name":"Hispaba\u00f1o: Fabricante de Mamparas de Ba\u00f1o y de Duchas","url":"https:\/\/www.hispabano.es\/es\/","logo":{"@type":"ImageObject","inLanguage":"es","@id":"https:\/\/www.hispabano.es\/es\/#\/schema\/logo\/image\/","url":"https:\/\/www.hispabano.es\/es\/wp-content\/uploads\/2020\/11\/cropped-favicon.jpg","contentUrl":"https:\/\/www.hispabano.es\/es\/wp-content\/uploads\/2020\/11\/cropped-favicon.jpg","width":512,"height":512,"caption":"Hispaba\u00f1o: Fabricante de Mamparas de Ba\u00f1o y de Duchas"},"image":{"@id":"https:\/\/www.hispabano.es\/es\/#\/schema\/logo\/image\/"},"sameAs":["https:\/\/es-es.facebook.com\/Hispabano\/","https:\/\/www.youtube.com\/@hispabano9335","https:\/\/www.linkedin.com\/company\/hispabao-sl\/mycompany\/"]}]}},"_links":{"self":[{"href":"https:\/\/www.hispabano.es\/es\/wp-json\/wp\/v2\/product\/927"}],"collection":[{"href":"https:\/\/www.hispabano.es\/es\/wp-json\/wp\/v2\/product"}],"about":[{"href":"https:\/\/www.hispabano.es\/es\/wp-json\/wp\/v2\/types\/product"}],"wp:featuredmedia":[{"embeddable":true,"href":"https:\/\/www.hispabano.es\/es\/wp-json\/wp\/v2\/media\/486"}],"wp:attachment":[{"href":"https:\/\/www.hispabano.es\/es\/wp-json\/wp\/v2\/media?parent=927"}],"wp:term":[{"taxonomy":"product_cat","embeddable":true,"href":"https:\/\/www.hispabano.es\/es\/wp-json\/wp\/v2\/product_cat?post=927"},{"taxonomy":"product_tag","embeddable":true,"href":"https:\/\/www.hispabano.es\/es\/wp-json\/wp\/v2\/product_tag?post=927"}],"curies":[{"name":"wp","href":"https:\/\/api.w.org\/{rel}","templated":true}]}}