{"id":487,"date":"2015-07-29T15:33:38","date_gmt":"2015-07-29T13:33:38","guid":{"rendered":"https:\/\/www.hispabano.es\/es\/?post_type=product&#038;p=487"},"modified":"2019-04-05T13:43:44","modified_gmt":"2019-04-05T11:43:44","slug":"modelo-5001-frontal-ducha-dos-hojas-plegable-plata","status":"publish","type":"product","link":"https:\/\/www.hispabano.es\/es\/producto\/modelo-5001-frontal-ducha-dos-hojas-plegable-plata\/","title":{"rendered":"Modelo 5001: Frontal ducha dos hojas, plegable &#8211; Plata"},"content":{"rendered":"<p>Altura 185 cm. Decorados Premium, incrementar 30\u20ac por hoja sobre tarifa decorado est\u00e1ndar.<\/p>\n<div class=\"margen-2\"><\/div>\n<h4>Modelo 5001 en plata<\/h4>\n<div class=\"margen-1\"><\/div>\n<h4>Modelo 5005 en plata<\/h4>\n<div class=\"margen-1\"><\/div>\n<div class=\"one_half\"><a href=\"https:\/\/www.hispabano.es\/es\/wp-content\/uploads\/2015\/06\/Ficha-Grupo5000.jpg\" target=\"_blank\"><img loading=\"lazy\" decoding=\"async\" width=\"129\" height=\"53\" class=\"aligncenter size-full wp-image-154 centrar lazyload\" data-src=\"https:\/\/www.hispabano.es\/es\/wp-content\/uploads\/2015\/06\/boton-ficha-tenica.png\" alt=\"boton-ficha-tenica\" src=\"data:image\/gif;base64,R0lGODlhAQABAAAAACH5BAEKAAEALAAAAAABAAEAAAICTAEAOw==\" style=\"--smush-placeholder-width: 129px; --smush-placeholder-aspect-ratio: 129\/53;\" \/><noscript><img loading=\"lazy\" decoding=\"async\" width=\"129\" height=\"53\" class=\"aligncenter size-full wp-image-154 centrar lazyload\" data-src=\"https:\/\/www.hispabano.es\/es\/wp-content\/uploads\/2015\/06\/boton-ficha-tenica.png\" alt=\"boton-ficha-tenica\" src=\"data:image\/gif;base64,R0lGODlhAQABAAAAACH5BAEKAAEALAAAAAABAAEAAAICTAEAOw==\" style=\"--smush-placeholder-width: 129px; --smush-placeholder-aspect-ratio: 129\/53;\" \/><noscript><img loading=\"lazy\" decoding=\"async\" width=\"129\" height=\"53\" class=\"aligncenter size-full wp-image-154 centrar lazyload\" data-src=\"https:\/\/www.hispabano.es\/es\/wp-content\/uploads\/2015\/06\/boton-ficha-tenica.png\" alt=\"boton-ficha-tenica\" src=\"data:image\/gif;base64,R0lGODlhAQABAAAAACH5BAEKAAEALAAAAAABAAEAAAICTAEAOw==\" style=\"--smush-placeholder-width: 129px; --smush-placeholder-aspect-ratio: 129\/53;\" \/><noscript><img loading=\"lazy\" decoding=\"async\" width=\"129\" height=\"53\" class=\"aligncenter size-full wp-image-154 centrar\" src=\"https:\/\/www.hispabano.es\/es\/wp-content\/uploads\/2015\/06\/boton-ficha-tenica.png\" alt=\"boton-ficha-tenica\" \/><\/noscript><\/noscript><\/noscript><\/a><\/div>\n<div class=\"one_half last\"><a href=\"https:\/\/www.hispabano.es\/es\/catalogo\/decorados\/\" target=\"_blank\"><img loading=\"lazy\" decoding=\"async\" width=\"129\" height=\"53\" class=\"aligncenter size-full wp-image-155 centrar lazyload\" data-src=\"https:\/\/www.hispabano.es\/es\/wp-content\/uploads\/2015\/06\/boton-vidrios-decorados.png\" alt=\"boton-vidrios-decorados\" src=\"data:image\/gif;base64,R0lGODlhAQABAAAAACH5BAEKAAEALAAAAAABAAEAAAICTAEAOw==\" style=\"--smush-placeholder-width: 129px; --smush-placeholder-aspect-ratio: 129\/53;\" \/><noscript><img loading=\"lazy\" decoding=\"async\" width=\"129\" height=\"53\" class=\"aligncenter size-full wp-image-155 centrar lazyload\" data-src=\"https:\/\/www.hispabano.es\/es\/wp-content\/uploads\/2015\/06\/boton-vidrios-decorados.png\" alt=\"boton-vidrios-decorados\" src=\"data:image\/gif;base64,R0lGODlhAQABAAAAACH5BAEKAAEALAAAAAABAAEAAAICTAEAOw==\" style=\"--smush-placeholder-width: 129px; --smush-placeholder-aspect-ratio: 129\/53;\" \/><noscript><img loading=\"lazy\" decoding=\"async\" width=\"129\" height=\"53\" class=\"aligncenter size-full wp-image-155 centrar lazyload\" data-src=\"https:\/\/www.hispabano.es\/es\/wp-content\/uploads\/2015\/06\/boton-vidrios-decorados.png\" alt=\"boton-vidrios-decorados\" src=\"data:image\/gif;base64,R0lGODlhAQABAAAAACH5BAEKAAEALAAAAAABAAEAAAICTAEAOw==\" style=\"--smush-placeholder-width: 129px; --smush-placeholder-aspect-ratio: 129\/53;\" \/><noscript><img loading=\"lazy\" decoding=\"async\" width=\"129\" height=\"53\" class=\"aligncenter size-full wp-image-155 centrar\" src=\"https:\/\/www.hispabano.es\/es\/wp-content\/uploads\/2015\/06\/boton-vidrios-decorados.png\" alt=\"boton-vidrios-decorados\" \/><\/noscript><\/noscript><\/noscript><\/a><\/div>\n<div class=\"clear\"><\/div>\n<div class=\"margen-2\"><\/div>\n<h4>Modelo 5001 en blanco<\/h4>\n<div class=\"margen-1\"><\/div>\n<div class=\"one_half\"><a href=\"https:\/\/www.hispabano.es\/es\/wp-content\/uploads\/2015\/06\/Ficha-Grupo5000.jpg\" target=\"_blank\"><img loading=\"lazy\" decoding=\"async\" width=\"129\" height=\"53\" class=\"aligncenter size-full wp-image-154 centrar lazyload\" data-src=\"https:\/\/www.hispabano.es\/es\/wp-content\/uploads\/2015\/06\/boton-ficha-tenica.png\" alt=\"boton-ficha-tenica\" src=\"data:image\/gif;base64,R0lGODlhAQABAAAAACH5BAEKAAEALAAAAAABAAEAAAICTAEAOw==\" style=\"--smush-placeholder-width: 129px; --smush-placeholder-aspect-ratio: 129\/53;\" \/><noscript><img loading=\"lazy\" decoding=\"async\" width=\"129\" height=\"53\" class=\"aligncenter size-full wp-image-154 centrar lazyload\" data-src=\"https:\/\/www.hispabano.es\/es\/wp-content\/uploads\/2015\/06\/boton-ficha-tenica.png\" alt=\"boton-ficha-tenica\" src=\"data:image\/gif;base64,R0lGODlhAQABAAAAACH5BAEKAAEALAAAAAABAAEAAAICTAEAOw==\" style=\"--smush-placeholder-width: 129px; --smush-placeholder-aspect-ratio: 129\/53;\" \/><noscript><img loading=\"lazy\" decoding=\"async\" width=\"129\" height=\"53\" class=\"aligncenter size-full wp-image-154 centrar lazyload\" data-src=\"https:\/\/www.hispabano.es\/es\/wp-content\/uploads\/2015\/06\/boton-ficha-tenica.png\" alt=\"boton-ficha-tenica\" src=\"data:image\/gif;base64,R0lGODlhAQABAAAAACH5BAEKAAEALAAAAAABAAEAAAICTAEAOw==\" style=\"--smush-placeholder-width: 129px; --smush-placeholder-aspect-ratio: 129\/53;\" \/><noscript><img loading=\"lazy\" decoding=\"async\" width=\"129\" height=\"53\" class=\"aligncenter size-full wp-image-154 centrar\" src=\"https:\/\/www.hispabano.es\/es\/wp-content\/uploads\/2015\/06\/boton-ficha-tenica.png\" alt=\"boton-ficha-tenica\" \/><\/noscript><\/noscript><\/noscript><\/a><\/div>\n<div class=\"one_half last\"><a href=\"https:\/\/www.hispabano.es\/es\/catalogo\/decorados\/\" target=\"_blank\"><img loading=\"lazy\" decoding=\"async\" width=\"129\" height=\"53\" class=\"aligncenter size-full wp-image-155 centrar lazyload\" data-src=\"https:\/\/www.hispabano.es\/es\/wp-content\/uploads\/2015\/06\/boton-vidrios-decorados.png\" alt=\"boton-vidrios-decorados\" src=\"data:image\/gif;base64,R0lGODlhAQABAAAAACH5BAEKAAEALAAAAAABAAEAAAICTAEAOw==\" style=\"--smush-placeholder-width: 129px; --smush-placeholder-aspect-ratio: 129\/53;\" \/><noscript><img loading=\"lazy\" decoding=\"async\" width=\"129\" height=\"53\" class=\"aligncenter size-full wp-image-155 centrar lazyload\" data-src=\"https:\/\/www.hispabano.es\/es\/wp-content\/uploads\/2015\/06\/boton-vidrios-decorados.png\" alt=\"boton-vidrios-decorados\" src=\"data:image\/gif;base64,R0lGODlhAQABAAAAACH5BAEKAAEALAAAAAABAAEAAAICTAEAOw==\" style=\"--smush-placeholder-width: 129px; --smush-placeholder-aspect-ratio: 129\/53;\" \/><noscript><img loading=\"lazy\" decoding=\"async\" width=\"129\" height=\"53\" class=\"aligncenter size-full wp-image-155 centrar lazyload\" data-src=\"https:\/\/www.hispabano.es\/es\/wp-content\/uploads\/2015\/06\/boton-vidrios-decorados.png\" alt=\"boton-vidrios-decorados\" src=\"data:image\/gif;base64,R0lGODlhAQABAAAAACH5BAEKAAEALAAAAAABAAEAAAICTAEAOw==\" style=\"--smush-placeholder-width: 129px; --smush-placeholder-aspect-ratio: 129\/53;\" \/><noscript><img loading=\"lazy\" decoding=\"async\" width=\"129\" height=\"53\" class=\"aligncenter size-full wp-image-155 centrar\" src=\"https:\/\/www.hispabano.es\/es\/wp-content\/uploads\/2015\/06\/boton-vidrios-decorados.png\" alt=\"boton-vidrios-decorados\" \/><\/noscript><\/noscript><\/noscript><\/a><\/div>\n<div class=\"clear\"><\/div>\n<div class=\"margen-2\"><\/div>\n<h4>Modelo 5005 en blanco<\/h4>\n<div class=\"margen-1\"><\/div>\n<div class=\"one_half\"><a href=\"https:\/\/www.hispabano.es\/es\/wp-content\/uploads\/2015\/06\/Ficha-Grupo5000.jpg\" target=\"_blank\"><img loading=\"lazy\" decoding=\"async\" width=\"129\" height=\"53\" class=\"aligncenter size-full wp-image-154 centrar lazyload\" data-src=\"https:\/\/www.hispabano.es\/es\/wp-content\/uploads\/2015\/06\/boton-ficha-tenica.png\" alt=\"boton-ficha-tenica\" src=\"data:image\/gif;base64,R0lGODlhAQABAAAAACH5BAEKAAEALAAAAAABAAEAAAICTAEAOw==\" style=\"--smush-placeholder-width: 129px; --smush-placeholder-aspect-ratio: 129\/53;\" \/><noscript><img loading=\"lazy\" decoding=\"async\" width=\"129\" height=\"53\" class=\"aligncenter size-full wp-image-154 centrar lazyload\" data-src=\"https:\/\/www.hispabano.es\/es\/wp-content\/uploads\/2015\/06\/boton-ficha-tenica.png\" alt=\"boton-ficha-tenica\" src=\"data:image\/gif;base64,R0lGODlhAQABAAAAACH5BAEKAAEALAAAAAABAAEAAAICTAEAOw==\" style=\"--smush-placeholder-width: 129px; --smush-placeholder-aspect-ratio: 129\/53;\" \/><noscript><img loading=\"lazy\" decoding=\"async\" width=\"129\" height=\"53\" class=\"aligncenter size-full wp-image-154 centrar lazyload\" data-src=\"https:\/\/www.hispabano.es\/es\/wp-content\/uploads\/2015\/06\/boton-ficha-tenica.png\" alt=\"boton-ficha-tenica\" src=\"data:image\/gif;base64,R0lGODlhAQABAAAAACH5BAEKAAEALAAAAAABAAEAAAICTAEAOw==\" style=\"--smush-placeholder-width: 129px; --smush-placeholder-aspect-ratio: 129\/53;\" \/><noscript><img loading=\"lazy\" decoding=\"async\" width=\"129\" height=\"53\" class=\"aligncenter size-full wp-image-154 centrar\" src=\"https:\/\/www.hispabano.es\/es\/wp-content\/uploads\/2015\/06\/boton-ficha-tenica.png\" alt=\"boton-ficha-tenica\" \/><\/noscript><\/noscript><\/noscript><\/a><\/div>\n<div class=\"one_half last\"><a href=\"https:\/\/www.hispabano.es\/es\/catalogo\/decorados\/\" target=\"_blank\"><img loading=\"lazy\" decoding=\"async\" width=\"129\" height=\"53\" class=\"aligncenter size-full wp-image-155 centrar lazyload\" data-src=\"https:\/\/www.hispabano.es\/es\/wp-content\/uploads\/2015\/06\/boton-vidrios-decorados.png\" alt=\"boton-vidrios-decorados\" src=\"data:image\/gif;base64,R0lGODlhAQABAAAAACH5BAEKAAEALAAAAAABAAEAAAICTAEAOw==\" style=\"--smush-placeholder-width: 129px; --smush-placeholder-aspect-ratio: 129\/53;\" \/><noscript><img loading=\"lazy\" decoding=\"async\" width=\"129\" height=\"53\" class=\"aligncenter size-full wp-image-155 centrar lazyload\" data-src=\"https:\/\/www.hispabano.es\/es\/wp-content\/uploads\/2015\/06\/boton-vidrios-decorados.png\" alt=\"boton-vidrios-decorados\" src=\"data:image\/gif;base64,R0lGODlhAQABAAAAACH5BAEKAAEALAAAAAABAAEAAAICTAEAOw==\" style=\"--smush-placeholder-width: 129px; --smush-placeholder-aspect-ratio: 129\/53;\" \/><noscript><img loading=\"lazy\" decoding=\"async\" width=\"129\" height=\"53\" class=\"aligncenter size-full wp-image-155 centrar lazyload\" data-src=\"https:\/\/www.hispabano.es\/es\/wp-content\/uploads\/2015\/06\/boton-vidrios-decorados.png\" alt=\"boton-vidrios-decorados\" src=\"data:image\/gif;base64,R0lGODlhAQABAAAAACH5BAEKAAEALAAAAAABAAEAAAICTAEAOw==\" style=\"--smush-placeholder-width: 129px; --smush-placeholder-aspect-ratio: 129\/53;\" \/><noscript><img loading=\"lazy\" decoding=\"async\" width=\"129\" height=\"53\" class=\"aligncenter size-full wp-image-155 centrar\" src=\"https:\/\/www.hispabano.es\/es\/wp-content\/uploads\/2015\/06\/boton-vidrios-decorados.png\" alt=\"boton-vidrios-decorados\" \/><\/noscript><\/noscript><\/noscript><\/a><\/div>\n<div class=\"clear\"><\/div>\n","protected":false},"excerpt":{"rendered":"<p>Altura 185 cm. Decorados Premium, incrementar 30\u20ac por hoja sobre tarifa decorado est\u00e1ndar. Modelo 5001 en plata Modelo 5005 en plata Modelo 5001 en blanco Modelo 5005 en blanco<\/p>\n","protected":false},"featured_media":923,"template":"","meta":{"ngg_post_thumbnail":0},"product_cat":[53,23,30,20],"product_tag":[],"yoast_head":"<!-- This site is optimized with the Yoast SEO plugin v22.5 - https:\/\/yoast.com\/wordpress\/plugins\/seo\/ -->\n<title>Modelo 5001: Frontal ducha dos hojas, plegable - Plata - - Hispaba\u00f1o<\/title>\n<meta name=\"description\" content=\"Hispaba\u00f1o, Fabricantes de Mamparas de Ba\u00f1o y de Duchas. Modelo 5001: Frontal ducha dos hojas, plegable - Plata. Disponemos de una amplia gama de soluciones, dentro y fuera de nuestro cat\u00e1logo.\" \/>\n<meta name=\"robots\" content=\"index, follow, max-snippet:-1, max-image-preview:large, max-video-preview:-1\" \/>\n<link rel=\"canonical\" href=\"https:\/\/www.hispabano.es\/es\/producto\/modelo-5001-frontal-ducha-dos-hojas-plegable-plata\/\" \/>\n<meta property=\"og:locale\" content=\"es_ES\" \/>\n<meta property=\"og:type\" content=\"article\" \/>\n<meta property=\"og:title\" content=\"Modelo 5001: Frontal ducha dos hojas, plegable - Plata - - Hispaba\u00f1o\" \/>\n<meta property=\"og:description\" content=\"Hispaba\u00f1o, Fabricantes de Mamparas de Ba\u00f1o y de Duchas. Modelo 5001: Frontal ducha dos hojas, plegable - Plata. Disponemos de una amplia gama de soluciones, dentro y fuera de nuestro cat\u00e1logo.\" \/>\n<meta property=\"og:url\" content=\"https:\/\/www.hispabano.es\/es\/producto\/modelo-5001-frontal-ducha-dos-hojas-plegable-plata\/\" \/>\n<meta property=\"og:site_name\" content=\"Hispaba\u00f1o: Fabricante de Mamparas de Ba\u00f1o y de Duchas\" \/>\n<meta property=\"article:publisher\" content=\"https:\/\/es-es.facebook.com\/Hispabano\/\" \/>\n<meta property=\"article:modified_time\" content=\"2019-04-05T11:43:44+00:00\" \/>\n<meta property=\"og:image\" content=\"https:\/\/www.hispabano.es\/es\/wp-content\/uploads\/2015\/07\/5001Plata.jpg\" \/>\n\t<meta property=\"og:image:width\" content=\"1800\" \/>\n\t<meta property=\"og:image:height\" content=\"1368\" \/>\n\t<meta property=\"og:image:type\" content=\"image\/jpeg\" \/>\n<script type=\"application\/ld+json\" class=\"yoast-schema-graph\">{\"@context\":\"https:\/\/schema.org\",\"@graph\":[{\"@type\":\"WebPage\",\"@id\":\"https:\/\/www.hispabano.es\/es\/producto\/modelo-5001-frontal-ducha-dos-hojas-plegable-plata\/\",\"url\":\"https:\/\/www.hispabano.es\/es\/producto\/modelo-5001-frontal-ducha-dos-hojas-plegable-plata\/\",\"name\":\"Modelo 5001: Frontal ducha dos hojas, plegable - Plata - - Hispaba\u00f1o\",\"isPartOf\":{\"@id\":\"https:\/\/www.hispabano.es\/es\/#website\"},\"primaryImageOfPage\":{\"@id\":\"https:\/\/www.hispabano.es\/es\/producto\/modelo-5001-frontal-ducha-dos-hojas-plegable-plata\/#primaryimage\"},\"image\":{\"@id\":\"https:\/\/www.hispabano.es\/es\/producto\/modelo-5001-frontal-ducha-dos-hojas-plegable-plata\/#primaryimage\"},\"thumbnailUrl\":\"https:\/\/www.hispabano.es\/es\/wp-content\/uploads\/2015\/07\/5001Plata.jpg\",\"datePublished\":\"2015-07-29T13:33:38+00:00\",\"dateModified\":\"2019-04-05T11:43:44+00:00\",\"description\":\"Hispaba\u00f1o, Fabricantes de Mamparas de Ba\u00f1o y de Duchas. Modelo 5001: Frontal ducha dos hojas, plegable - Plata. Disponemos de una amplia gama de soluciones, dentro y fuera de nuestro cat\u00e1logo.\",\"breadcrumb\":{\"@id\":\"https:\/\/www.hispabano.es\/es\/producto\/modelo-5001-frontal-ducha-dos-hojas-plegable-plata\/#breadcrumb\"},\"inLanguage\":\"es\",\"potentialAction\":[{\"@type\":\"ReadAction\",\"target\":[\"https:\/\/www.hispabano.es\/es\/producto\/modelo-5001-frontal-ducha-dos-hojas-plegable-plata\/\"]}]},{\"@type\":\"ImageObject\",\"inLanguage\":\"es\",\"@id\":\"https:\/\/www.hispabano.es\/es\/producto\/modelo-5001-frontal-ducha-dos-hojas-plegable-plata\/#primaryimage\",\"url\":\"https:\/\/www.hispabano.es\/es\/wp-content\/uploads\/2015\/07\/5001Plata.jpg\",\"contentUrl\":\"https:\/\/www.hispabano.es\/es\/wp-content\/uploads\/2015\/07\/5001Plata.jpg\",\"width\":1800,\"height\":1368},{\"@type\":\"BreadcrumbList\",\"@id\":\"https:\/\/www.hispabano.es\/es\/producto\/modelo-5001-frontal-ducha-dos-hojas-plegable-plata\/#breadcrumb\",\"itemListElement\":[{\"@type\":\"ListItem\",\"position\":1,\"name\":\"Portada\",\"item\":\"https:\/\/www.hispabano.es\/es\/\"},{\"@type\":\"ListItem\",\"position\":2,\"name\":\"Productos\",\"item\":\"https:\/\/www.hispabano.es\/es\/shop\/\"},{\"@type\":\"ListItem\",\"position\":3,\"name\":\"Modelo 5001: Frontal ducha dos hojas, plegable &#8211; Plata\"}]},{\"@type\":\"WebSite\",\"@id\":\"https:\/\/www.hispabano.es\/es\/#website\",\"url\":\"https:\/\/www.hispabano.es\/es\/\",\"name\":\"Hispaba\u00f1o: Fabricante de Mamparas de Ba\u00f1o y de Duchas\",\"description\":\"Como fabricantes, y siguiendo las \u00faltimas tendencias, disponemos de una amplia gama de soluciones, dentro y fuera de nuestro cat\u00e1logo, para dar respuesta a ...\",\"publisher\":{\"@id\":\"https:\/\/www.hispabano.es\/es\/#organization\"},\"potentialAction\":[{\"@type\":\"SearchAction\",\"target\":{\"@type\":\"EntryPoint\",\"urlTemplate\":\"https:\/\/www.hispabano.es\/es\/?s={search_term_string}\"},\"query-input\":\"required name=search_term_string\"}],\"inLanguage\":\"es\"},{\"@type\":\"Organization\",\"@id\":\"https:\/\/www.hispabano.es\/es\/#organization\",\"name\":\"Hispaba\u00f1o: Fabricante de Mamparas de Ba\u00f1o y de Duchas\",\"url\":\"https:\/\/www.hispabano.es\/es\/\",\"logo\":{\"@type\":\"ImageObject\",\"inLanguage\":\"es\",\"@id\":\"https:\/\/www.hispabano.es\/es\/#\/schema\/logo\/image\/\",\"url\":\"https:\/\/www.hispabano.es\/es\/wp-content\/uploads\/2020\/11\/cropped-favicon.jpg\",\"contentUrl\":\"https:\/\/www.hispabano.es\/es\/wp-content\/uploads\/2020\/11\/cropped-favicon.jpg\",\"width\":512,\"height\":512,\"caption\":\"Hispaba\u00f1o: Fabricante de Mamparas de Ba\u00f1o y de Duchas\"},\"image\":{\"@id\":\"https:\/\/www.hispabano.es\/es\/#\/schema\/logo\/image\/\"},\"sameAs\":[\"https:\/\/es-es.facebook.com\/Hispabano\/\",\"https:\/\/www.youtube.com\/@hispabano9335\",\"https:\/\/www.linkedin.com\/company\/hispabao-sl\/mycompany\/\"]}]}<\/script>\n<!-- \/ Yoast SEO plugin. -->","yoast_head_json":{"title":"Modelo 5001: Frontal ducha dos hojas, plegable - Plata - - Hispaba\u00f1o","description":"Hispaba\u00f1o, Fabricantes de Mamparas de Ba\u00f1o y de Duchas. Modelo 5001: Frontal ducha dos hojas, plegable - Plata. Disponemos de una amplia gama de soluciones, dentro y fuera de nuestro cat\u00e1logo.","robots":{"index":"index","follow":"follow","max-snippet":"max-snippet:-1","max-image-preview":"max-image-preview:large","max-video-preview":"max-video-preview:-1"},"canonical":"https:\/\/www.hispabano.es\/es\/producto\/modelo-5001-frontal-ducha-dos-hojas-plegable-plata\/","og_locale":"es_ES","og_type":"article","og_title":"Modelo 5001: Frontal ducha dos hojas, plegable - Plata - - Hispaba\u00f1o","og_description":"Hispaba\u00f1o, Fabricantes de Mamparas de Ba\u00f1o y de Duchas. Modelo 5001: Frontal ducha dos hojas, plegable - Plata. Disponemos de una amplia gama de soluciones, dentro y fuera de nuestro cat\u00e1logo.","og_url":"https:\/\/www.hispabano.es\/es\/producto\/modelo-5001-frontal-ducha-dos-hojas-plegable-plata\/","og_site_name":"Hispaba\u00f1o: Fabricante de Mamparas de Ba\u00f1o y de Duchas","article_publisher":"https:\/\/es-es.facebook.com\/Hispabano\/","article_modified_time":"2019-04-05T11:43:44+00:00","og_image":[{"width":1800,"height":1368,"url":"https:\/\/www.hispabano.es\/es\/wp-content\/uploads\/2015\/07\/5001Plata.jpg","type":"image\/jpeg"}],"schema":{"@context":"https:\/\/schema.org","@graph":[{"@type":"WebPage","@id":"https:\/\/www.hispabano.es\/es\/producto\/modelo-5001-frontal-ducha-dos-hojas-plegable-plata\/","url":"https:\/\/www.hispabano.es\/es\/producto\/modelo-5001-frontal-ducha-dos-hojas-plegable-plata\/","name":"Modelo 5001: Frontal ducha dos hojas, plegable - Plata - - Hispaba\u00f1o","isPartOf":{"@id":"https:\/\/www.hispabano.es\/es\/#website"},"primaryImageOfPage":{"@id":"https:\/\/www.hispabano.es\/es\/producto\/modelo-5001-frontal-ducha-dos-hojas-plegable-plata\/#primaryimage"},"image":{"@id":"https:\/\/www.hispabano.es\/es\/producto\/modelo-5001-frontal-ducha-dos-hojas-plegable-plata\/#primaryimage"},"thumbnailUrl":"https:\/\/www.hispabano.es\/es\/wp-content\/uploads\/2015\/07\/5001Plata.jpg","datePublished":"2015-07-29T13:33:38+00:00","dateModified":"2019-04-05T11:43:44+00:00","description":"Hispaba\u00f1o, Fabricantes de Mamparas de Ba\u00f1o y de Duchas. Modelo 5001: Frontal ducha dos hojas, plegable - Plata. Disponemos de una amplia gama de soluciones, dentro y fuera de nuestro cat\u00e1logo.","breadcrumb":{"@id":"https:\/\/www.hispabano.es\/es\/producto\/modelo-5001-frontal-ducha-dos-hojas-plegable-plata\/#breadcrumb"},"inLanguage":"es","potentialAction":[{"@type":"ReadAction","target":["https:\/\/www.hispabano.es\/es\/producto\/modelo-5001-frontal-ducha-dos-hojas-plegable-plata\/"]}]},{"@type":"ImageObject","inLanguage":"es","@id":"https:\/\/www.hispabano.es\/es\/producto\/modelo-5001-frontal-ducha-dos-hojas-plegable-plata\/#primaryimage","url":"https:\/\/www.hispabano.es\/es\/wp-content\/uploads\/2015\/07\/5001Plata.jpg","contentUrl":"https:\/\/www.hispabano.es\/es\/wp-content\/uploads\/2015\/07\/5001Plata.jpg","width":1800,"height":1368},{"@type":"BreadcrumbList","@id":"https:\/\/www.hispabano.es\/es\/producto\/modelo-5001-frontal-ducha-dos-hojas-plegable-plata\/#breadcrumb","itemListElement":[{"@type":"ListItem","position":1,"name":"Portada","item":"https:\/\/www.hispabano.es\/es\/"},{"@type":"ListItem","position":2,"name":"Productos","item":"https:\/\/www.hispabano.es\/es\/shop\/"},{"@type":"ListItem","position":3,"name":"Modelo 5001: Frontal ducha dos hojas, plegable &#8211; Plata"}]},{"@type":"WebSite","@id":"https:\/\/www.hispabano.es\/es\/#website","url":"https:\/\/www.hispabano.es\/es\/","name":"Hispaba\u00f1o: Fabricante de Mamparas de Ba\u00f1o y de Duchas","description":"Como fabricantes, y siguiendo las \u00faltimas tendencias, disponemos de una amplia gama de soluciones, dentro y fuera de nuestro cat\u00e1logo, para dar respuesta a ...","publisher":{"@id":"https:\/\/www.hispabano.es\/es\/#organization"},"potentialAction":[{"@type":"SearchAction","target":{"@type":"EntryPoint","urlTemplate":"https:\/\/www.hispabano.es\/es\/?s={search_term_string}"},"query-input":"required name=search_term_string"}],"inLanguage":"es"},{"@type":"Organization","@id":"https:\/\/www.hispabano.es\/es\/#organization","name":"Hispaba\u00f1o: Fabricante de Mamparas de Ba\u00f1o y de Duchas","url":"https:\/\/www.hispabano.es\/es\/","logo":{"@type":"ImageObject","inLanguage":"es","@id":"https:\/\/www.hispabano.es\/es\/#\/schema\/logo\/image\/","url":"https:\/\/www.hispabano.es\/es\/wp-content\/uploads\/2020\/11\/cropped-favicon.jpg","contentUrl":"https:\/\/www.hispabano.es\/es\/wp-content\/uploads\/2020\/11\/cropped-favicon.jpg","width":512,"height":512,"caption":"Hispaba\u00f1o: Fabricante de Mamparas de Ba\u00f1o y de Duchas"},"image":{"@id":"https:\/\/www.hispabano.es\/es\/#\/schema\/logo\/image\/"},"sameAs":["https:\/\/es-es.facebook.com\/Hispabano\/","https:\/\/www.youtube.com\/@hispabano9335","https:\/\/www.linkedin.com\/company\/hispabao-sl\/mycompany\/"]}]}},"_links":{"self":[{"href":"https:\/\/www.hispabano.es\/es\/wp-json\/wp\/v2\/product\/487"}],"collection":[{"href":"https:\/\/www.hispabano.es\/es\/wp-json\/wp\/v2\/product"}],"about":[{"href":"https:\/\/www.hispabano.es\/es\/wp-json\/wp\/v2\/types\/product"}],"wp:featuredmedia":[{"embeddable":true,"href":"https:\/\/www.hispabano.es\/es\/wp-json\/wp\/v2\/media\/923"}],"wp:attachment":[{"href":"https:\/\/www.hispabano.es\/es\/wp-json\/wp\/v2\/media?parent=487"}],"wp:term":[{"taxonomy":"product_cat","embeddable":true,"href":"https:\/\/www.hispabano.es\/es\/wp-json\/wp\/v2\/product_cat?post=487"},{"taxonomy":"product_tag","embeddable":true,"href":"https:\/\/www.hispabano.es\/es\/wp-json\/wp\/v2\/product_tag?post=487"}],"curies":[{"name":"wp","href":"https:\/\/api.w.org\/{rel}","templated":true}]}}