{"id":273,"date":"2015-07-27T11:01:31","date_gmt":"2015-07-27T09:01:31","guid":{"rendered":"https:\/\/www.hispabano.es\/es\/?post_type=product&#038;p=273"},"modified":"2019-04-05T13:43:49","modified_gmt":"2019-04-05T11:43:49","slug":"modelo-951-frontal-bano-cuatro-hojas-dos-correderas-dos-fijas","status":"publish","type":"product","link":"https:\/\/www.hispabano.es\/es\/producto\/modelo-951-frontal-bano-cuatro-hojas-dos-correderas-dos-fijas\/","title":{"rendered":"Modelo 951: Frontal ba\u00f1o cuatro hojas, dos correderas + dos fijas"},"content":{"rendered":"<p>Altura 150 cm. Decorados Premium, incrementar 30\u20ac por hoja sobre la tarifa decorado est\u00e1ndar.<\/p>\n<div class=\"margen-2\"><\/div>\n<h4>Modelo 951 en blanco<\/h4>\n<div class=\"margen-1\"><\/div>\n<h4>Modelo 955 lateral fijo ducha<\/h4>\n<div class=\"margen-1\"><\/div>\n<div class=\"one_half\"><a href=\"https:\/\/www.hispabano.es\/es\/wp-content\/uploads\/2015\/06\/Ficha-Grupo900.jpg\" target=\"_blank\"><img loading=\"lazy\" decoding=\"async\" width=\"129\" height=\"53\" class=\"aligncenter size-full wp-image-154 centrar lazyload\" data-src=\"https:\/\/www.hispabano.es\/es\/wp-content\/uploads\/2015\/06\/boton-ficha-tenica.png\" alt=\"boton-ficha-tenica\" src=\"data:image\/gif;base64,R0lGODlhAQABAAAAACH5BAEKAAEALAAAAAABAAEAAAICTAEAOw==\" style=\"--smush-placeholder-width: 129px; --smush-placeholder-aspect-ratio: 129\/53;\" \/><noscript><img loading=\"lazy\" decoding=\"async\" width=\"129\" height=\"53\" class=\"aligncenter size-full wp-image-154 centrar lazyload\" data-src=\"https:\/\/www.hispabano.es\/es\/wp-content\/uploads\/2015\/06\/boton-ficha-tenica.png\" alt=\"boton-ficha-tenica\" src=\"data:image\/gif;base64,R0lGODlhAQABAAAAACH5BAEKAAEALAAAAAABAAEAAAICTAEAOw==\" style=\"--smush-placeholder-width: 129px; --smush-placeholder-aspect-ratio: 129\/53;\" \/><noscript><img loading=\"lazy\" decoding=\"async\" width=\"129\" height=\"53\" class=\"aligncenter size-full wp-image-154 centrar lazyload\" data-src=\"https:\/\/www.hispabano.es\/es\/wp-content\/uploads\/2015\/06\/boton-ficha-tenica.png\" alt=\"boton-ficha-tenica\" src=\"data:image\/gif;base64,R0lGODlhAQABAAAAACH5BAEKAAEALAAAAAABAAEAAAICTAEAOw==\" style=\"--smush-placeholder-width: 129px; --smush-placeholder-aspect-ratio: 129\/53;\" \/><noscript><img loading=\"lazy\" decoding=\"async\" width=\"129\" height=\"53\" class=\"aligncenter size-full wp-image-154 centrar\" src=\"https:\/\/www.hispabano.es\/es\/wp-content\/uploads\/2015\/06\/boton-ficha-tenica.png\" alt=\"boton-ficha-tenica\" \/><\/noscript><\/noscript><\/noscript><\/a><\/div>\n<div class=\"one_half last\"><a href=\"https:\/\/www.hispabano.es\/es\/catalogo\/decorados\/\" target=\"_blank\"><img loading=\"lazy\" decoding=\"async\" width=\"129\" height=\"53\" class=\"aligncenter size-full wp-image-155 centrar lazyload\" data-src=\"https:\/\/www.hispabano.es\/es\/wp-content\/uploads\/2015\/06\/boton-vidrios-decorados.png\" alt=\"boton-vidrios-decorados\" src=\"data:image\/gif;base64,R0lGODlhAQABAAAAACH5BAEKAAEALAAAAAABAAEAAAICTAEAOw==\" style=\"--smush-placeholder-width: 129px; --smush-placeholder-aspect-ratio: 129\/53;\" \/><noscript><img loading=\"lazy\" decoding=\"async\" width=\"129\" height=\"53\" class=\"aligncenter size-full wp-image-155 centrar lazyload\" data-src=\"https:\/\/www.hispabano.es\/es\/wp-content\/uploads\/2015\/06\/boton-vidrios-decorados.png\" alt=\"boton-vidrios-decorados\" src=\"data:image\/gif;base64,R0lGODlhAQABAAAAACH5BAEKAAEALAAAAAABAAEAAAICTAEAOw==\" style=\"--smush-placeholder-width: 129px; --smush-placeholder-aspect-ratio: 129\/53;\" \/><noscript><img loading=\"lazy\" decoding=\"async\" width=\"129\" height=\"53\" class=\"aligncenter size-full wp-image-155 centrar lazyload\" data-src=\"https:\/\/www.hispabano.es\/es\/wp-content\/uploads\/2015\/06\/boton-vidrios-decorados.png\" alt=\"boton-vidrios-decorados\" src=\"data:image\/gif;base64,R0lGODlhAQABAAAAACH5BAEKAAEALAAAAAABAAEAAAICTAEAOw==\" style=\"--smush-placeholder-width: 129px; --smush-placeholder-aspect-ratio: 129\/53;\" \/><noscript><img loading=\"lazy\" decoding=\"async\" width=\"129\" height=\"53\" class=\"aligncenter size-full wp-image-155 centrar\" src=\"https:\/\/www.hispabano.es\/es\/wp-content\/uploads\/2015\/06\/boton-vidrios-decorados.png\" alt=\"boton-vidrios-decorados\" \/><\/noscript><\/noscript><\/noscript><\/a><\/div>\n<div class=\"clear\"><\/div>\n<div class=\"margen-2\"><\/div>\n<h4>Modelo 951 en plata<\/h4>\n<div class=\"margen-1\"><\/div>\n<h4>Modelo 955 lateral fijo ducha<\/h4>\n<div class=\"margen-1\"><\/div>\n<div class=\"one_half\"><a href=\"https:\/\/www.hispabano.es\/es\/wp-content\/uploads\/2015\/06\/Ficha-Grupo900.jpg\" target=\"_blank\"><img loading=\"lazy\" decoding=\"async\" width=\"129\" height=\"53\" class=\"aligncenter size-full wp-image-154 centrar lazyload\" data-src=\"https:\/\/www.hispabano.es\/es\/wp-content\/uploads\/2015\/06\/boton-ficha-tenica.png\" alt=\"boton-ficha-tenica\" src=\"data:image\/gif;base64,R0lGODlhAQABAAAAACH5BAEKAAEALAAAAAABAAEAAAICTAEAOw==\" style=\"--smush-placeholder-width: 129px; --smush-placeholder-aspect-ratio: 129\/53;\" \/><noscript><img loading=\"lazy\" decoding=\"async\" width=\"129\" height=\"53\" class=\"aligncenter size-full wp-image-154 centrar lazyload\" data-src=\"https:\/\/www.hispabano.es\/es\/wp-content\/uploads\/2015\/06\/boton-ficha-tenica.png\" alt=\"boton-ficha-tenica\" src=\"data:image\/gif;base64,R0lGODlhAQABAAAAACH5BAEKAAEALAAAAAABAAEAAAICTAEAOw==\" style=\"--smush-placeholder-width: 129px; --smush-placeholder-aspect-ratio: 129\/53;\" \/><noscript><img loading=\"lazy\" decoding=\"async\" width=\"129\" height=\"53\" class=\"aligncenter size-full wp-image-154 centrar lazyload\" data-src=\"https:\/\/www.hispabano.es\/es\/wp-content\/uploads\/2015\/06\/boton-ficha-tenica.png\" alt=\"boton-ficha-tenica\" src=\"data:image\/gif;base64,R0lGODlhAQABAAAAACH5BAEKAAEALAAAAAABAAEAAAICTAEAOw==\" style=\"--smush-placeholder-width: 129px; --smush-placeholder-aspect-ratio: 129\/53;\" \/><noscript><img loading=\"lazy\" decoding=\"async\" width=\"129\" height=\"53\" class=\"aligncenter size-full wp-image-154 centrar\" src=\"https:\/\/www.hispabano.es\/es\/wp-content\/uploads\/2015\/06\/boton-ficha-tenica.png\" alt=\"boton-ficha-tenica\" \/><\/noscript><\/noscript><\/noscript><\/a><\/div>\n<div class=\"one_half last\"><a href=\"https:\/\/www.hispabano.es\/es\/catalogo\/decorados\/\" target=\"_blank\"><img loading=\"lazy\" decoding=\"async\" width=\"129\" height=\"53\" class=\"aligncenter size-full wp-image-155 centrar lazyload\" data-src=\"https:\/\/www.hispabano.es\/es\/wp-content\/uploads\/2015\/06\/boton-vidrios-decorados.png\" alt=\"boton-vidrios-decorados\" src=\"data:image\/gif;base64,R0lGODlhAQABAAAAACH5BAEKAAEALAAAAAABAAEAAAICTAEAOw==\" style=\"--smush-placeholder-width: 129px; --smush-placeholder-aspect-ratio: 129\/53;\" \/><noscript><img loading=\"lazy\" decoding=\"async\" width=\"129\" height=\"53\" class=\"aligncenter size-full wp-image-155 centrar lazyload\" data-src=\"https:\/\/www.hispabano.es\/es\/wp-content\/uploads\/2015\/06\/boton-vidrios-decorados.png\" alt=\"boton-vidrios-decorados\" src=\"data:image\/gif;base64,R0lGODlhAQABAAAAACH5BAEKAAEALAAAAAABAAEAAAICTAEAOw==\" style=\"--smush-placeholder-width: 129px; --smush-placeholder-aspect-ratio: 129\/53;\" \/><noscript><img loading=\"lazy\" decoding=\"async\" width=\"129\" height=\"53\" class=\"aligncenter size-full wp-image-155 centrar lazyload\" data-src=\"https:\/\/www.hispabano.es\/es\/wp-content\/uploads\/2015\/06\/boton-vidrios-decorados.png\" alt=\"boton-vidrios-decorados\" src=\"data:image\/gif;base64,R0lGODlhAQABAAAAACH5BAEKAAEALAAAAAABAAEAAAICTAEAOw==\" style=\"--smush-placeholder-width: 129px; --smush-placeholder-aspect-ratio: 129\/53;\" \/><noscript><img loading=\"lazy\" decoding=\"async\" width=\"129\" height=\"53\" class=\"aligncenter size-full wp-image-155 centrar\" src=\"https:\/\/www.hispabano.es\/es\/wp-content\/uploads\/2015\/06\/boton-vidrios-decorados.png\" alt=\"boton-vidrios-decorados\" \/><\/noscript><\/noscript><\/noscript><\/a><\/div>\n<div class=\"clear\"><\/div>\n<div class=\"margen-2\"><\/div>\n<h4>Modelo 951 en nogal<\/h4>\n<div class=\"margen-1\"><\/div>\n<h4>Modelo 955 lateral fijo ducha<\/h4>\n<div class=\"margen-1\"><\/div>\n<div class=\"one_half\"><a href=\"https:\/\/www.hispabano.es\/es\/wp-content\/uploads\/2015\/06\/Ficha-Grupo900.jpg\" target=\"_blank\"><img loading=\"lazy\" decoding=\"async\" width=\"129\" height=\"53\" class=\"aligncenter size-full wp-image-154 centrar lazyload\" data-src=\"https:\/\/www.hispabano.es\/es\/wp-content\/uploads\/2015\/06\/boton-ficha-tenica.png\" alt=\"boton-ficha-tenica\" src=\"data:image\/gif;base64,R0lGODlhAQABAAAAACH5BAEKAAEALAAAAAABAAEAAAICTAEAOw==\" style=\"--smush-placeholder-width: 129px; --smush-placeholder-aspect-ratio: 129\/53;\" \/><noscript><img loading=\"lazy\" decoding=\"async\" width=\"129\" height=\"53\" class=\"aligncenter size-full wp-image-154 centrar lazyload\" data-src=\"https:\/\/www.hispabano.es\/es\/wp-content\/uploads\/2015\/06\/boton-ficha-tenica.png\" alt=\"boton-ficha-tenica\" src=\"data:image\/gif;base64,R0lGODlhAQABAAAAACH5BAEKAAEALAAAAAABAAEAAAICTAEAOw==\" style=\"--smush-placeholder-width: 129px; --smush-placeholder-aspect-ratio: 129\/53;\" \/><noscript><img loading=\"lazy\" decoding=\"async\" width=\"129\" height=\"53\" class=\"aligncenter size-full wp-image-154 centrar lazyload\" data-src=\"https:\/\/www.hispabano.es\/es\/wp-content\/uploads\/2015\/06\/boton-ficha-tenica.png\" alt=\"boton-ficha-tenica\" src=\"data:image\/gif;base64,R0lGODlhAQABAAAAACH5BAEKAAEALAAAAAABAAEAAAICTAEAOw==\" style=\"--smush-placeholder-width: 129px; --smush-placeholder-aspect-ratio: 129\/53;\" \/><noscript><img loading=\"lazy\" decoding=\"async\" width=\"129\" height=\"53\" class=\"aligncenter size-full wp-image-154 centrar\" src=\"https:\/\/www.hispabano.es\/es\/wp-content\/uploads\/2015\/06\/boton-ficha-tenica.png\" alt=\"boton-ficha-tenica\" \/><\/noscript><\/noscript><\/noscript><\/a><\/div>\n<div class=\"one_half last\"><a href=\"https:\/\/www.hispabano.es\/es\/catalogo\/decorados\/\" target=\"_blank\"><img loading=\"lazy\" decoding=\"async\" width=\"129\" height=\"53\" class=\"aligncenter size-full wp-image-155 centrar lazyload\" data-src=\"https:\/\/www.hispabano.es\/es\/wp-content\/uploads\/2015\/06\/boton-vidrios-decorados.png\" alt=\"boton-vidrios-decorados\" src=\"data:image\/gif;base64,R0lGODlhAQABAAAAACH5BAEKAAEALAAAAAABAAEAAAICTAEAOw==\" style=\"--smush-placeholder-width: 129px; --smush-placeholder-aspect-ratio: 129\/53;\" \/><noscript><img loading=\"lazy\" decoding=\"async\" width=\"129\" height=\"53\" class=\"aligncenter size-full wp-image-155 centrar lazyload\" data-src=\"https:\/\/www.hispabano.es\/es\/wp-content\/uploads\/2015\/06\/boton-vidrios-decorados.png\" alt=\"boton-vidrios-decorados\" src=\"data:image\/gif;base64,R0lGODlhAQABAAAAACH5BAEKAAEALAAAAAABAAEAAAICTAEAOw==\" style=\"--smush-placeholder-width: 129px; --smush-placeholder-aspect-ratio: 129\/53;\" \/><noscript><img loading=\"lazy\" decoding=\"async\" width=\"129\" height=\"53\" class=\"aligncenter size-full wp-image-155 centrar lazyload\" data-src=\"https:\/\/www.hispabano.es\/es\/wp-content\/uploads\/2015\/06\/boton-vidrios-decorados.png\" alt=\"boton-vidrios-decorados\" src=\"data:image\/gif;base64,R0lGODlhAQABAAAAACH5BAEKAAEALAAAAAABAAEAAAICTAEAOw==\" style=\"--smush-placeholder-width: 129px; --smush-placeholder-aspect-ratio: 129\/53;\" \/><noscript><img loading=\"lazy\" decoding=\"async\" width=\"129\" height=\"53\" class=\"aligncenter size-full wp-image-155 centrar\" src=\"https:\/\/www.hispabano.es\/es\/wp-content\/uploads\/2015\/06\/boton-vidrios-decorados.png\" alt=\"boton-vidrios-decorados\" \/><\/noscript><\/noscript><\/noscript><\/a><\/div>\n<div class=\"clear\"><\/div>\n","protected":false},"excerpt":{"rendered":"<p>Altura 150 cm. Decorados Premium, incrementar 30\u20ac por hoja sobre la tarifa decorado est\u00e1ndar. Modelo 951 en blanco Modelo 955 lateral fijo ducha Modelo 951 en plata Modelo 955 lateral fijo ducha Modelo 951 en nogal Modelo 955 lateral fijo ducha<\/p>\n","protected":false},"featured_media":274,"template":"","meta":{"ngg_post_thumbnail":0},"product_cat":[47,22,28,15],"product_tag":[],"yoast_head":"<!-- This site is optimized with the Yoast SEO plugin v22.5 - https:\/\/yoast.com\/wordpress\/plugins\/seo\/ -->\n<title>Modelo 951: Frontal ba\u00f1o cuatro hojas, dos correderas + dos fijas - - Hispaba\u00f1o<\/title>\n<meta name=\"description\" content=\"Hispaba\u00f1o, Fabricantes de Mamparas de Ba\u00f1o y de Duchas. Modelo 951: Frontal ba\u00f1o cuatro hojas, dos correderas + dos fijas. Disponemos de una amplia gama de soluciones, dentro y fuera de nuestro cat\u00e1logo.\" \/>\n<meta name=\"robots\" content=\"index, follow, max-snippet:-1, max-image-preview:large, max-video-preview:-1\" \/>\n<link rel=\"canonical\" href=\"https:\/\/www.hispabano.es\/es\/producto\/modelo-951-frontal-bano-cuatro-hojas-dos-correderas-dos-fijas\/\" \/>\n<meta property=\"og:locale\" content=\"es_ES\" \/>\n<meta property=\"og:type\" content=\"article\" \/>\n<meta property=\"og:title\" content=\"Modelo 951: Frontal ba\u00f1o cuatro hojas, dos correderas + dos fijas - - Hispaba\u00f1o\" \/>\n<meta property=\"og:description\" content=\"Hispaba\u00f1o, Fabricantes de Mamparas de Ba\u00f1o y de Duchas. Modelo 951: Frontal ba\u00f1o cuatro hojas, dos correderas + dos fijas. Disponemos de una amplia gama de soluciones, dentro y fuera de nuestro cat\u00e1logo.\" \/>\n<meta property=\"og:url\" content=\"https:\/\/www.hispabano.es\/es\/producto\/modelo-951-frontal-bano-cuatro-hojas-dos-correderas-dos-fijas\/\" \/>\n<meta property=\"og:site_name\" content=\"Hispaba\u00f1o: Fabricante de Mamparas de Ba\u00f1o y de Duchas\" \/>\n<meta property=\"article:publisher\" content=\"https:\/\/es-es.facebook.com\/Hispabano\/\" \/>\n<meta property=\"article:modified_time\" content=\"2019-04-05T11:43:49+00:00\" \/>\n<meta property=\"og:image\" content=\"https:\/\/www.hispabano.es\/es\/wp-content\/uploads\/2015\/07\/951b.jpg\" \/>\n\t<meta property=\"og:image:width\" content=\"1890\" \/>\n\t<meta property=\"og:image:height\" content=\"1183\" \/>\n\t<meta property=\"og:image:type\" content=\"image\/jpeg\" \/>\n<script type=\"application\/ld+json\" class=\"yoast-schema-graph\">{\"@context\":\"https:\/\/schema.org\",\"@graph\":[{\"@type\":\"WebPage\",\"@id\":\"https:\/\/www.hispabano.es\/es\/producto\/modelo-951-frontal-bano-cuatro-hojas-dos-correderas-dos-fijas\/\",\"url\":\"https:\/\/www.hispabano.es\/es\/producto\/modelo-951-frontal-bano-cuatro-hojas-dos-correderas-dos-fijas\/\",\"name\":\"Modelo 951: Frontal ba\u00f1o cuatro hojas, dos correderas + dos fijas - - Hispaba\u00f1o\",\"isPartOf\":{\"@id\":\"https:\/\/www.hispabano.es\/es\/#website\"},\"primaryImageOfPage\":{\"@id\":\"https:\/\/www.hispabano.es\/es\/producto\/modelo-951-frontal-bano-cuatro-hojas-dos-correderas-dos-fijas\/#primaryimage\"},\"image\":{\"@id\":\"https:\/\/www.hispabano.es\/es\/producto\/modelo-951-frontal-bano-cuatro-hojas-dos-correderas-dos-fijas\/#primaryimage\"},\"thumbnailUrl\":\"https:\/\/www.hispabano.es\/es\/wp-content\/uploads\/2015\/07\/951b.jpg\",\"datePublished\":\"2015-07-27T09:01:31+00:00\",\"dateModified\":\"2019-04-05T11:43:49+00:00\",\"description\":\"Hispaba\u00f1o, Fabricantes de Mamparas de Ba\u00f1o y de Duchas. Modelo 951: Frontal ba\u00f1o cuatro hojas, dos correderas + dos fijas. Disponemos de una amplia gama de soluciones, dentro y fuera de nuestro cat\u00e1logo.\",\"breadcrumb\":{\"@id\":\"https:\/\/www.hispabano.es\/es\/producto\/modelo-951-frontal-bano-cuatro-hojas-dos-correderas-dos-fijas\/#breadcrumb\"},\"inLanguage\":\"es\",\"potentialAction\":[{\"@type\":\"ReadAction\",\"target\":[\"https:\/\/www.hispabano.es\/es\/producto\/modelo-951-frontal-bano-cuatro-hojas-dos-correderas-dos-fijas\/\"]}]},{\"@type\":\"ImageObject\",\"inLanguage\":\"es\",\"@id\":\"https:\/\/www.hispabano.es\/es\/producto\/modelo-951-frontal-bano-cuatro-hojas-dos-correderas-dos-fijas\/#primaryimage\",\"url\":\"https:\/\/www.hispabano.es\/es\/wp-content\/uploads\/2015\/07\/951b.jpg\",\"contentUrl\":\"https:\/\/www.hispabano.es\/es\/wp-content\/uploads\/2015\/07\/951b.jpg\",\"width\":1890,\"height\":1183},{\"@type\":\"BreadcrumbList\",\"@id\":\"https:\/\/www.hispabano.es\/es\/producto\/modelo-951-frontal-bano-cuatro-hojas-dos-correderas-dos-fijas\/#breadcrumb\",\"itemListElement\":[{\"@type\":\"ListItem\",\"position\":1,\"name\":\"Portada\",\"item\":\"https:\/\/www.hispabano.es\/es\/\"},{\"@type\":\"ListItem\",\"position\":2,\"name\":\"Productos\",\"item\":\"https:\/\/www.hispabano.es\/es\/shop\/\"},{\"@type\":\"ListItem\",\"position\":3,\"name\":\"Modelo 951: Frontal ba\u00f1o cuatro hojas, dos correderas + dos fijas\"}]},{\"@type\":\"WebSite\",\"@id\":\"https:\/\/www.hispabano.es\/es\/#website\",\"url\":\"https:\/\/www.hispabano.es\/es\/\",\"name\":\"Hispaba\u00f1o: Fabricante de Mamparas de Ba\u00f1o y de Duchas\",\"description\":\"Como fabricantes, y siguiendo las \u00faltimas tendencias, disponemos de una amplia gama de soluciones, dentro y fuera de nuestro cat\u00e1logo, para dar respuesta a ...\",\"publisher\":{\"@id\":\"https:\/\/www.hispabano.es\/es\/#organization\"},\"potentialAction\":[{\"@type\":\"SearchAction\",\"target\":{\"@type\":\"EntryPoint\",\"urlTemplate\":\"https:\/\/www.hispabano.es\/es\/?s={search_term_string}\"},\"query-input\":\"required name=search_term_string\"}],\"inLanguage\":\"es\"},{\"@type\":\"Organization\",\"@id\":\"https:\/\/www.hispabano.es\/es\/#organization\",\"name\":\"Hispaba\u00f1o: Fabricante de Mamparas de Ba\u00f1o y de Duchas\",\"url\":\"https:\/\/www.hispabano.es\/es\/\",\"logo\":{\"@type\":\"ImageObject\",\"inLanguage\":\"es\",\"@id\":\"https:\/\/www.hispabano.es\/es\/#\/schema\/logo\/image\/\",\"url\":\"https:\/\/www.hispabano.es\/es\/wp-content\/uploads\/2020\/11\/cropped-favicon.jpg\",\"contentUrl\":\"https:\/\/www.hispabano.es\/es\/wp-content\/uploads\/2020\/11\/cropped-favicon.jpg\",\"width\":512,\"height\":512,\"caption\":\"Hispaba\u00f1o: Fabricante de Mamparas de Ba\u00f1o y de Duchas\"},\"image\":{\"@id\":\"https:\/\/www.hispabano.es\/es\/#\/schema\/logo\/image\/\"},\"sameAs\":[\"https:\/\/es-es.facebook.com\/Hispabano\/\",\"https:\/\/www.youtube.com\/@hispabano9335\",\"https:\/\/www.linkedin.com\/company\/hispabao-sl\/mycompany\/\"]}]}<\/script>\n<!-- \/ Yoast SEO plugin. -->","yoast_head_json":{"title":"Modelo 951: Frontal ba\u00f1o cuatro hojas, dos correderas + dos fijas - - Hispaba\u00f1o","description":"Hispaba\u00f1o, Fabricantes de Mamparas de Ba\u00f1o y de Duchas. Modelo 951: Frontal ba\u00f1o cuatro hojas, dos correderas + dos fijas. Disponemos de una amplia gama de soluciones, dentro y fuera de nuestro cat\u00e1logo.","robots":{"index":"index","follow":"follow","max-snippet":"max-snippet:-1","max-image-preview":"max-image-preview:large","max-video-preview":"max-video-preview:-1"},"canonical":"https:\/\/www.hispabano.es\/es\/producto\/modelo-951-frontal-bano-cuatro-hojas-dos-correderas-dos-fijas\/","og_locale":"es_ES","og_type":"article","og_title":"Modelo 951: Frontal ba\u00f1o cuatro hojas, dos correderas + dos fijas - - Hispaba\u00f1o","og_description":"Hispaba\u00f1o, Fabricantes de Mamparas de Ba\u00f1o y de Duchas. Modelo 951: Frontal ba\u00f1o cuatro hojas, dos correderas + dos fijas. Disponemos de una amplia gama de soluciones, dentro y fuera de nuestro cat\u00e1logo.","og_url":"https:\/\/www.hispabano.es\/es\/producto\/modelo-951-frontal-bano-cuatro-hojas-dos-correderas-dos-fijas\/","og_site_name":"Hispaba\u00f1o: Fabricante de Mamparas de Ba\u00f1o y de Duchas","article_publisher":"https:\/\/es-es.facebook.com\/Hispabano\/","article_modified_time":"2019-04-05T11:43:49+00:00","og_image":[{"width":1890,"height":1183,"url":"https:\/\/www.hispabano.es\/es\/wp-content\/uploads\/2015\/07\/951b.jpg","type":"image\/jpeg"}],"schema":{"@context":"https:\/\/schema.org","@graph":[{"@type":"WebPage","@id":"https:\/\/www.hispabano.es\/es\/producto\/modelo-951-frontal-bano-cuatro-hojas-dos-correderas-dos-fijas\/","url":"https:\/\/www.hispabano.es\/es\/producto\/modelo-951-frontal-bano-cuatro-hojas-dos-correderas-dos-fijas\/","name":"Modelo 951: Frontal ba\u00f1o cuatro hojas, dos correderas + dos fijas - - Hispaba\u00f1o","isPartOf":{"@id":"https:\/\/www.hispabano.es\/es\/#website"},"primaryImageOfPage":{"@id":"https:\/\/www.hispabano.es\/es\/producto\/modelo-951-frontal-bano-cuatro-hojas-dos-correderas-dos-fijas\/#primaryimage"},"image":{"@id":"https:\/\/www.hispabano.es\/es\/producto\/modelo-951-frontal-bano-cuatro-hojas-dos-correderas-dos-fijas\/#primaryimage"},"thumbnailUrl":"https:\/\/www.hispabano.es\/es\/wp-content\/uploads\/2015\/07\/951b.jpg","datePublished":"2015-07-27T09:01:31+00:00","dateModified":"2019-04-05T11:43:49+00:00","description":"Hispaba\u00f1o, Fabricantes de Mamparas de Ba\u00f1o y de Duchas. Modelo 951: Frontal ba\u00f1o cuatro hojas, dos correderas + dos fijas. Disponemos de una amplia gama de soluciones, dentro y fuera de nuestro cat\u00e1logo.","breadcrumb":{"@id":"https:\/\/www.hispabano.es\/es\/producto\/modelo-951-frontal-bano-cuatro-hojas-dos-correderas-dos-fijas\/#breadcrumb"},"inLanguage":"es","potentialAction":[{"@type":"ReadAction","target":["https:\/\/www.hispabano.es\/es\/producto\/modelo-951-frontal-bano-cuatro-hojas-dos-correderas-dos-fijas\/"]}]},{"@type":"ImageObject","inLanguage":"es","@id":"https:\/\/www.hispabano.es\/es\/producto\/modelo-951-frontal-bano-cuatro-hojas-dos-correderas-dos-fijas\/#primaryimage","url":"https:\/\/www.hispabano.es\/es\/wp-content\/uploads\/2015\/07\/951b.jpg","contentUrl":"https:\/\/www.hispabano.es\/es\/wp-content\/uploads\/2015\/07\/951b.jpg","width":1890,"height":1183},{"@type":"BreadcrumbList","@id":"https:\/\/www.hispabano.es\/es\/producto\/modelo-951-frontal-bano-cuatro-hojas-dos-correderas-dos-fijas\/#breadcrumb","itemListElement":[{"@type":"ListItem","position":1,"name":"Portada","item":"https:\/\/www.hispabano.es\/es\/"},{"@type":"ListItem","position":2,"name":"Productos","item":"https:\/\/www.hispabano.es\/es\/shop\/"},{"@type":"ListItem","position":3,"name":"Modelo 951: Frontal ba\u00f1o cuatro hojas, dos correderas + dos fijas"}]},{"@type":"WebSite","@id":"https:\/\/www.hispabano.es\/es\/#website","url":"https:\/\/www.hispabano.es\/es\/","name":"Hispaba\u00f1o: Fabricante de Mamparas de Ba\u00f1o y de Duchas","description":"Como fabricantes, y siguiendo las \u00faltimas tendencias, disponemos de una amplia gama de soluciones, dentro y fuera de nuestro cat\u00e1logo, para dar respuesta a ...","publisher":{"@id":"https:\/\/www.hispabano.es\/es\/#organization"},"potentialAction":[{"@type":"SearchAction","target":{"@type":"EntryPoint","urlTemplate":"https:\/\/www.hispabano.es\/es\/?s={search_term_string}"},"query-input":"required name=search_term_string"}],"inLanguage":"es"},{"@type":"Organization","@id":"https:\/\/www.hispabano.es\/es\/#organization","name":"Hispaba\u00f1o: Fabricante de Mamparas de Ba\u00f1o y de Duchas","url":"https:\/\/www.hispabano.es\/es\/","logo":{"@type":"ImageObject","inLanguage":"es","@id":"https:\/\/www.hispabano.es\/es\/#\/schema\/logo\/image\/","url":"https:\/\/www.hispabano.es\/es\/wp-content\/uploads\/2020\/11\/cropped-favicon.jpg","contentUrl":"https:\/\/www.hispabano.es\/es\/wp-content\/uploads\/2020\/11\/cropped-favicon.jpg","width":512,"height":512,"caption":"Hispaba\u00f1o: Fabricante de Mamparas de Ba\u00f1o y de Duchas"},"image":{"@id":"https:\/\/www.hispabano.es\/es\/#\/schema\/logo\/image\/"},"sameAs":["https:\/\/es-es.facebook.com\/Hispabano\/","https:\/\/www.youtube.com\/@hispabano9335","https:\/\/www.linkedin.com\/company\/hispabao-sl\/mycompany\/"]}]}},"_links":{"self":[{"href":"https:\/\/www.hispabano.es\/es\/wp-json\/wp\/v2\/product\/273"}],"collection":[{"href":"https:\/\/www.hispabano.es\/es\/wp-json\/wp\/v2\/product"}],"about":[{"href":"https:\/\/www.hispabano.es\/es\/wp-json\/wp\/v2\/types\/product"}],"wp:featuredmedia":[{"embeddable":true,"href":"https:\/\/www.hispabano.es\/es\/wp-json\/wp\/v2\/media\/274"}],"wp:attachment":[{"href":"https:\/\/www.hispabano.es\/es\/wp-json\/wp\/v2\/media?parent=273"}],"wp:term":[{"taxonomy":"product_cat","embeddable":true,"href":"https:\/\/www.hispabano.es\/es\/wp-json\/wp\/v2\/product_cat?post=273"},{"taxonomy":"product_tag","embeddable":true,"href":"https:\/\/www.hispabano.es\/es\/wp-json\/wp\/v2\/product_tag?post=273"}],"curies":[{"name":"wp","href":"https:\/\/api.w.org\/{rel}","templated":true}]}}