{"id":1677,"date":"2021-05-26T20:52:06","date_gmt":"2021-05-26T18:52:06","guid":{"rendered":"https:\/\/www.hispabano.es\/es\/?post_type=product&#038;p=1677"},"modified":"2024-01-25T17:17:25","modified_gmt":"2024-01-25T16:17:25","slug":"modelo-8004-frontalducha4hojas","status":"publish","type":"product","link":"https:\/\/www.hispabano.es\/es\/producto\/modelo-8004-frontalducha4hojas\/","title":{"rendered":"Modelo 8004, Frontal Ducha 4 hojas + 2 Hojas Fijas + 2 Hojas Corredoras"},"content":{"rendered":"<p class=\"p4\">Frontal Ducha 4 hojas + 2 Hojas Fijas + 2 Hojas Corredoras<\/p>\n<p class=\"p6\">Caracter\u00edsticas T\u00e9cnicas<\/p>\n<p class=\"p7\">M\u00e1xima personalizaci\u00f3n, se puedes aplicar cualquiera de los 68 decorados disponibles en nuestro cat\u00e1logo<\/p>\n<p class=\"p7\">Altura ducha est\u00e1ndar 192 cm.<\/p>\n<p class=\"p7\">Facilite medidas sin descontar.<\/p>\n<p class=\"p7\">Vidrio templado de seguridad 8 mm.<\/p>\n<p class=\"p7\">Perfil Plata, Negro Mate.<\/p>\n<p class=\"p7\">Antical Incluido<\/p>\n<p class=\"p7\">Rodamientos inferiores, nuevo dise\u00f1o.<\/p>\n<p class=\"p7\">F\u00e1cil montaje<\/p>\n<p class=\"p7\">Fabricaci\u00f3n a medida<\/p>\n<p class=\"p7\">Disponibilidad con cierre lateral<\/p>\n<p><a href=\"https:\/\/www.hispabano.es\/es\/categoria-producto\/correderas\/grupo8000\/ducha-grupo8000\/\">Volver a Grupo 8000<\/a><\/p>\n","protected":false},"excerpt":{"rendered":"<p>Frontal Ducha 4 hojas + 2 Hojas Fijas + 2 Hojas Corredoras Caracter\u00edsticas T\u00e9cnicas M\u00e1xima personalizaci\u00f3n, se puedes aplicar cualquiera de los 68 decorados disponibles en nuestro cat\u00e1logo Altura ducha est\u00e1ndar 192 cm. Facilite medidas sin descontar. Vidrio templado de seguridad 8 mm. Perfil Plata, Negro Mate. Antical Incluido Rodamientos inferiores, nuevo dise\u00f1o. F\u00e1cil montaje [&hellip;]<\/p>\n","protected":false},"featured_media":1678,"template":"","meta":{"ngg_post_thumbnail":0},"product_cat":[145,144,28,23],"product_tag":[],"yoast_head":"<!-- This site is optimized with the Yoast SEO plugin v22.5 - https:\/\/yoast.com\/wordpress\/plugins\/seo\/ -->\n<title>Frontal Ducha 4 hojas + 2 Hojas Fijas + 2 Hojas Corredora<\/title>\n<meta name=\"description\" content=\"Modelo 8004, Frontal Ducha 4 hojas + 2 Hojas Fijas + 2 Hojas Corredora -Rodamiento en gu\u00eda inferior, Vidrio templado de seguridad 8 mm. Fabricaci\u00f3n a medida\" \/>\n<meta name=\"robots\" content=\"index, follow, max-snippet:-1, max-image-preview:large, max-video-preview:-1\" \/>\n<link rel=\"canonical\" href=\"https:\/\/www.hispabano.es\/es\/producto\/modelo-8004-frontalducha4hojas\/\" \/>\n<meta property=\"og:locale\" content=\"es_ES\" \/>\n<meta property=\"og:type\" content=\"article\" \/>\n<meta property=\"og:title\" content=\"Frontal Ducha 4 hojas + 2 Hojas Fijas + 2 Hojas Corredora\" \/>\n<meta property=\"og:description\" content=\"Modelo 8004, Frontal Ducha 4 hojas + 2 Hojas Fijas + 2 Hojas Corredora -Rodamiento en gu\u00eda inferior, Vidrio templado de seguridad 8 mm. Fabricaci\u00f3n a medida\" \/>\n<meta property=\"og:url\" content=\"https:\/\/www.hispabano.es\/es\/producto\/modelo-8004-frontalducha4hojas\/\" \/>\n<meta property=\"og:site_name\" content=\"Hispaba\u00f1o: Fabricante de Mamparas de Ba\u00f1o y de Duchas\" \/>\n<meta property=\"article:publisher\" content=\"https:\/\/es-es.facebook.com\/Hispabano\/\" \/>\n<meta property=\"article:modified_time\" content=\"2024-01-25T16:17:25+00:00\" \/>\n<meta property=\"og:image\" content=\"https:\/\/www.hispabano.es\/es\/wp-content\/uploads\/2021\/05\/mod8004.jpg\" \/>\n\t<meta property=\"og:image:width\" content=\"1280\" \/>\n\t<meta property=\"og:image:height\" content=\"906\" \/>\n\t<meta property=\"og:image:type\" content=\"image\/jpeg\" \/>\n<meta name=\"twitter:label1\" content=\"Tiempo de lectura\" \/>\n\t<meta name=\"twitter:data1\" content=\"1 minuto\" \/>\n<script type=\"application\/ld+json\" class=\"yoast-schema-graph\">{\"@context\":\"https:\/\/schema.org\",\"@graph\":[{\"@type\":\"WebPage\",\"@id\":\"https:\/\/www.hispabano.es\/es\/producto\/modelo-8004-frontalducha4hojas\/\",\"url\":\"https:\/\/www.hispabano.es\/es\/producto\/modelo-8004-frontalducha4hojas\/\",\"name\":\"Frontal Ducha 4 hojas + 2 Hojas Fijas + 2 Hojas Corredora\",\"isPartOf\":{\"@id\":\"https:\/\/www.hispabano.es\/es\/#website\"},\"primaryImageOfPage\":{\"@id\":\"https:\/\/www.hispabano.es\/es\/producto\/modelo-8004-frontalducha4hojas\/#primaryimage\"},\"image\":{\"@id\":\"https:\/\/www.hispabano.es\/es\/producto\/modelo-8004-frontalducha4hojas\/#primaryimage\"},\"thumbnailUrl\":\"https:\/\/www.hispabano.es\/es\/wp-content\/uploads\/2021\/05\/mod8004.jpg\",\"datePublished\":\"2021-05-26T18:52:06+00:00\",\"dateModified\":\"2024-01-25T16:17:25+00:00\",\"description\":\"Modelo 8004, Frontal Ducha 4 hojas + 2 Hojas Fijas + 2 Hojas Corredora -Rodamiento en gu\u00eda inferior, Vidrio templado de seguridad 8 mm. Fabricaci\u00f3n a medida\",\"breadcrumb\":{\"@id\":\"https:\/\/www.hispabano.es\/es\/producto\/modelo-8004-frontalducha4hojas\/#breadcrumb\"},\"inLanguage\":\"es\",\"potentialAction\":[{\"@type\":\"ReadAction\",\"target\":[\"https:\/\/www.hispabano.es\/es\/producto\/modelo-8004-frontalducha4hojas\/\"]}]},{\"@type\":\"ImageObject\",\"inLanguage\":\"es\",\"@id\":\"https:\/\/www.hispabano.es\/es\/producto\/modelo-8004-frontalducha4hojas\/#primaryimage\",\"url\":\"https:\/\/www.hispabano.es\/es\/wp-content\/uploads\/2021\/05\/mod8004.jpg\",\"contentUrl\":\"https:\/\/www.hispabano.es\/es\/wp-content\/uploads\/2021\/05\/mod8004.jpg\",\"width\":1280,\"height\":906,\"caption\":\"Modelo 8004, Frontal Ducha 4 hojas + 2 Hojas Fijas + 2 Hojas Corredora\"},{\"@type\":\"BreadcrumbList\",\"@id\":\"https:\/\/www.hispabano.es\/es\/producto\/modelo-8004-frontalducha4hojas\/#breadcrumb\",\"itemListElement\":[{\"@type\":\"ListItem\",\"position\":1,\"name\":\"Portada\",\"item\":\"https:\/\/www.hispabano.es\/es\/\"},{\"@type\":\"ListItem\",\"position\":2,\"name\":\"Productos\",\"item\":\"https:\/\/www.hispabano.es\/es\/shop\/\"},{\"@type\":\"ListItem\",\"position\":3,\"name\":\"Modelo 8004, Frontal Ducha 4 hojas + 2 Hojas Fijas + 2 Hojas Corredoras\"}]},{\"@type\":\"WebSite\",\"@id\":\"https:\/\/www.hispabano.es\/es\/#website\",\"url\":\"https:\/\/www.hispabano.es\/es\/\",\"name\":\"Hispaba\u00f1o: Fabricante de Mamparas de Ba\u00f1o y de Duchas\",\"description\":\"Como fabricantes, y siguiendo las \u00faltimas tendencias, disponemos de una amplia gama de soluciones, dentro y fuera de nuestro cat\u00e1logo, para dar respuesta a ...\",\"publisher\":{\"@id\":\"https:\/\/www.hispabano.es\/es\/#organization\"},\"potentialAction\":[{\"@type\":\"SearchAction\",\"target\":{\"@type\":\"EntryPoint\",\"urlTemplate\":\"https:\/\/www.hispabano.es\/es\/?s={search_term_string}\"},\"query-input\":\"required name=search_term_string\"}],\"inLanguage\":\"es\"},{\"@type\":\"Organization\",\"@id\":\"https:\/\/www.hispabano.es\/es\/#organization\",\"name\":\"Hispaba\u00f1o: Fabricante de Mamparas de Ba\u00f1o y de Duchas\",\"url\":\"https:\/\/www.hispabano.es\/es\/\",\"logo\":{\"@type\":\"ImageObject\",\"inLanguage\":\"es\",\"@id\":\"https:\/\/www.hispabano.es\/es\/#\/schema\/logo\/image\/\",\"url\":\"https:\/\/www.hispabano.es\/es\/wp-content\/uploads\/2020\/11\/cropped-favicon.jpg\",\"contentUrl\":\"https:\/\/www.hispabano.es\/es\/wp-content\/uploads\/2020\/11\/cropped-favicon.jpg\",\"width\":512,\"height\":512,\"caption\":\"Hispaba\u00f1o: Fabricante de Mamparas de Ba\u00f1o y de Duchas\"},\"image\":{\"@id\":\"https:\/\/www.hispabano.es\/es\/#\/schema\/logo\/image\/\"},\"sameAs\":[\"https:\/\/es-es.facebook.com\/Hispabano\/\",\"https:\/\/www.youtube.com\/@hispabano9335\",\"https:\/\/www.linkedin.com\/company\/hispabao-sl\/mycompany\/\"]}]}<\/script>\n<!-- \/ Yoast SEO plugin. -->","yoast_head_json":{"title":"Frontal Ducha 4 hojas + 2 Hojas Fijas + 2 Hojas Corredora","description":"Modelo 8004, Frontal Ducha 4 hojas + 2 Hojas Fijas + 2 Hojas Corredora -Rodamiento en gu\u00eda inferior, Vidrio templado de seguridad 8 mm. Fabricaci\u00f3n a medida","robots":{"index":"index","follow":"follow","max-snippet":"max-snippet:-1","max-image-preview":"max-image-preview:large","max-video-preview":"max-video-preview:-1"},"canonical":"https:\/\/www.hispabano.es\/es\/producto\/modelo-8004-frontalducha4hojas\/","og_locale":"es_ES","og_type":"article","og_title":"Frontal Ducha 4 hojas + 2 Hojas Fijas + 2 Hojas Corredora","og_description":"Modelo 8004, Frontal Ducha 4 hojas + 2 Hojas Fijas + 2 Hojas Corredora -Rodamiento en gu\u00eda inferior, Vidrio templado de seguridad 8 mm. Fabricaci\u00f3n a medida","og_url":"https:\/\/www.hispabano.es\/es\/producto\/modelo-8004-frontalducha4hojas\/","og_site_name":"Hispaba\u00f1o: Fabricante de Mamparas de Ba\u00f1o y de Duchas","article_publisher":"https:\/\/es-es.facebook.com\/Hispabano\/","article_modified_time":"2024-01-25T16:17:25+00:00","og_image":[{"width":1280,"height":906,"url":"https:\/\/www.hispabano.es\/es\/wp-content\/uploads\/2021\/05\/mod8004.jpg","type":"image\/jpeg"}],"twitter_misc":{"Tiempo de lectura":"1 minuto"},"schema":{"@context":"https:\/\/schema.org","@graph":[{"@type":"WebPage","@id":"https:\/\/www.hispabano.es\/es\/producto\/modelo-8004-frontalducha4hojas\/","url":"https:\/\/www.hispabano.es\/es\/producto\/modelo-8004-frontalducha4hojas\/","name":"Frontal Ducha 4 hojas + 2 Hojas Fijas + 2 Hojas Corredora","isPartOf":{"@id":"https:\/\/www.hispabano.es\/es\/#website"},"primaryImageOfPage":{"@id":"https:\/\/www.hispabano.es\/es\/producto\/modelo-8004-frontalducha4hojas\/#primaryimage"},"image":{"@id":"https:\/\/www.hispabano.es\/es\/producto\/modelo-8004-frontalducha4hojas\/#primaryimage"},"thumbnailUrl":"https:\/\/www.hispabano.es\/es\/wp-content\/uploads\/2021\/05\/mod8004.jpg","datePublished":"2021-05-26T18:52:06+00:00","dateModified":"2024-01-25T16:17:25+00:00","description":"Modelo 8004, Frontal Ducha 4 hojas + 2 Hojas Fijas + 2 Hojas Corredora -Rodamiento en gu\u00eda inferior, Vidrio templado de seguridad 8 mm. Fabricaci\u00f3n a medida","breadcrumb":{"@id":"https:\/\/www.hispabano.es\/es\/producto\/modelo-8004-frontalducha4hojas\/#breadcrumb"},"inLanguage":"es","potentialAction":[{"@type":"ReadAction","target":["https:\/\/www.hispabano.es\/es\/producto\/modelo-8004-frontalducha4hojas\/"]}]},{"@type":"ImageObject","inLanguage":"es","@id":"https:\/\/www.hispabano.es\/es\/producto\/modelo-8004-frontalducha4hojas\/#primaryimage","url":"https:\/\/www.hispabano.es\/es\/wp-content\/uploads\/2021\/05\/mod8004.jpg","contentUrl":"https:\/\/www.hispabano.es\/es\/wp-content\/uploads\/2021\/05\/mod8004.jpg","width":1280,"height":906,"caption":"Modelo 8004, Frontal Ducha 4 hojas + 2 Hojas Fijas + 2 Hojas Corredora"},{"@type":"BreadcrumbList","@id":"https:\/\/www.hispabano.es\/es\/producto\/modelo-8004-frontalducha4hojas\/#breadcrumb","itemListElement":[{"@type":"ListItem","position":1,"name":"Portada","item":"https:\/\/www.hispabano.es\/es\/"},{"@type":"ListItem","position":2,"name":"Productos","item":"https:\/\/www.hispabano.es\/es\/shop\/"},{"@type":"ListItem","position":3,"name":"Modelo 8004, Frontal Ducha 4 hojas + 2 Hojas Fijas + 2 Hojas Corredoras"}]},{"@type":"WebSite","@id":"https:\/\/www.hispabano.es\/es\/#website","url":"https:\/\/www.hispabano.es\/es\/","name":"Hispaba\u00f1o: Fabricante de Mamparas de Ba\u00f1o y de Duchas","description":"Como fabricantes, y siguiendo las \u00faltimas tendencias, disponemos de una amplia gama de soluciones, dentro y fuera de nuestro cat\u00e1logo, para dar respuesta a ...","publisher":{"@id":"https:\/\/www.hispabano.es\/es\/#organization"},"potentialAction":[{"@type":"SearchAction","target":{"@type":"EntryPoint","urlTemplate":"https:\/\/www.hispabano.es\/es\/?s={search_term_string}"},"query-input":"required name=search_term_string"}],"inLanguage":"es"},{"@type":"Organization","@id":"https:\/\/www.hispabano.es\/es\/#organization","name":"Hispaba\u00f1o: Fabricante de Mamparas de Ba\u00f1o y de Duchas","url":"https:\/\/www.hispabano.es\/es\/","logo":{"@type":"ImageObject","inLanguage":"es","@id":"https:\/\/www.hispabano.es\/es\/#\/schema\/logo\/image\/","url":"https:\/\/www.hispabano.es\/es\/wp-content\/uploads\/2020\/11\/cropped-favicon.jpg","contentUrl":"https:\/\/www.hispabano.es\/es\/wp-content\/uploads\/2020\/11\/cropped-favicon.jpg","width":512,"height":512,"caption":"Hispaba\u00f1o: Fabricante de Mamparas de Ba\u00f1o y de Duchas"},"image":{"@id":"https:\/\/www.hispabano.es\/es\/#\/schema\/logo\/image\/"},"sameAs":["https:\/\/es-es.facebook.com\/Hispabano\/","https:\/\/www.youtube.com\/@hispabano9335","https:\/\/www.linkedin.com\/company\/hispabao-sl\/mycompany\/"]}]}},"_links":{"self":[{"href":"https:\/\/www.hispabano.es\/es\/wp-json\/wp\/v2\/product\/1677"}],"collection":[{"href":"https:\/\/www.hispabano.es\/es\/wp-json\/wp\/v2\/product"}],"about":[{"href":"https:\/\/www.hispabano.es\/es\/wp-json\/wp\/v2\/types\/product"}],"wp:featuredmedia":[{"embeddable":true,"href":"https:\/\/www.hispabano.es\/es\/wp-json\/wp\/v2\/media\/1678"}],"wp:attachment":[{"href":"https:\/\/www.hispabano.es\/es\/wp-json\/wp\/v2\/media?parent=1677"}],"wp:term":[{"taxonomy":"product_cat","embeddable":true,"href":"https:\/\/www.hispabano.es\/es\/wp-json\/wp\/v2\/product_cat?post=1677"},{"taxonomy":"product_tag","embeddable":true,"href":"https:\/\/www.hispabano.es\/es\/wp-json\/wp\/v2\/product_tag?post=1677"}],"curies":[{"name":"wp","href":"https:\/\/api.w.org\/{rel}","templated":true}]}}