{"id":1668,"date":"2021-05-26T18:54:56","date_gmt":"2021-05-26T16:54:56","guid":{"rendered":"https:\/\/www.hispabano.es\/es\/?post_type=product&#038;p=1668"},"modified":"2024-01-25T17:50:19","modified_gmt":"2024-01-25T16:50:19","slug":"modelo-new400-frontal-2-hojas","status":"publish","type":"product","link":"https:\/\/www.hispabano.es\/es\/producto\/modelo-new400-frontal-2-hojas\/","title":{"rendered":"Modelo New402, frontal 2 hojas"},"content":{"rendered":"<p class=\"p4\">Frontales Correderas 2 hojas<\/p>\n<p class=\"p6\">Caracter\u00edsticas T\u00e9cnicas<\/p>\n<p class=\"p7\">Perfiler\u00eda disponible en colores blanco y plata brillo.<\/p>\n<p class=\"p7\">M\u00e1xima personalizaci\u00f3n, se puedes aplicar cualquiera de los 68 decorados disponibles en nuestro cat\u00e1logo.<\/p>\n<p class=\"p7\">Producto fabricado a medida en Espa\u00f1a.<\/p>\n<p class=\"p7\">Mampara con sistema corredera para dos hojas.<\/p>\n<p class=\"p7\">Altura est\u00e1ndar en ducha 192 cm.<\/p>\n<p class=\"p7\">Altura est\u00e1ndar en ba\u00f1o 150 cm, incremento +5%.<\/p>\n<p class=\"p7\">Disponible con y sin gu\u00eda inferior.<\/p>\n<p class=\"p7\">Perfiles de compensaci\u00f3n laterales.<\/p>\n<p class=\"p7\">Vidrios templados de seguridad de 6 mm.<\/p>\n<p><a href=\"https:\/\/www.hispabano.es\/es\/producto\/modelo-new400-frontal-3-hojas\/\">Volver a Grupo New 400<\/a><\/p>\n","protected":false},"excerpt":{"rendered":"<p>Frontales Correderas 2 hojas Caracter\u00edsticas T\u00e9cnicas Perfiler\u00eda disponible en colores blanco y plata brillo. M\u00e1xima personalizaci\u00f3n, se puedes aplicar cualquiera de los 68 decorados disponibles en nuestro cat\u00e1logo. Producto fabricado a medida en Espa\u00f1a. Mampara con sistema corredera para dos hojas. Altura est\u00e1ndar en ducha 192 cm. Altura est\u00e1ndar en ba\u00f1o 150 cm, incremento +5%. [&hellip;]<\/p>\n","protected":false},"featured_media":1666,"template":"","meta":{"ngg_post_thumbnail":0},"product_cat":[141,143,140,23],"product_tag":[],"yoast_head":"<!-- This site is optimized with the Yoast SEO plugin v22.5 - https:\/\/yoast.com\/wordpress\/plugins\/seo\/ -->\n<title>Frontal Ducha 2 hojas Correderas Grupo 400<\/title>\n<meta name=\"description\" content=\"Modelo New 402, Frontal 2 hojas Correderas- Vidrios templados de seguridad de 6 mm. - Disponible en altura de ba\u00f1o - Fabricaci\u00f3n a medida\" \/>\n<meta name=\"robots\" content=\"index, follow, max-snippet:-1, max-image-preview:large, max-video-preview:-1\" \/>\n<link rel=\"canonical\" href=\"https:\/\/www.hispabano.es\/es\/producto\/modelo-new400-frontal-2-hojas\/\" \/>\n<meta property=\"og:locale\" content=\"es_ES\" \/>\n<meta property=\"og:type\" content=\"article\" \/>\n<meta property=\"og:title\" content=\"Frontal Ducha 2 hojas Correderas Grupo 400\" \/>\n<meta property=\"og:description\" content=\"Modelo New 402, Frontal 2 hojas Correderas- Vidrios templados de seguridad de 6 mm. - Disponible en altura de ba\u00f1o - Fabricaci\u00f3n a medida\" \/>\n<meta property=\"og:url\" content=\"https:\/\/www.hispabano.es\/es\/producto\/modelo-new400-frontal-2-hojas\/\" \/>\n<meta property=\"og:site_name\" content=\"Hispaba\u00f1o: Fabricante de Mamparas de Ba\u00f1o y de Duchas\" \/>\n<meta property=\"article:publisher\" content=\"https:\/\/es-es.facebook.com\/Hispabano\/\" \/>\n<meta property=\"article:modified_time\" content=\"2024-01-25T16:50:19+00:00\" \/>\n<meta property=\"og:image\" content=\"https:\/\/www.hispabano.es\/es\/wp-content\/uploads\/2021\/05\/modnew402.jpg\" \/>\n\t<meta property=\"og:image:width\" content=\"1280\" \/>\n\t<meta property=\"og:image:height\" content=\"905\" \/>\n\t<meta property=\"og:image:type\" content=\"image\/jpeg\" \/>\n<meta name=\"twitter:label1\" content=\"Tiempo de lectura\" \/>\n\t<meta name=\"twitter:data1\" content=\"1 minuto\" \/>\n<script type=\"application\/ld+json\" class=\"yoast-schema-graph\">{\"@context\":\"https:\/\/schema.org\",\"@graph\":[{\"@type\":\"WebPage\",\"@id\":\"https:\/\/www.hispabano.es\/es\/producto\/modelo-new400-frontal-2-hojas\/\",\"url\":\"https:\/\/www.hispabano.es\/es\/producto\/modelo-new400-frontal-2-hojas\/\",\"name\":\"Frontal Ducha 2 hojas Correderas Grupo 400\",\"isPartOf\":{\"@id\":\"https:\/\/www.hispabano.es\/es\/#website\"},\"primaryImageOfPage\":{\"@id\":\"https:\/\/www.hispabano.es\/es\/producto\/modelo-new400-frontal-2-hojas\/#primaryimage\"},\"image\":{\"@id\":\"https:\/\/www.hispabano.es\/es\/producto\/modelo-new400-frontal-2-hojas\/#primaryimage\"},\"thumbnailUrl\":\"https:\/\/www.hispabano.es\/es\/wp-content\/uploads\/2021\/05\/modnew402.jpg\",\"datePublished\":\"2021-05-26T16:54:56+00:00\",\"dateModified\":\"2024-01-25T16:50:19+00:00\",\"description\":\"Modelo New 402, Frontal 2 hojas Correderas- Vidrios templados de seguridad de 6 mm. - Disponible en altura de ba\u00f1o - Fabricaci\u00f3n a medida\",\"breadcrumb\":{\"@id\":\"https:\/\/www.hispabano.es\/es\/producto\/modelo-new400-frontal-2-hojas\/#breadcrumb\"},\"inLanguage\":\"es\",\"potentialAction\":[{\"@type\":\"ReadAction\",\"target\":[\"https:\/\/www.hispabano.es\/es\/producto\/modelo-new400-frontal-2-hojas\/\"]}]},{\"@type\":\"ImageObject\",\"inLanguage\":\"es\",\"@id\":\"https:\/\/www.hispabano.es\/es\/producto\/modelo-new400-frontal-2-hojas\/#primaryimage\",\"url\":\"https:\/\/www.hispabano.es\/es\/wp-content\/uploads\/2021\/05\/modnew402.jpg\",\"contentUrl\":\"https:\/\/www.hispabano.es\/es\/wp-content\/uploads\/2021\/05\/modnew402.jpg\",\"width\":1280,\"height\":905,\"caption\":\"Modelo New 402, Frontal 2 hojas Correderas\"},{\"@type\":\"BreadcrumbList\",\"@id\":\"https:\/\/www.hispabano.es\/es\/producto\/modelo-new400-frontal-2-hojas\/#breadcrumb\",\"itemListElement\":[{\"@type\":\"ListItem\",\"position\":1,\"name\":\"Portada\",\"item\":\"https:\/\/www.hispabano.es\/es\/\"},{\"@type\":\"ListItem\",\"position\":2,\"name\":\"Productos\",\"item\":\"https:\/\/www.hispabano.es\/es\/shop\/\"},{\"@type\":\"ListItem\",\"position\":3,\"name\":\"Modelo New402, frontal 2 hojas\"}]},{\"@type\":\"WebSite\",\"@id\":\"https:\/\/www.hispabano.es\/es\/#website\",\"url\":\"https:\/\/www.hispabano.es\/es\/\",\"name\":\"Hispaba\u00f1o: Fabricante de Mamparas de Ba\u00f1o y de Duchas\",\"description\":\"Como fabricantes, y siguiendo las \u00faltimas tendencias, disponemos de una amplia gama de soluciones, dentro y fuera de nuestro cat\u00e1logo, para dar respuesta a ...\",\"publisher\":{\"@id\":\"https:\/\/www.hispabano.es\/es\/#organization\"},\"potentialAction\":[{\"@type\":\"SearchAction\",\"target\":{\"@type\":\"EntryPoint\",\"urlTemplate\":\"https:\/\/www.hispabano.es\/es\/?s={search_term_string}\"},\"query-input\":\"required name=search_term_string\"}],\"inLanguage\":\"es\"},{\"@type\":\"Organization\",\"@id\":\"https:\/\/www.hispabano.es\/es\/#organization\",\"name\":\"Hispaba\u00f1o: Fabricante de Mamparas de Ba\u00f1o y de Duchas\",\"url\":\"https:\/\/www.hispabano.es\/es\/\",\"logo\":{\"@type\":\"ImageObject\",\"inLanguage\":\"es\",\"@id\":\"https:\/\/www.hispabano.es\/es\/#\/schema\/logo\/image\/\",\"url\":\"https:\/\/www.hispabano.es\/es\/wp-content\/uploads\/2020\/11\/cropped-favicon.jpg\",\"contentUrl\":\"https:\/\/www.hispabano.es\/es\/wp-content\/uploads\/2020\/11\/cropped-favicon.jpg\",\"width\":512,\"height\":512,\"caption\":\"Hispaba\u00f1o: Fabricante de Mamparas de Ba\u00f1o y de Duchas\"},\"image\":{\"@id\":\"https:\/\/www.hispabano.es\/es\/#\/schema\/logo\/image\/\"},\"sameAs\":[\"https:\/\/es-es.facebook.com\/Hispabano\/\",\"https:\/\/www.youtube.com\/@hispabano9335\",\"https:\/\/www.linkedin.com\/company\/hispabao-sl\/mycompany\/\"]}]}<\/script>\n<!-- \/ Yoast SEO plugin. -->","yoast_head_json":{"title":"Frontal Ducha 2 hojas Correderas Grupo 400","description":"Modelo New 402, Frontal 2 hojas Correderas- Vidrios templados de seguridad de 6 mm. - Disponible en altura de ba\u00f1o - Fabricaci\u00f3n a medida","robots":{"index":"index","follow":"follow","max-snippet":"max-snippet:-1","max-image-preview":"max-image-preview:large","max-video-preview":"max-video-preview:-1"},"canonical":"https:\/\/www.hispabano.es\/es\/producto\/modelo-new400-frontal-2-hojas\/","og_locale":"es_ES","og_type":"article","og_title":"Frontal Ducha 2 hojas Correderas Grupo 400","og_description":"Modelo New 402, Frontal 2 hojas Correderas- Vidrios templados de seguridad de 6 mm. - Disponible en altura de ba\u00f1o - Fabricaci\u00f3n a medida","og_url":"https:\/\/www.hispabano.es\/es\/producto\/modelo-new400-frontal-2-hojas\/","og_site_name":"Hispaba\u00f1o: Fabricante de Mamparas de Ba\u00f1o y de Duchas","article_publisher":"https:\/\/es-es.facebook.com\/Hispabano\/","article_modified_time":"2024-01-25T16:50:19+00:00","og_image":[{"width":1280,"height":905,"url":"https:\/\/www.hispabano.es\/es\/wp-content\/uploads\/2021\/05\/modnew402.jpg","type":"image\/jpeg"}],"twitter_misc":{"Tiempo de lectura":"1 minuto"},"schema":{"@context":"https:\/\/schema.org","@graph":[{"@type":"WebPage","@id":"https:\/\/www.hispabano.es\/es\/producto\/modelo-new400-frontal-2-hojas\/","url":"https:\/\/www.hispabano.es\/es\/producto\/modelo-new400-frontal-2-hojas\/","name":"Frontal Ducha 2 hojas Correderas Grupo 400","isPartOf":{"@id":"https:\/\/www.hispabano.es\/es\/#website"},"primaryImageOfPage":{"@id":"https:\/\/www.hispabano.es\/es\/producto\/modelo-new400-frontal-2-hojas\/#primaryimage"},"image":{"@id":"https:\/\/www.hispabano.es\/es\/producto\/modelo-new400-frontal-2-hojas\/#primaryimage"},"thumbnailUrl":"https:\/\/www.hispabano.es\/es\/wp-content\/uploads\/2021\/05\/modnew402.jpg","datePublished":"2021-05-26T16:54:56+00:00","dateModified":"2024-01-25T16:50:19+00:00","description":"Modelo New 402, Frontal 2 hojas Correderas- Vidrios templados de seguridad de 6 mm. - Disponible en altura de ba\u00f1o - Fabricaci\u00f3n a medida","breadcrumb":{"@id":"https:\/\/www.hispabano.es\/es\/producto\/modelo-new400-frontal-2-hojas\/#breadcrumb"},"inLanguage":"es","potentialAction":[{"@type":"ReadAction","target":["https:\/\/www.hispabano.es\/es\/producto\/modelo-new400-frontal-2-hojas\/"]}]},{"@type":"ImageObject","inLanguage":"es","@id":"https:\/\/www.hispabano.es\/es\/producto\/modelo-new400-frontal-2-hojas\/#primaryimage","url":"https:\/\/www.hispabano.es\/es\/wp-content\/uploads\/2021\/05\/modnew402.jpg","contentUrl":"https:\/\/www.hispabano.es\/es\/wp-content\/uploads\/2021\/05\/modnew402.jpg","width":1280,"height":905,"caption":"Modelo New 402, Frontal 2 hojas Correderas"},{"@type":"BreadcrumbList","@id":"https:\/\/www.hispabano.es\/es\/producto\/modelo-new400-frontal-2-hojas\/#breadcrumb","itemListElement":[{"@type":"ListItem","position":1,"name":"Portada","item":"https:\/\/www.hispabano.es\/es\/"},{"@type":"ListItem","position":2,"name":"Productos","item":"https:\/\/www.hispabano.es\/es\/shop\/"},{"@type":"ListItem","position":3,"name":"Modelo New402, frontal 2 hojas"}]},{"@type":"WebSite","@id":"https:\/\/www.hispabano.es\/es\/#website","url":"https:\/\/www.hispabano.es\/es\/","name":"Hispaba\u00f1o: Fabricante de Mamparas de Ba\u00f1o y de Duchas","description":"Como fabricantes, y siguiendo las \u00faltimas tendencias, disponemos de una amplia gama de soluciones, dentro y fuera de nuestro cat\u00e1logo, para dar respuesta a ...","publisher":{"@id":"https:\/\/www.hispabano.es\/es\/#organization"},"potentialAction":[{"@type":"SearchAction","target":{"@type":"EntryPoint","urlTemplate":"https:\/\/www.hispabano.es\/es\/?s={search_term_string}"},"query-input":"required name=search_term_string"}],"inLanguage":"es"},{"@type":"Organization","@id":"https:\/\/www.hispabano.es\/es\/#organization","name":"Hispaba\u00f1o: Fabricante de Mamparas de Ba\u00f1o y de Duchas","url":"https:\/\/www.hispabano.es\/es\/","logo":{"@type":"ImageObject","inLanguage":"es","@id":"https:\/\/www.hispabano.es\/es\/#\/schema\/logo\/image\/","url":"https:\/\/www.hispabano.es\/es\/wp-content\/uploads\/2020\/11\/cropped-favicon.jpg","contentUrl":"https:\/\/www.hispabano.es\/es\/wp-content\/uploads\/2020\/11\/cropped-favicon.jpg","width":512,"height":512,"caption":"Hispaba\u00f1o: Fabricante de Mamparas de Ba\u00f1o y de Duchas"},"image":{"@id":"https:\/\/www.hispabano.es\/es\/#\/schema\/logo\/image\/"},"sameAs":["https:\/\/es-es.facebook.com\/Hispabano\/","https:\/\/www.youtube.com\/@hispabano9335","https:\/\/www.linkedin.com\/company\/hispabao-sl\/mycompany\/"]}]}},"_links":{"self":[{"href":"https:\/\/www.hispabano.es\/es\/wp-json\/wp\/v2\/product\/1668"}],"collection":[{"href":"https:\/\/www.hispabano.es\/es\/wp-json\/wp\/v2\/product"}],"about":[{"href":"https:\/\/www.hispabano.es\/es\/wp-json\/wp\/v2\/types\/product"}],"wp:featuredmedia":[{"embeddable":true,"href":"https:\/\/www.hispabano.es\/es\/wp-json\/wp\/v2\/media\/1666"}],"wp:attachment":[{"href":"https:\/\/www.hispabano.es\/es\/wp-json\/wp\/v2\/media?parent=1668"}],"wp:term":[{"taxonomy":"product_cat","embeddable":true,"href":"https:\/\/www.hispabano.es\/es\/wp-json\/wp\/v2\/product_cat?post=1668"},{"taxonomy":"product_tag","embeddable":true,"href":"https:\/\/www.hispabano.es\/es\/wp-json\/wp\/v2\/product_tag?post=1668"}],"curies":[{"name":"wp","href":"https:\/\/api.w.org\/{rel}","templated":true}]}}