{"id":1654,"date":"2021-05-26T18:07:15","date_gmt":"2021-05-26T16:07:15","guid":{"rendered":"https:\/\/www.hispabano.es\/es\/?post_type=product&#038;p=1654"},"modified":"2024-01-24T23:14:33","modified_gmt":"2024-01-24T22:14:33","slug":"modelo-9002-frontal-dos-hojas-corredera-fijo-negro","status":"publish","type":"product","link":"https:\/\/www.hispabano.es\/es\/producto\/modelo-9002-frontal-dos-hojas-corredera-fijo-negro\/","title":{"rendered":"Modelo 9002 &#8211; Frontal Dos Hojas, Corredera + Fijo, Negro"},"content":{"rendered":"<p>Frontal Ducha Dos Hojas, Corredera + Fijo<\/p>\n<p>Docuche, Fixe + Porte Coulissante Shower, Fixed Panel + Sliding Dood<\/p>\n<p>Altura ducha est\u00e1ndar 191 cm.<\/p>\n<p>Facilite medidas sin descontar.<\/p>\n<p>V\u00eddrio templado de seguridad 6 mm.<\/p>\n<p>Perfil Negro Mate<\/p>\n<p>Antical Incluido<\/p>\n<p>Servicio Inmediato<\/p>\n<p>Sin perfiler\u00eda intermedia y sin gu\u00eda inferior<\/p>\n<p>F\u00e1cil montaje<\/p>\n<p>Fabricaci\u00f3n a medida<\/p>\n<p>Fabricaci\u00f3n ba\u00f1era disponible<\/p>\n<p><a href=\"https:\/\/www.hispabano.es\/es\/categoria-producto\/ducha-grupo-9000\/\" target=\"_blank\" rel=\"noopener\">Volver a Grupo 9000<\/a><\/p>\n","protected":false},"excerpt":{"rendered":"<p>Frontal Ducha Dos Hojas, Corredera + Fijo Docuche, Fixe + Porte Coulissante Shower, Fixed Panel + Sliding Dood Altura ducha est\u00e1ndar 191 cm. Facilite medidas sin descontar. V\u00eddrio templado de seguridad 6 mm. Perfil Negro Mate Antical Incluido Servicio Inmediato Sin perfiler\u00eda intermedia y sin gu\u00eda inferior F\u00e1cil montaje Fabricaci\u00f3n a medida Fabricaci\u00f3n ba\u00f1era disponible [&hellip;]<\/p>\n","protected":false},"featured_media":1655,"template":"","meta":{"ngg_post_thumbnail":0},"product_cat":[131],"product_tag":[],"yoast_head":"<!-- This site is optimized with the Yoast SEO plugin v22.5 - https:\/\/yoast.com\/wordpress\/plugins\/seo\/ -->\n<title>Frontal ducha Corredera Negro Dos hojas<\/title>\n<meta name=\"description\" content=\"Modelo 9002- Frontal ducha Dos hojas : Hoja fija + Hoja corredera, negro. Fabricaci\u00f3n a Medida - Antical Incluido - Fabricaci\u00f3n ba\u00f1era disponible\" \/>\n<meta name=\"robots\" content=\"index, follow, max-snippet:-1, max-image-preview:large, max-video-preview:-1\" \/>\n<link rel=\"canonical\" href=\"https:\/\/www.hispabano.es\/es\/producto\/modelo-9002-frontal-dos-hojas-corredera-fijo-negro\/\" \/>\n<meta property=\"og:locale\" content=\"es_ES\" \/>\n<meta property=\"og:type\" content=\"article\" \/>\n<meta property=\"og:title\" content=\"Frontal ducha Corredera Negro Dos hojas\" \/>\n<meta property=\"og:description\" content=\"Modelo 9002- Frontal ducha Dos hojas : Hoja fija + Hoja corredera, negro. Fabricaci\u00f3n a Medida - Antical Incluido - Fabricaci\u00f3n ba\u00f1era disponible\" \/>\n<meta property=\"og:url\" content=\"https:\/\/www.hispabano.es\/es\/producto\/modelo-9002-frontal-dos-hojas-corredera-fijo-negro\/\" \/>\n<meta property=\"og:site_name\" content=\"Hispaba\u00f1o: Fabricante de Mamparas de Ba\u00f1o y de Duchas\" \/>\n<meta property=\"article:publisher\" content=\"https:\/\/es-es.facebook.com\/Hispabano\/\" \/>\n<meta property=\"article:modified_time\" content=\"2024-01-24T22:14:33+00:00\" \/>\n<meta property=\"og:image\" content=\"https:\/\/www.hispabano.es\/es\/wp-content\/uploads\/2021\/05\/mod9002_negro.jpg\" \/>\n\t<meta property=\"og:image:width\" content=\"1280\" \/>\n\t<meta property=\"og:image:height\" content=\"907\" \/>\n\t<meta property=\"og:image:type\" content=\"image\/jpeg\" \/>\n<meta name=\"twitter:label1\" content=\"Tiempo de lectura\" \/>\n\t<meta name=\"twitter:data1\" content=\"1 minuto\" \/>\n<script type=\"application\/ld+json\" class=\"yoast-schema-graph\">{\"@context\":\"https:\/\/schema.org\",\"@graph\":[{\"@type\":\"WebPage\",\"@id\":\"https:\/\/www.hispabano.es\/es\/producto\/modelo-9002-frontal-dos-hojas-corredera-fijo-negro\/\",\"url\":\"https:\/\/www.hispabano.es\/es\/producto\/modelo-9002-frontal-dos-hojas-corredera-fijo-negro\/\",\"name\":\"Frontal ducha Corredera Negro Dos hojas\",\"isPartOf\":{\"@id\":\"https:\/\/www.hispabano.es\/es\/#website\"},\"primaryImageOfPage\":{\"@id\":\"https:\/\/www.hispabano.es\/es\/producto\/modelo-9002-frontal-dos-hojas-corredera-fijo-negro\/#primaryimage\"},\"image\":{\"@id\":\"https:\/\/www.hispabano.es\/es\/producto\/modelo-9002-frontal-dos-hojas-corredera-fijo-negro\/#primaryimage\"},\"thumbnailUrl\":\"https:\/\/www.hispabano.es\/es\/wp-content\/uploads\/2021\/05\/mod9002_negro.jpg\",\"datePublished\":\"2021-05-26T16:07:15+00:00\",\"dateModified\":\"2024-01-24T22:14:33+00:00\",\"description\":\"Modelo 9002- Frontal ducha Dos hojas : Hoja fija + Hoja corredera, negro. Fabricaci\u00f3n a Medida - Antical Incluido - Fabricaci\u00f3n ba\u00f1era disponible\",\"breadcrumb\":{\"@id\":\"https:\/\/www.hispabano.es\/es\/producto\/modelo-9002-frontal-dos-hojas-corredera-fijo-negro\/#breadcrumb\"},\"inLanguage\":\"es\",\"potentialAction\":[{\"@type\":\"ReadAction\",\"target\":[\"https:\/\/www.hispabano.es\/es\/producto\/modelo-9002-frontal-dos-hojas-corredera-fijo-negro\/\"]}]},{\"@type\":\"ImageObject\",\"inLanguage\":\"es\",\"@id\":\"https:\/\/www.hispabano.es\/es\/producto\/modelo-9002-frontal-dos-hojas-corredera-fijo-negro\/#primaryimage\",\"url\":\"https:\/\/www.hispabano.es\/es\/wp-content\/uploads\/2021\/05\/mod9002_negro.jpg\",\"contentUrl\":\"https:\/\/www.hispabano.es\/es\/wp-content\/uploads\/2021\/05\/mod9002_negro.jpg\",\"width\":1280,\"height\":907},{\"@type\":\"BreadcrumbList\",\"@id\":\"https:\/\/www.hispabano.es\/es\/producto\/modelo-9002-frontal-dos-hojas-corredera-fijo-negro\/#breadcrumb\",\"itemListElement\":[{\"@type\":\"ListItem\",\"position\":1,\"name\":\"Portada\",\"item\":\"https:\/\/www.hispabano.es\/es\/\"},{\"@type\":\"ListItem\",\"position\":2,\"name\":\"Productos\",\"item\":\"https:\/\/www.hispabano.es\/es\/shop\/\"},{\"@type\":\"ListItem\",\"position\":3,\"name\":\"Modelo 9002 &#8211; Frontal Dos Hojas, Corredera + Fijo, Negro\"}]},{\"@type\":\"WebSite\",\"@id\":\"https:\/\/www.hispabano.es\/es\/#website\",\"url\":\"https:\/\/www.hispabano.es\/es\/\",\"name\":\"Hispaba\u00f1o: Fabricante de Mamparas de Ba\u00f1o y de Duchas\",\"description\":\"Como fabricantes, y siguiendo las \u00faltimas tendencias, disponemos de una amplia gama de soluciones, dentro y fuera de nuestro cat\u00e1logo, para dar respuesta a ...\",\"publisher\":{\"@id\":\"https:\/\/www.hispabano.es\/es\/#organization\"},\"potentialAction\":[{\"@type\":\"SearchAction\",\"target\":{\"@type\":\"EntryPoint\",\"urlTemplate\":\"https:\/\/www.hispabano.es\/es\/?s={search_term_string}\"},\"query-input\":\"required name=search_term_string\"}],\"inLanguage\":\"es\"},{\"@type\":\"Organization\",\"@id\":\"https:\/\/www.hispabano.es\/es\/#organization\",\"name\":\"Hispaba\u00f1o: Fabricante de Mamparas de Ba\u00f1o y de Duchas\",\"url\":\"https:\/\/www.hispabano.es\/es\/\",\"logo\":{\"@type\":\"ImageObject\",\"inLanguage\":\"es\",\"@id\":\"https:\/\/www.hispabano.es\/es\/#\/schema\/logo\/image\/\",\"url\":\"https:\/\/www.hispabano.es\/es\/wp-content\/uploads\/2020\/11\/cropped-favicon.jpg\",\"contentUrl\":\"https:\/\/www.hispabano.es\/es\/wp-content\/uploads\/2020\/11\/cropped-favicon.jpg\",\"width\":512,\"height\":512,\"caption\":\"Hispaba\u00f1o: Fabricante de Mamparas de Ba\u00f1o y de Duchas\"},\"image\":{\"@id\":\"https:\/\/www.hispabano.es\/es\/#\/schema\/logo\/image\/\"},\"sameAs\":[\"https:\/\/es-es.facebook.com\/Hispabano\/\",\"https:\/\/www.youtube.com\/@hispabano9335\",\"https:\/\/www.linkedin.com\/company\/hispabao-sl\/mycompany\/\"]}]}<\/script>\n<!-- \/ Yoast SEO plugin. -->","yoast_head_json":{"title":"Frontal ducha Corredera Negro Dos hojas","description":"Modelo 9002- Frontal ducha Dos hojas : Hoja fija + Hoja corredera, negro. Fabricaci\u00f3n a Medida - Antical Incluido - Fabricaci\u00f3n ba\u00f1era disponible","robots":{"index":"index","follow":"follow","max-snippet":"max-snippet:-1","max-image-preview":"max-image-preview:large","max-video-preview":"max-video-preview:-1"},"canonical":"https:\/\/www.hispabano.es\/es\/producto\/modelo-9002-frontal-dos-hojas-corredera-fijo-negro\/","og_locale":"es_ES","og_type":"article","og_title":"Frontal ducha Corredera Negro Dos hojas","og_description":"Modelo 9002- Frontal ducha Dos hojas : Hoja fija + Hoja corredera, negro. Fabricaci\u00f3n a Medida - Antical Incluido - Fabricaci\u00f3n ba\u00f1era disponible","og_url":"https:\/\/www.hispabano.es\/es\/producto\/modelo-9002-frontal-dos-hojas-corredera-fijo-negro\/","og_site_name":"Hispaba\u00f1o: Fabricante de Mamparas de Ba\u00f1o y de Duchas","article_publisher":"https:\/\/es-es.facebook.com\/Hispabano\/","article_modified_time":"2024-01-24T22:14:33+00:00","og_image":[{"width":1280,"height":907,"url":"https:\/\/www.hispabano.es\/es\/wp-content\/uploads\/2021\/05\/mod9002_negro.jpg","type":"image\/jpeg"}],"twitter_misc":{"Tiempo de lectura":"1 minuto"},"schema":{"@context":"https:\/\/schema.org","@graph":[{"@type":"WebPage","@id":"https:\/\/www.hispabano.es\/es\/producto\/modelo-9002-frontal-dos-hojas-corredera-fijo-negro\/","url":"https:\/\/www.hispabano.es\/es\/producto\/modelo-9002-frontal-dos-hojas-corredera-fijo-negro\/","name":"Frontal ducha Corredera Negro Dos hojas","isPartOf":{"@id":"https:\/\/www.hispabano.es\/es\/#website"},"primaryImageOfPage":{"@id":"https:\/\/www.hispabano.es\/es\/producto\/modelo-9002-frontal-dos-hojas-corredera-fijo-negro\/#primaryimage"},"image":{"@id":"https:\/\/www.hispabano.es\/es\/producto\/modelo-9002-frontal-dos-hojas-corredera-fijo-negro\/#primaryimage"},"thumbnailUrl":"https:\/\/www.hispabano.es\/es\/wp-content\/uploads\/2021\/05\/mod9002_negro.jpg","datePublished":"2021-05-26T16:07:15+00:00","dateModified":"2024-01-24T22:14:33+00:00","description":"Modelo 9002- Frontal ducha Dos hojas : Hoja fija + Hoja corredera, negro. Fabricaci\u00f3n a Medida - Antical Incluido - Fabricaci\u00f3n ba\u00f1era disponible","breadcrumb":{"@id":"https:\/\/www.hispabano.es\/es\/producto\/modelo-9002-frontal-dos-hojas-corredera-fijo-negro\/#breadcrumb"},"inLanguage":"es","potentialAction":[{"@type":"ReadAction","target":["https:\/\/www.hispabano.es\/es\/producto\/modelo-9002-frontal-dos-hojas-corredera-fijo-negro\/"]}]},{"@type":"ImageObject","inLanguage":"es","@id":"https:\/\/www.hispabano.es\/es\/producto\/modelo-9002-frontal-dos-hojas-corredera-fijo-negro\/#primaryimage","url":"https:\/\/www.hispabano.es\/es\/wp-content\/uploads\/2021\/05\/mod9002_negro.jpg","contentUrl":"https:\/\/www.hispabano.es\/es\/wp-content\/uploads\/2021\/05\/mod9002_negro.jpg","width":1280,"height":907},{"@type":"BreadcrumbList","@id":"https:\/\/www.hispabano.es\/es\/producto\/modelo-9002-frontal-dos-hojas-corredera-fijo-negro\/#breadcrumb","itemListElement":[{"@type":"ListItem","position":1,"name":"Portada","item":"https:\/\/www.hispabano.es\/es\/"},{"@type":"ListItem","position":2,"name":"Productos","item":"https:\/\/www.hispabano.es\/es\/shop\/"},{"@type":"ListItem","position":3,"name":"Modelo 9002 &#8211; Frontal Dos Hojas, Corredera + Fijo, Negro"}]},{"@type":"WebSite","@id":"https:\/\/www.hispabano.es\/es\/#website","url":"https:\/\/www.hispabano.es\/es\/","name":"Hispaba\u00f1o: Fabricante de Mamparas de Ba\u00f1o y de Duchas","description":"Como fabricantes, y siguiendo las \u00faltimas tendencias, disponemos de una amplia gama de soluciones, dentro y fuera de nuestro cat\u00e1logo, para dar respuesta a ...","publisher":{"@id":"https:\/\/www.hispabano.es\/es\/#organization"},"potentialAction":[{"@type":"SearchAction","target":{"@type":"EntryPoint","urlTemplate":"https:\/\/www.hispabano.es\/es\/?s={search_term_string}"},"query-input":"required name=search_term_string"}],"inLanguage":"es"},{"@type":"Organization","@id":"https:\/\/www.hispabano.es\/es\/#organization","name":"Hispaba\u00f1o: Fabricante de Mamparas de Ba\u00f1o y de Duchas","url":"https:\/\/www.hispabano.es\/es\/","logo":{"@type":"ImageObject","inLanguage":"es","@id":"https:\/\/www.hispabano.es\/es\/#\/schema\/logo\/image\/","url":"https:\/\/www.hispabano.es\/es\/wp-content\/uploads\/2020\/11\/cropped-favicon.jpg","contentUrl":"https:\/\/www.hispabano.es\/es\/wp-content\/uploads\/2020\/11\/cropped-favicon.jpg","width":512,"height":512,"caption":"Hispaba\u00f1o: Fabricante de Mamparas de Ba\u00f1o y de Duchas"},"image":{"@id":"https:\/\/www.hispabano.es\/es\/#\/schema\/logo\/image\/"},"sameAs":["https:\/\/es-es.facebook.com\/Hispabano\/","https:\/\/www.youtube.com\/@hispabano9335","https:\/\/www.linkedin.com\/company\/hispabao-sl\/mycompany\/"]}]}},"_links":{"self":[{"href":"https:\/\/www.hispabano.es\/es\/wp-json\/wp\/v2\/product\/1654"}],"collection":[{"href":"https:\/\/www.hispabano.es\/es\/wp-json\/wp\/v2\/product"}],"about":[{"href":"https:\/\/www.hispabano.es\/es\/wp-json\/wp\/v2\/types\/product"}],"wp:featuredmedia":[{"embeddable":true,"href":"https:\/\/www.hispabano.es\/es\/wp-json\/wp\/v2\/media\/1655"}],"wp:attachment":[{"href":"https:\/\/www.hispabano.es\/es\/wp-json\/wp\/v2\/media?parent=1654"}],"wp:term":[{"taxonomy":"product_cat","embeddable":true,"href":"https:\/\/www.hispabano.es\/es\/wp-json\/wp\/v2\/product_cat?post=1654"},{"taxonomy":"product_tag","embeddable":true,"href":"https:\/\/www.hispabano.es\/es\/wp-json\/wp\/v2\/product_tag?post=1654"}],"curies":[{"name":"wp","href":"https:\/\/api.w.org\/{rel}","templated":true}]}}