{"id":1587,"date":"2021-03-22T17:21:36","date_gmt":"2021-03-22T16:21:36","guid":{"rendered":"https:\/\/www.hispabano.es\/es\/?post_type=product&#038;p=1587"},"modified":"2024-01-24T23:44:44","modified_gmt":"2024-01-24T22:44:44","slug":"modelo9004-frontal-ducha-plata","status":"publish","type":"product","link":"https:\/\/www.hispabano.es\/es\/producto\/modelo9004-frontal-ducha-plata\/","title":{"rendered":"Modelo 9004, Frontal Ducha Cuatro Hojas, Correderas + Fijas, plata"},"content":{"rendered":"<p class=\"p3\">Frontal Ducha Cuatro Hojas, Correderas + Fijas<\/p>\n<p class=\"p4\"><i>Frontal Duche Quatro Folhas, Duas Corredi\u00e7a + Duas Fixa Douche, Deus portes Coulissantes + Deux Fixes Shower, Two Sliding Doors + Two Fixed Panels <\/i><\/p>\n<p class=\"p5\">Caracter\u00edsticas T\u00e9cnicas<\/p>\n<p class=\"p6\">Altura ducha est\u00e1ndar 191 cm.<\/p>\n<p class=\"p6\">Perfil Plata<\/p>\n<p class=\"p6\">Antical Incluido<\/p>\n<p class=\"p6\">Vidrios de templados de seguridad de 6 mm.<\/p>\n<p class=\"p6\">Servicio Inmediato<\/p>\n<p class=\"p6\">F\u00e1cil Montaje<\/p>\n<p class=\"p6\">Sin perfiler\u00eda intermedia y sin gu\u00eda inferior<\/p>\n<p class=\"p6\">Facilite medidas sin descontar<\/p>\n<p class=\"p6\">Fabricaci\u00f3n a medida<\/p>\n<p class=\"p7\">Fabricaci\u00f3n ba\u00f1era disponible<\/p>\n<p><a href=\"https:\/\/www.hispabano.es\/es\/categoria-producto\/ducha-grupo-9000\/\" target=\"_blank\" rel=\"noopener\">Volver a Grupo 9000<\/a><\/p>\n","protected":false},"excerpt":{"rendered":"<p>Frontal Ducha Cuatro Hojas, Correderas + Fijas Frontal Duche Quatro Folhas, Duas Corredi\u00e7a + Duas Fixa Douche, Deus portes Coulissantes + Deux Fixes Shower, Two Sliding Doors + Two Fixed Panels Caracter\u00edsticas T\u00e9cnicas Altura ducha est\u00e1ndar 191 cm. Perfil Plata Antical Incluido Vidrios de templados de seguridad de 6 mm. Servicio Inmediato F\u00e1cil Montaje Sin [&hellip;]<\/p>\n","protected":false},"featured_media":1593,"template":"","meta":{"ngg_post_thumbnail":0},"product_cat":[131],"product_tag":[],"yoast_head":"<!-- This site is optimized with the Yoast SEO plugin v22.5 - https:\/\/yoast.com\/wordpress\/plugins\/seo\/ -->\n<title>Frontal Ducha Cuatro Hojas, Correderas + Fijas, plata<\/title>\n<meta name=\"description\" content=\"Modelo 9004, Frontal Ducha Cuatro Hojas, Correderas + Fijas, plata - Fabricaci\u00f3n a medida - Antical Incluido - F\u00e1cil Montaje\" \/>\n<meta name=\"robots\" content=\"index, follow, max-snippet:-1, max-image-preview:large, max-video-preview:-1\" \/>\n<link rel=\"canonical\" href=\"https:\/\/www.hispabano.es\/es\/producto\/modelo9004-frontal-ducha-plata\/\" \/>\n<meta property=\"og:locale\" content=\"es_ES\" \/>\n<meta property=\"og:type\" content=\"article\" \/>\n<meta property=\"og:title\" content=\"Frontal Ducha Cuatro Hojas, Correderas + Fijas, plata\" \/>\n<meta property=\"og:description\" content=\"Modelo 9004, Frontal Ducha Cuatro Hojas, Correderas + Fijas, plata - Fabricaci\u00f3n a medida - Antical Incluido - F\u00e1cil Montaje\" \/>\n<meta property=\"og:url\" content=\"https:\/\/www.hispabano.es\/es\/producto\/modelo9004-frontal-ducha-plata\/\" \/>\n<meta property=\"og:site_name\" content=\"Hispaba\u00f1o: Fabricante de Mamparas de Ba\u00f1o y de Duchas\" \/>\n<meta property=\"article:publisher\" content=\"https:\/\/es-es.facebook.com\/Hispabano\/\" \/>\n<meta property=\"article:modified_time\" content=\"2024-01-24T22:44:44+00:00\" \/>\n<meta property=\"og:image\" content=\"https:\/\/www.hispabano.es\/es\/wp-content\/uploads\/2021\/03\/9004.jpg\" \/>\n\t<meta property=\"og:image:width\" content=\"1600\" \/>\n\t<meta property=\"og:image:height\" content=\"1334\" \/>\n\t<meta property=\"og:image:type\" content=\"image\/jpeg\" \/>\n<meta name=\"twitter:label1\" content=\"Tiempo de lectura\" \/>\n\t<meta name=\"twitter:data1\" content=\"1 minuto\" \/>\n<script type=\"application\/ld+json\" class=\"yoast-schema-graph\">{\"@context\":\"https:\/\/schema.org\",\"@graph\":[{\"@type\":\"WebPage\",\"@id\":\"https:\/\/www.hispabano.es\/es\/producto\/modelo9004-frontal-ducha-plata\/\",\"url\":\"https:\/\/www.hispabano.es\/es\/producto\/modelo9004-frontal-ducha-plata\/\",\"name\":\"Frontal Ducha Cuatro Hojas, Correderas + Fijas, plata\",\"isPartOf\":{\"@id\":\"https:\/\/www.hispabano.es\/es\/#website\"},\"primaryImageOfPage\":{\"@id\":\"https:\/\/www.hispabano.es\/es\/producto\/modelo9004-frontal-ducha-plata\/#primaryimage\"},\"image\":{\"@id\":\"https:\/\/www.hispabano.es\/es\/producto\/modelo9004-frontal-ducha-plata\/#primaryimage\"},\"thumbnailUrl\":\"https:\/\/www.hispabano.es\/es\/wp-content\/uploads\/2021\/03\/9004.jpg\",\"datePublished\":\"2021-03-22T16:21:36+00:00\",\"dateModified\":\"2024-01-24T22:44:44+00:00\",\"description\":\"Modelo 9004, Frontal Ducha Cuatro Hojas, Correderas + Fijas, plata - Fabricaci\u00f3n a medida - Antical Incluido - F\u00e1cil Montaje\",\"breadcrumb\":{\"@id\":\"https:\/\/www.hispabano.es\/es\/producto\/modelo9004-frontal-ducha-plata\/#breadcrumb\"},\"inLanguage\":\"es\",\"potentialAction\":[{\"@type\":\"ReadAction\",\"target\":[\"https:\/\/www.hispabano.es\/es\/producto\/modelo9004-frontal-ducha-plata\/\"]}]},{\"@type\":\"ImageObject\",\"inLanguage\":\"es\",\"@id\":\"https:\/\/www.hispabano.es\/es\/producto\/modelo9004-frontal-ducha-plata\/#primaryimage\",\"url\":\"https:\/\/www.hispabano.es\/es\/wp-content\/uploads\/2021\/03\/9004.jpg\",\"contentUrl\":\"https:\/\/www.hispabano.es\/es\/wp-content\/uploads\/2021\/03\/9004.jpg\",\"width\":1600,\"height\":1334,\"caption\":\"Modelo 9004, Frontal Ducha Cuatro Hojas, Correderas + Fijas, plata\"},{\"@type\":\"BreadcrumbList\",\"@id\":\"https:\/\/www.hispabano.es\/es\/producto\/modelo9004-frontal-ducha-plata\/#breadcrumb\",\"itemListElement\":[{\"@type\":\"ListItem\",\"position\":1,\"name\":\"Portada\",\"item\":\"https:\/\/www.hispabano.es\/es\/\"},{\"@type\":\"ListItem\",\"position\":2,\"name\":\"Productos\",\"item\":\"https:\/\/www.hispabano.es\/es\/shop\/\"},{\"@type\":\"ListItem\",\"position\":3,\"name\":\"Modelo 9004, Frontal Ducha Cuatro Hojas, Correderas + Fijas, plata\"}]},{\"@type\":\"WebSite\",\"@id\":\"https:\/\/www.hispabano.es\/es\/#website\",\"url\":\"https:\/\/www.hispabano.es\/es\/\",\"name\":\"Hispaba\u00f1o: Fabricante de Mamparas de Ba\u00f1o y de Duchas\",\"description\":\"Como fabricantes, y siguiendo las \u00faltimas tendencias, disponemos de una amplia gama de soluciones, dentro y fuera de nuestro cat\u00e1logo, para dar respuesta a ...\",\"publisher\":{\"@id\":\"https:\/\/www.hispabano.es\/es\/#organization\"},\"potentialAction\":[{\"@type\":\"SearchAction\",\"target\":{\"@type\":\"EntryPoint\",\"urlTemplate\":\"https:\/\/www.hispabano.es\/es\/?s={search_term_string}\"},\"query-input\":\"required name=search_term_string\"}],\"inLanguage\":\"es\"},{\"@type\":\"Organization\",\"@id\":\"https:\/\/www.hispabano.es\/es\/#organization\",\"name\":\"Hispaba\u00f1o: Fabricante de Mamparas de Ba\u00f1o y de Duchas\",\"url\":\"https:\/\/www.hispabano.es\/es\/\",\"logo\":{\"@type\":\"ImageObject\",\"inLanguage\":\"es\",\"@id\":\"https:\/\/www.hispabano.es\/es\/#\/schema\/logo\/image\/\",\"url\":\"https:\/\/www.hispabano.es\/es\/wp-content\/uploads\/2020\/11\/cropped-favicon.jpg\",\"contentUrl\":\"https:\/\/www.hispabano.es\/es\/wp-content\/uploads\/2020\/11\/cropped-favicon.jpg\",\"width\":512,\"height\":512,\"caption\":\"Hispaba\u00f1o: Fabricante de Mamparas de Ba\u00f1o y de Duchas\"},\"image\":{\"@id\":\"https:\/\/www.hispabano.es\/es\/#\/schema\/logo\/image\/\"},\"sameAs\":[\"https:\/\/es-es.facebook.com\/Hispabano\/\",\"https:\/\/www.youtube.com\/@hispabano9335\",\"https:\/\/www.linkedin.com\/company\/hispabao-sl\/mycompany\/\"]}]}<\/script>\n<!-- \/ Yoast SEO plugin. -->","yoast_head_json":{"title":"Frontal Ducha Cuatro Hojas, Correderas + Fijas, plata","description":"Modelo 9004, Frontal Ducha Cuatro Hojas, Correderas + Fijas, plata - Fabricaci\u00f3n a medida - Antical Incluido - F\u00e1cil Montaje","robots":{"index":"index","follow":"follow","max-snippet":"max-snippet:-1","max-image-preview":"max-image-preview:large","max-video-preview":"max-video-preview:-1"},"canonical":"https:\/\/www.hispabano.es\/es\/producto\/modelo9004-frontal-ducha-plata\/","og_locale":"es_ES","og_type":"article","og_title":"Frontal Ducha Cuatro Hojas, Correderas + Fijas, plata","og_description":"Modelo 9004, Frontal Ducha Cuatro Hojas, Correderas + Fijas, plata - Fabricaci\u00f3n a medida - Antical Incluido - F\u00e1cil Montaje","og_url":"https:\/\/www.hispabano.es\/es\/producto\/modelo9004-frontal-ducha-plata\/","og_site_name":"Hispaba\u00f1o: Fabricante de Mamparas de Ba\u00f1o y de Duchas","article_publisher":"https:\/\/es-es.facebook.com\/Hispabano\/","article_modified_time":"2024-01-24T22:44:44+00:00","og_image":[{"width":1600,"height":1334,"url":"https:\/\/www.hispabano.es\/es\/wp-content\/uploads\/2021\/03\/9004.jpg","type":"image\/jpeg"}],"twitter_misc":{"Tiempo de lectura":"1 minuto"},"schema":{"@context":"https:\/\/schema.org","@graph":[{"@type":"WebPage","@id":"https:\/\/www.hispabano.es\/es\/producto\/modelo9004-frontal-ducha-plata\/","url":"https:\/\/www.hispabano.es\/es\/producto\/modelo9004-frontal-ducha-plata\/","name":"Frontal Ducha Cuatro Hojas, Correderas + Fijas, plata","isPartOf":{"@id":"https:\/\/www.hispabano.es\/es\/#website"},"primaryImageOfPage":{"@id":"https:\/\/www.hispabano.es\/es\/producto\/modelo9004-frontal-ducha-plata\/#primaryimage"},"image":{"@id":"https:\/\/www.hispabano.es\/es\/producto\/modelo9004-frontal-ducha-plata\/#primaryimage"},"thumbnailUrl":"https:\/\/www.hispabano.es\/es\/wp-content\/uploads\/2021\/03\/9004.jpg","datePublished":"2021-03-22T16:21:36+00:00","dateModified":"2024-01-24T22:44:44+00:00","description":"Modelo 9004, Frontal Ducha Cuatro Hojas, Correderas + Fijas, plata - Fabricaci\u00f3n a medida - Antical Incluido - F\u00e1cil Montaje","breadcrumb":{"@id":"https:\/\/www.hispabano.es\/es\/producto\/modelo9004-frontal-ducha-plata\/#breadcrumb"},"inLanguage":"es","potentialAction":[{"@type":"ReadAction","target":["https:\/\/www.hispabano.es\/es\/producto\/modelo9004-frontal-ducha-plata\/"]}]},{"@type":"ImageObject","inLanguage":"es","@id":"https:\/\/www.hispabano.es\/es\/producto\/modelo9004-frontal-ducha-plata\/#primaryimage","url":"https:\/\/www.hispabano.es\/es\/wp-content\/uploads\/2021\/03\/9004.jpg","contentUrl":"https:\/\/www.hispabano.es\/es\/wp-content\/uploads\/2021\/03\/9004.jpg","width":1600,"height":1334,"caption":"Modelo 9004, Frontal Ducha Cuatro Hojas, Correderas + Fijas, plata"},{"@type":"BreadcrumbList","@id":"https:\/\/www.hispabano.es\/es\/producto\/modelo9004-frontal-ducha-plata\/#breadcrumb","itemListElement":[{"@type":"ListItem","position":1,"name":"Portada","item":"https:\/\/www.hispabano.es\/es\/"},{"@type":"ListItem","position":2,"name":"Productos","item":"https:\/\/www.hispabano.es\/es\/shop\/"},{"@type":"ListItem","position":3,"name":"Modelo 9004, Frontal Ducha Cuatro Hojas, Correderas + Fijas, plata"}]},{"@type":"WebSite","@id":"https:\/\/www.hispabano.es\/es\/#website","url":"https:\/\/www.hispabano.es\/es\/","name":"Hispaba\u00f1o: Fabricante de Mamparas de Ba\u00f1o y de Duchas","description":"Como fabricantes, y siguiendo las \u00faltimas tendencias, disponemos de una amplia gama de soluciones, dentro y fuera de nuestro cat\u00e1logo, para dar respuesta a ...","publisher":{"@id":"https:\/\/www.hispabano.es\/es\/#organization"},"potentialAction":[{"@type":"SearchAction","target":{"@type":"EntryPoint","urlTemplate":"https:\/\/www.hispabano.es\/es\/?s={search_term_string}"},"query-input":"required name=search_term_string"}],"inLanguage":"es"},{"@type":"Organization","@id":"https:\/\/www.hispabano.es\/es\/#organization","name":"Hispaba\u00f1o: Fabricante de Mamparas de Ba\u00f1o y de Duchas","url":"https:\/\/www.hispabano.es\/es\/","logo":{"@type":"ImageObject","inLanguage":"es","@id":"https:\/\/www.hispabano.es\/es\/#\/schema\/logo\/image\/","url":"https:\/\/www.hispabano.es\/es\/wp-content\/uploads\/2020\/11\/cropped-favicon.jpg","contentUrl":"https:\/\/www.hispabano.es\/es\/wp-content\/uploads\/2020\/11\/cropped-favicon.jpg","width":512,"height":512,"caption":"Hispaba\u00f1o: Fabricante de Mamparas de Ba\u00f1o y de Duchas"},"image":{"@id":"https:\/\/www.hispabano.es\/es\/#\/schema\/logo\/image\/"},"sameAs":["https:\/\/es-es.facebook.com\/Hispabano\/","https:\/\/www.youtube.com\/@hispabano9335","https:\/\/www.linkedin.com\/company\/hispabao-sl\/mycompany\/"]}]}},"_links":{"self":[{"href":"https:\/\/www.hispabano.es\/es\/wp-json\/wp\/v2\/product\/1587"}],"collection":[{"href":"https:\/\/www.hispabano.es\/es\/wp-json\/wp\/v2\/product"}],"about":[{"href":"https:\/\/www.hispabano.es\/es\/wp-json\/wp\/v2\/types\/product"}],"wp:featuredmedia":[{"embeddable":true,"href":"https:\/\/www.hispabano.es\/es\/wp-json\/wp\/v2\/media\/1593"}],"wp:attachment":[{"href":"https:\/\/www.hispabano.es\/es\/wp-json\/wp\/v2\/media?parent=1587"}],"wp:term":[{"taxonomy":"product_cat","embeddable":true,"href":"https:\/\/www.hispabano.es\/es\/wp-json\/wp\/v2\/product_cat?post=1587"},{"taxonomy":"product_tag","embeddable":true,"href":"https:\/\/www.hispabano.es\/es\/wp-json\/wp\/v2\/product_tag?post=1587"}],"curies":[{"name":"wp","href":"https:\/\/api.w.org\/{rel}","templated":true}]}}