{"id":1054,"date":"2016-05-27T13:43:05","date_gmt":"2016-05-27T11:43:05","guid":{"rendered":"https:\/\/www.hispabano.es\/es\/?post_type=product&#038;p=1054"},"modified":"2019-04-05T13:43:41","modified_gmt":"2019-04-05T11:43:41","slug":"textura-piedra","status":"publish","type":"product","link":"https:\/\/www.hispabano.es\/es\/producto\/textura-piedra\/","title":{"rendered":"Textura piedra"},"content":{"rendered":"<div class=\"margen-1\"><\/div>\n<p>2 a\u00f1os de garant\u00eda.<br \/>\nFabricado en Espa\u00f1a.<br \/>\nSolo 3 cm de grosor.<\/p>\n<div class=\"margen-1\"><\/div>\n<p><img loading=\"lazy\" decoding=\"async\" data-src=\"https:\/\/www.hispabano.es\/es\/wp-content\/uploads\/2016\/05\/colores-plato-ducha.jpg\" alt=\"Comprar platos de ducha textura piedra - Hispaba\u00f1o\" width=\"1000\" height=\"556\" class=\"aligncenter size-full wp-image-1067 centrar lazyload\" data-srcset=\"https:\/\/www.hispabano.es\/es\/wp-content\/uploads\/2016\/05\/colores-plato-ducha.jpg 1000w, https:\/\/www.hispabano.es\/es\/wp-content\/uploads\/2016\/05\/colores-plato-ducha-600x334.jpg 600w, https:\/\/www.hispabano.es\/es\/wp-content\/uploads\/2016\/05\/colores-plato-ducha-300x167.jpg 300w\" data-sizes=\"(max-width: 1000px) 100vw, 1000px\" src=\"data:image\/gif;base64,R0lGODlhAQABAAAAACH5BAEKAAEALAAAAAABAAEAAAICTAEAOw==\" style=\"--smush-placeholder-width: 1000px; --smush-placeholder-aspect-ratio: 1000\/556;\" \/><noscript><img loading=\"lazy\" decoding=\"async\" src=\"https:\/\/www.hispabano.es\/es\/wp-content\/uploads\/2016\/05\/colores-plato-ducha.jpg\" alt=\"Comprar platos de ducha textura piedra - Hispaba\u00f1o\" width=\"1000\" height=\"556\" class=\"aligncenter size-full wp-image-1067 centrar\" srcset=\"https:\/\/www.hispabano.es\/es\/wp-content\/uploads\/2016\/05\/colores-plato-ducha.jpg 1000w, https:\/\/www.hispabano.es\/es\/wp-content\/uploads\/2016\/05\/colores-plato-ducha-600x334.jpg 600w, https:\/\/www.hispabano.es\/es\/wp-content\/uploads\/2016\/05\/colores-plato-ducha-300x167.jpg 300w\" sizes=\"(max-width: 1000px) 100vw, 1000px\" \/><\/noscript><\/p>\n<div class=\"margen-1\"><\/div>\n<p><a href=\"https:\/\/www.hispabano.es\/es\/wp-content\/uploads\/2015\/06\/Ficha-PlatosDucha.jpg\" target=\"_blank\"><img loading=\"lazy\" decoding=\"async\" width=\"129\" height=\"53\" class=\"aligncenter size-full wp-image-154 centrar lazyload\" data-src=\"https:\/\/www.hispabano.es\/es\/wp-content\/uploads\/2015\/06\/boton-ficha-tenica.png\" alt=\"boton-ficha-tenica\" src=\"data:image\/gif;base64,R0lGODlhAQABAAAAACH5BAEKAAEALAAAAAABAAEAAAICTAEAOw==\" style=\"--smush-placeholder-width: 129px; --smush-placeholder-aspect-ratio: 129\/53;\" \/><noscript><img loading=\"lazy\" decoding=\"async\" width=\"129\" height=\"53\" class=\"aligncenter size-full wp-image-154 centrar\" src=\"https:\/\/www.hispabano.es\/es\/wp-content\/uploads\/2015\/06\/boton-ficha-tenica.png\" alt=\"boton-ficha-tenica\" \/><\/noscript><\/a><\/p>\n","protected":false},"excerpt":{"rendered":"<p>2 a\u00f1os de garant\u00eda. Fabricado en Espa\u00f1a. Solo 3 cm de grosor.<\/p>\n","protected":false},"featured_media":1056,"template":"","meta":{"ngg_post_thumbnail":0},"product_cat":[35],"product_tag":[],"yoast_head":"<!-- This site is optimized with the Yoast SEO plugin v22.5 - https:\/\/yoast.com\/wordpress\/plugins\/seo\/ -->\n<title>Comprar platos de ducha textura piedra - Hispaba\u00f1o<\/title>\n<meta name=\"description\" content=\"\u00bfNecesitas comprar platos de ducha con textura de piedra? En Hispaba\u00f1o tenemos una gran varidad de platos de ducha, nos adaptamos a tus necesidades.\" \/>\n<meta name=\"robots\" content=\"index, follow, max-snippet:-1, max-image-preview:large, max-video-preview:-1\" \/>\n<link rel=\"canonical\" href=\"https:\/\/www.hispabano.es\/es\/producto\/textura-piedra\/\" \/>\n<meta property=\"og:locale\" content=\"es_ES\" \/>\n<meta property=\"og:type\" content=\"article\" \/>\n<meta property=\"og:title\" content=\"Comprar platos de ducha textura piedra - Hispaba\u00f1o\" \/>\n<meta property=\"og:description\" content=\"\u00bfNecesitas comprar platos de ducha con textura de piedra? En Hispaba\u00f1o tenemos una gran varidad de platos de ducha, nos adaptamos a tus necesidades.\" \/>\n<meta property=\"og:url\" content=\"https:\/\/www.hispabano.es\/es\/producto\/textura-piedra\/\" \/>\n<meta property=\"og:site_name\" content=\"Hispaba\u00f1o: Fabricante de Mamparas de Ba\u00f1o y de Duchas\" \/>\n<meta property=\"article:publisher\" content=\"https:\/\/es-es.facebook.com\/Hispabano\/\" \/>\n<meta property=\"article:modified_time\" content=\"2019-04-05T11:43:41+00:00\" \/>\n<meta property=\"og:image\" content=\"https:\/\/www.hispabano.es\/es\/wp-content\/uploads\/2016\/05\/textura-piedra.jpg\" \/>\n\t<meta property=\"og:image:width\" content=\"425\" \/>\n\t<meta property=\"og:image:height\" content=\"392\" \/>\n\t<meta property=\"og:image:type\" content=\"image\/jpeg\" \/>\n<script type=\"application\/ld+json\" class=\"yoast-schema-graph\">{\"@context\":\"https:\/\/schema.org\",\"@graph\":[{\"@type\":\"WebPage\",\"@id\":\"https:\/\/www.hispabano.es\/es\/producto\/textura-piedra\/\",\"url\":\"https:\/\/www.hispabano.es\/es\/producto\/textura-piedra\/\",\"name\":\"Comprar platos de ducha textura piedra - Hispaba\u00f1o\",\"isPartOf\":{\"@id\":\"https:\/\/www.hispabano.es\/es\/#website\"},\"primaryImageOfPage\":{\"@id\":\"https:\/\/www.hispabano.es\/es\/producto\/textura-piedra\/#primaryimage\"},\"image\":{\"@id\":\"https:\/\/www.hispabano.es\/es\/producto\/textura-piedra\/#primaryimage\"},\"thumbnailUrl\":\"https:\/\/www.hispabano.es\/es\/wp-content\/uploads\/2016\/05\/textura-piedra.jpg\",\"datePublished\":\"2016-05-27T11:43:05+00:00\",\"dateModified\":\"2019-04-05T11:43:41+00:00\",\"description\":\"\u00bfNecesitas comprar platos de ducha con textura de piedra? En Hispaba\u00f1o tenemos una gran varidad de platos de ducha, nos adaptamos a tus necesidades.\",\"breadcrumb\":{\"@id\":\"https:\/\/www.hispabano.es\/es\/producto\/textura-piedra\/#breadcrumb\"},\"inLanguage\":\"es\",\"potentialAction\":[{\"@type\":\"ReadAction\",\"target\":[\"https:\/\/www.hispabano.es\/es\/producto\/textura-piedra\/\"]}]},{\"@type\":\"ImageObject\",\"inLanguage\":\"es\",\"@id\":\"https:\/\/www.hispabano.es\/es\/producto\/textura-piedra\/#primaryimage\",\"url\":\"https:\/\/www.hispabano.es\/es\/wp-content\/uploads\/2016\/05\/textura-piedra.jpg\",\"contentUrl\":\"https:\/\/www.hispabano.es\/es\/wp-content\/uploads\/2016\/05\/textura-piedra.jpg\",\"width\":425,\"height\":392},{\"@type\":\"BreadcrumbList\",\"@id\":\"https:\/\/www.hispabano.es\/es\/producto\/textura-piedra\/#breadcrumb\",\"itemListElement\":[{\"@type\":\"ListItem\",\"position\":1,\"name\":\"Portada\",\"item\":\"https:\/\/www.hispabano.es\/es\/\"},{\"@type\":\"ListItem\",\"position\":2,\"name\":\"Productos\",\"item\":\"https:\/\/www.hispabano.es\/es\/shop\/\"},{\"@type\":\"ListItem\",\"position\":3,\"name\":\"Textura piedra\"}]},{\"@type\":\"WebSite\",\"@id\":\"https:\/\/www.hispabano.es\/es\/#website\",\"url\":\"https:\/\/www.hispabano.es\/es\/\",\"name\":\"Hispaba\u00f1o: Fabricante de Mamparas de Ba\u00f1o y de Duchas\",\"description\":\"Como fabricantes, y siguiendo las \u00faltimas tendencias, disponemos de una amplia gama de soluciones, dentro y fuera de nuestro cat\u00e1logo, para dar respuesta a ...\",\"publisher\":{\"@id\":\"https:\/\/www.hispabano.es\/es\/#organization\"},\"potentialAction\":[{\"@type\":\"SearchAction\",\"target\":{\"@type\":\"EntryPoint\",\"urlTemplate\":\"https:\/\/www.hispabano.es\/es\/?s={search_term_string}\"},\"query-input\":\"required name=search_term_string\"}],\"inLanguage\":\"es\"},{\"@type\":\"Organization\",\"@id\":\"https:\/\/www.hispabano.es\/es\/#organization\",\"name\":\"Hispaba\u00f1o: Fabricante de Mamparas de Ba\u00f1o y de Duchas\",\"url\":\"https:\/\/www.hispabano.es\/es\/\",\"logo\":{\"@type\":\"ImageObject\",\"inLanguage\":\"es\",\"@id\":\"https:\/\/www.hispabano.es\/es\/#\/schema\/logo\/image\/\",\"url\":\"https:\/\/www.hispabano.es\/es\/wp-content\/uploads\/2020\/11\/cropped-favicon.jpg\",\"contentUrl\":\"https:\/\/www.hispabano.es\/es\/wp-content\/uploads\/2020\/11\/cropped-favicon.jpg\",\"width\":512,\"height\":512,\"caption\":\"Hispaba\u00f1o: Fabricante de Mamparas de Ba\u00f1o y de Duchas\"},\"image\":{\"@id\":\"https:\/\/www.hispabano.es\/es\/#\/schema\/logo\/image\/\"},\"sameAs\":[\"https:\/\/es-es.facebook.com\/Hispabano\/\",\"https:\/\/www.youtube.com\/@hispabano9335\",\"https:\/\/www.linkedin.com\/company\/hispabao-sl\/mycompany\/\"]}]}<\/script>\n<!-- \/ Yoast SEO plugin. -->","yoast_head_json":{"title":"Comprar platos de ducha textura piedra - Hispaba\u00f1o","description":"\u00bfNecesitas comprar platos de ducha con textura de piedra? En Hispaba\u00f1o tenemos una gran varidad de platos de ducha, nos adaptamos a tus necesidades.","robots":{"index":"index","follow":"follow","max-snippet":"max-snippet:-1","max-image-preview":"max-image-preview:large","max-video-preview":"max-video-preview:-1"},"canonical":"https:\/\/www.hispabano.es\/es\/producto\/textura-piedra\/","og_locale":"es_ES","og_type":"article","og_title":"Comprar platos de ducha textura piedra - Hispaba\u00f1o","og_description":"\u00bfNecesitas comprar platos de ducha con textura de piedra? En Hispaba\u00f1o tenemos una gran varidad de platos de ducha, nos adaptamos a tus necesidades.","og_url":"https:\/\/www.hispabano.es\/es\/producto\/textura-piedra\/","og_site_name":"Hispaba\u00f1o: Fabricante de Mamparas de Ba\u00f1o y de Duchas","article_publisher":"https:\/\/es-es.facebook.com\/Hispabano\/","article_modified_time":"2019-04-05T11:43:41+00:00","og_image":[{"width":425,"height":392,"url":"https:\/\/www.hispabano.es\/es\/wp-content\/uploads\/2016\/05\/textura-piedra.jpg","type":"image\/jpeg"}],"schema":{"@context":"https:\/\/schema.org","@graph":[{"@type":"WebPage","@id":"https:\/\/www.hispabano.es\/es\/producto\/textura-piedra\/","url":"https:\/\/www.hispabano.es\/es\/producto\/textura-piedra\/","name":"Comprar platos de ducha textura piedra - Hispaba\u00f1o","isPartOf":{"@id":"https:\/\/www.hispabano.es\/es\/#website"},"primaryImageOfPage":{"@id":"https:\/\/www.hispabano.es\/es\/producto\/textura-piedra\/#primaryimage"},"image":{"@id":"https:\/\/www.hispabano.es\/es\/producto\/textura-piedra\/#primaryimage"},"thumbnailUrl":"https:\/\/www.hispabano.es\/es\/wp-content\/uploads\/2016\/05\/textura-piedra.jpg","datePublished":"2016-05-27T11:43:05+00:00","dateModified":"2019-04-05T11:43:41+00:00","description":"\u00bfNecesitas comprar platos de ducha con textura de piedra? En Hispaba\u00f1o tenemos una gran varidad de platos de ducha, nos adaptamos a tus necesidades.","breadcrumb":{"@id":"https:\/\/www.hispabano.es\/es\/producto\/textura-piedra\/#breadcrumb"},"inLanguage":"es","potentialAction":[{"@type":"ReadAction","target":["https:\/\/www.hispabano.es\/es\/producto\/textura-piedra\/"]}]},{"@type":"ImageObject","inLanguage":"es","@id":"https:\/\/www.hispabano.es\/es\/producto\/textura-piedra\/#primaryimage","url":"https:\/\/www.hispabano.es\/es\/wp-content\/uploads\/2016\/05\/textura-piedra.jpg","contentUrl":"https:\/\/www.hispabano.es\/es\/wp-content\/uploads\/2016\/05\/textura-piedra.jpg","width":425,"height":392},{"@type":"BreadcrumbList","@id":"https:\/\/www.hispabano.es\/es\/producto\/textura-piedra\/#breadcrumb","itemListElement":[{"@type":"ListItem","position":1,"name":"Portada","item":"https:\/\/www.hispabano.es\/es\/"},{"@type":"ListItem","position":2,"name":"Productos","item":"https:\/\/www.hispabano.es\/es\/shop\/"},{"@type":"ListItem","position":3,"name":"Textura piedra"}]},{"@type":"WebSite","@id":"https:\/\/www.hispabano.es\/es\/#website","url":"https:\/\/www.hispabano.es\/es\/","name":"Hispaba\u00f1o: Fabricante de Mamparas de Ba\u00f1o y de Duchas","description":"Como fabricantes, y siguiendo las \u00faltimas tendencias, disponemos de una amplia gama de soluciones, dentro y fuera de nuestro cat\u00e1logo, para dar respuesta a ...","publisher":{"@id":"https:\/\/www.hispabano.es\/es\/#organization"},"potentialAction":[{"@type":"SearchAction","target":{"@type":"EntryPoint","urlTemplate":"https:\/\/www.hispabano.es\/es\/?s={search_term_string}"},"query-input":"required name=search_term_string"}],"inLanguage":"es"},{"@type":"Organization","@id":"https:\/\/www.hispabano.es\/es\/#organization","name":"Hispaba\u00f1o: Fabricante de Mamparas de Ba\u00f1o y de Duchas","url":"https:\/\/www.hispabano.es\/es\/","logo":{"@type":"ImageObject","inLanguage":"es","@id":"https:\/\/www.hispabano.es\/es\/#\/schema\/logo\/image\/","url":"https:\/\/www.hispabano.es\/es\/wp-content\/uploads\/2020\/11\/cropped-favicon.jpg","contentUrl":"https:\/\/www.hispabano.es\/es\/wp-content\/uploads\/2020\/11\/cropped-favicon.jpg","width":512,"height":512,"caption":"Hispaba\u00f1o: Fabricante de Mamparas de Ba\u00f1o y de Duchas"},"image":{"@id":"https:\/\/www.hispabano.es\/es\/#\/schema\/logo\/image\/"},"sameAs":["https:\/\/es-es.facebook.com\/Hispabano\/","https:\/\/www.youtube.com\/@hispabano9335","https:\/\/www.linkedin.com\/company\/hispabao-sl\/mycompany\/"]}]}},"_links":{"self":[{"href":"https:\/\/www.hispabano.es\/es\/wp-json\/wp\/v2\/product\/1054"}],"collection":[{"href":"https:\/\/www.hispabano.es\/es\/wp-json\/wp\/v2\/product"}],"about":[{"href":"https:\/\/www.hispabano.es\/es\/wp-json\/wp\/v2\/types\/product"}],"wp:featuredmedia":[{"embeddable":true,"href":"https:\/\/www.hispabano.es\/es\/wp-json\/wp\/v2\/media\/1056"}],"wp:attachment":[{"href":"https:\/\/www.hispabano.es\/es\/wp-json\/wp\/v2\/media?parent=1054"}],"wp:term":[{"taxonomy":"product_cat","embeddable":true,"href":"https:\/\/www.hispabano.es\/es\/wp-json\/wp\/v2\/product_cat?post=1054"},{"taxonomy":"product_tag","embeddable":true,"href":"https:\/\/www.hispabano.es\/es\/wp-json\/wp\/v2\/product_tag?post=1054"}],"curies":[{"name":"wp","href":"https:\/\/api.w.org\/{rel}","templated":true}]}}