{"id":9,"date":"2015-06-17T14:22:49","date_gmt":"2015-06-17T14:22:49","guid":{"rendered":"https:\/\/www.hispabano.es\/es\/?page_id=9"},"modified":"2023-12-27T22:36:58","modified_gmt":"2023-12-27T21:36:58","slug":"empresa","status":"publish","type":"page","link":"https:\/\/www.hispabano.es\/es\/empresa\/","title":{"rendered":"Empresa"},"content":{"rendered":"<div class=\"dos-columnas\">\n<p>Hispaba\u00f1o S.L., es una empresa sevillana dedicada a la <strong>fabricaci\u00f3n de mamparas de ba\u00f1o y ducha<\/strong>.<\/p>\n<p>Nace en agosto de 1995 como resultado de a\u00f1os de trabajo en el sector de la carpinter\u00eda met\u00e1lica.<\/p>\n<p>Con m\u00e1s de <strong>25 a\u00f1os de experiencia<\/strong>, nuestra empresa ha mantenido desde sus or\u00edgenes una pol\u00edtica de <strong>m\u00e1xima calidad, seriedad y servicio al cliente<\/strong>, y un constante inter\u00e9s por adecuarse a las tendencias y necesidades del mercado.<\/p>\n<p>As\u00ed lo avalan m\u00e1s de 10.000 clientes, que conf\u00edan en nosotros a trav\u00e9s de una red de ventas distribuida por toda la geograf\u00eda espa\u00f1ola y europea.<\/p>\n<p>En nuestra empresa, trabajamos cada d\u00eda para que nuestra marca sea un <strong>referente de excelencia, calidad y servicio<\/strong>, a trav\u00e9s de tres herramientas fundamentales: calidad en la materia prima, apuesta por la promoci\u00f3n del talento en nuestro personal, y nuestro sistema de trabajo \u201cJust in time\u201d. Con ello conseguimos marcar la diferencia creando un <strong>valor diferencial que nos hace \u00fanicos<\/strong>.<\/p>\n<p>La m\u00e1xima personalizaci\u00f3n, la calidad, el dise\u00f1o y un servicio excelente definen la filosof\u00eda de Hispaba\u00f1o durante estos 28 a\u00f1os.<\/p>\n<p><a href=\"https:\/\/www.hispabano.es\/es\/\">Volver a Inicio<\/a><\/p>\n<\/div>\n","protected":false},"excerpt":{"rendered":"<p>Hispaba\u00f1o S.L., es una empresa sevillana dedicada a la fabricaci\u00f3n de mamparas de ba\u00f1o y ducha. Nace en agosto de 1995 como resultado de a\u00f1os de trabajo en el sector de la carpinter\u00eda met\u00e1lica. Con m\u00e1s de 25 a\u00f1os de experiencia, nuestra empresa ha mantenido desde sus or\u00edgenes una pol\u00edtica de m\u00e1xima calidad, seriedad y [&hellip;]<\/p>\n","protected":false},"author":2,"featured_media":0,"parent":0,"menu_order":0,"comment_status":"open","ping_status":"open","template":"","meta":{"ngg_post_thumbnail":0,"footnotes":""},"yoast_head":"<!-- This site is optimized with the Yoast SEO plugin v22.5 - https:\/\/yoast.com\/wordpress\/plugins\/seo\/ -->\n<title>Conoce nuestra empresa Hispaba\u00f1o S.L.<\/title>\n<meta name=\"description\" content=\"La empresa Hispaba\u00f1o S.L. fu\u00e9 creada en Sevilla en 1995, dedicada desde su origen a la fabricaci\u00f3n de mamparas de ba\u00f1o y ducha.\" \/>\n<meta name=\"robots\" content=\"index, follow, max-snippet:-1, max-image-preview:large, max-video-preview:-1\" \/>\n<link rel=\"canonical\" href=\"https:\/\/www.hispabano.es\/es\/empresa\/\" \/>\n<meta property=\"og:locale\" content=\"es_ES\" \/>\n<meta property=\"og:type\" content=\"article\" \/>\n<meta property=\"og:title\" content=\"Conoce nuestra empresa Hispaba\u00f1o S.L.\" \/>\n<meta property=\"og:description\" content=\"La empresa Hispaba\u00f1o S.L. fu\u00e9 creada en Sevilla en 1995, dedicada desde su origen a la fabricaci\u00f3n de mamparas de ba\u00f1o y ducha.\" \/>\n<meta property=\"og:url\" content=\"https:\/\/www.hispabano.es\/es\/empresa\/\" \/>\n<meta property=\"og:site_name\" content=\"Hispaba\u00f1o: Fabricante de Mamparas de Ba\u00f1o y de Duchas\" \/>\n<meta property=\"article:publisher\" content=\"https:\/\/es-es.facebook.com\/Hispabano\/\" \/>\n<meta property=\"article:modified_time\" content=\"2023-12-27T21:36:58+00:00\" \/>\n<meta name=\"twitter:label1\" content=\"Tiempo de lectura\" \/>\n\t<meta name=\"twitter:data1\" content=\"1 minuto\" \/>\n<script type=\"application\/ld+json\" class=\"yoast-schema-graph\">{\"@context\":\"https:\/\/schema.org\",\"@graph\":[{\"@type\":[\"WebPage\",\"AboutPage\"],\"@id\":\"https:\/\/www.hispabano.es\/es\/empresa\/\",\"url\":\"https:\/\/www.hispabano.es\/es\/empresa\/\",\"name\":\"Conoce nuestra empresa Hispaba\u00f1o S.L.\",\"isPartOf\":{\"@id\":\"https:\/\/www.hispabano.es\/es\/#website\"},\"datePublished\":\"2015-06-17T14:22:49+00:00\",\"dateModified\":\"2023-12-27T21:36:58+00:00\",\"description\":\"La empresa Hispaba\u00f1o S.L. fu\u00e9 creada en Sevilla en 1995, dedicada desde su origen a la fabricaci\u00f3n de mamparas de ba\u00f1o y ducha.\",\"breadcrumb\":{\"@id\":\"https:\/\/www.hispabano.es\/es\/empresa\/#breadcrumb\"},\"inLanguage\":\"es\",\"potentialAction\":[{\"@type\":\"ReadAction\",\"target\":[\"https:\/\/www.hispabano.es\/es\/empresa\/\"]}]},{\"@type\":\"BreadcrumbList\",\"@id\":\"https:\/\/www.hispabano.es\/es\/empresa\/#breadcrumb\",\"itemListElement\":[{\"@type\":\"ListItem\",\"position\":1,\"name\":\"Portada\",\"item\":\"https:\/\/www.hispabano.es\/es\/\"},{\"@type\":\"ListItem\",\"position\":2,\"name\":\"Empresa\"}]},{\"@type\":\"WebSite\",\"@id\":\"https:\/\/www.hispabano.es\/es\/#website\",\"url\":\"https:\/\/www.hispabano.es\/es\/\",\"name\":\"Hispaba\u00f1o: Fabricante de Mamparas de Ba\u00f1o y de Duchas\",\"description\":\"Como fabricantes, y siguiendo las \u00faltimas tendencias, disponemos de una amplia gama de soluciones, dentro y fuera de nuestro cat\u00e1logo, para dar respuesta a ...\",\"publisher\":{\"@id\":\"https:\/\/www.hispabano.es\/es\/#organization\"},\"potentialAction\":[{\"@type\":\"SearchAction\",\"target\":{\"@type\":\"EntryPoint\",\"urlTemplate\":\"https:\/\/www.hispabano.es\/es\/?s={search_term_string}\"},\"query-input\":\"required name=search_term_string\"}],\"inLanguage\":\"es\"},{\"@type\":\"Organization\",\"@id\":\"https:\/\/www.hispabano.es\/es\/#organization\",\"name\":\"Hispaba\u00f1o: Fabricante de Mamparas de Ba\u00f1o y de Duchas\",\"url\":\"https:\/\/www.hispabano.es\/es\/\",\"logo\":{\"@type\":\"ImageObject\",\"inLanguage\":\"es\",\"@id\":\"https:\/\/www.hispabano.es\/es\/#\/schema\/logo\/image\/\",\"url\":\"https:\/\/www.hispabano.es\/es\/wp-content\/uploads\/2020\/11\/cropped-favicon.jpg\",\"contentUrl\":\"https:\/\/www.hispabano.es\/es\/wp-content\/uploads\/2020\/11\/cropped-favicon.jpg\",\"width\":512,\"height\":512,\"caption\":\"Hispaba\u00f1o: Fabricante de Mamparas de Ba\u00f1o y de Duchas\"},\"image\":{\"@id\":\"https:\/\/www.hispabano.es\/es\/#\/schema\/logo\/image\/\"},\"sameAs\":[\"https:\/\/es-es.facebook.com\/Hispabano\/\",\"https:\/\/www.youtube.com\/@hispabano9335\",\"https:\/\/www.linkedin.com\/company\/hispabao-sl\/mycompany\/\"]}]}<\/script>\n<!-- \/ Yoast SEO plugin. -->","yoast_head_json":{"title":"Conoce nuestra empresa Hispaba\u00f1o S.L.","description":"La empresa Hispaba\u00f1o S.L. fu\u00e9 creada en Sevilla en 1995, dedicada desde su origen a la fabricaci\u00f3n de mamparas de ba\u00f1o y ducha.","robots":{"index":"index","follow":"follow","max-snippet":"max-snippet:-1","max-image-preview":"max-image-preview:large","max-video-preview":"max-video-preview:-1"},"canonical":"https:\/\/www.hispabano.es\/es\/empresa\/","og_locale":"es_ES","og_type":"article","og_title":"Conoce nuestra empresa Hispaba\u00f1o S.L.","og_description":"La empresa Hispaba\u00f1o S.L. fu\u00e9 creada en Sevilla en 1995, dedicada desde su origen a la fabricaci\u00f3n de mamparas de ba\u00f1o y ducha.","og_url":"https:\/\/www.hispabano.es\/es\/empresa\/","og_site_name":"Hispaba\u00f1o: Fabricante de Mamparas de Ba\u00f1o y de Duchas","article_publisher":"https:\/\/es-es.facebook.com\/Hispabano\/","article_modified_time":"2023-12-27T21:36:58+00:00","twitter_misc":{"Tiempo de lectura":"1 minuto"},"schema":{"@context":"https:\/\/schema.org","@graph":[{"@type":["WebPage","AboutPage"],"@id":"https:\/\/www.hispabano.es\/es\/empresa\/","url":"https:\/\/www.hispabano.es\/es\/empresa\/","name":"Conoce nuestra empresa Hispaba\u00f1o S.L.","isPartOf":{"@id":"https:\/\/www.hispabano.es\/es\/#website"},"datePublished":"2015-06-17T14:22:49+00:00","dateModified":"2023-12-27T21:36:58+00:00","description":"La empresa Hispaba\u00f1o S.L. fu\u00e9 creada en Sevilla en 1995, dedicada desde su origen a la fabricaci\u00f3n de mamparas de ba\u00f1o y ducha.","breadcrumb":{"@id":"https:\/\/www.hispabano.es\/es\/empresa\/#breadcrumb"},"inLanguage":"es","potentialAction":[{"@type":"ReadAction","target":["https:\/\/www.hispabano.es\/es\/empresa\/"]}]},{"@type":"BreadcrumbList","@id":"https:\/\/www.hispabano.es\/es\/empresa\/#breadcrumb","itemListElement":[{"@type":"ListItem","position":1,"name":"Portada","item":"https:\/\/www.hispabano.es\/es\/"},{"@type":"ListItem","position":2,"name":"Empresa"}]},{"@type":"WebSite","@id":"https:\/\/www.hispabano.es\/es\/#website","url":"https:\/\/www.hispabano.es\/es\/","name":"Hispaba\u00f1o: Fabricante de Mamparas de Ba\u00f1o y de Duchas","description":"Como fabricantes, y siguiendo las \u00faltimas tendencias, disponemos de una amplia gama de soluciones, dentro y fuera de nuestro cat\u00e1logo, para dar respuesta a ...","publisher":{"@id":"https:\/\/www.hispabano.es\/es\/#organization"},"potentialAction":[{"@type":"SearchAction","target":{"@type":"EntryPoint","urlTemplate":"https:\/\/www.hispabano.es\/es\/?s={search_term_string}"},"query-input":"required name=search_term_string"}],"inLanguage":"es"},{"@type":"Organization","@id":"https:\/\/www.hispabano.es\/es\/#organization","name":"Hispaba\u00f1o: Fabricante de Mamparas de Ba\u00f1o y de Duchas","url":"https:\/\/www.hispabano.es\/es\/","logo":{"@type":"ImageObject","inLanguage":"es","@id":"https:\/\/www.hispabano.es\/es\/#\/schema\/logo\/image\/","url":"https:\/\/www.hispabano.es\/es\/wp-content\/uploads\/2020\/11\/cropped-favicon.jpg","contentUrl":"https:\/\/www.hispabano.es\/es\/wp-content\/uploads\/2020\/11\/cropped-favicon.jpg","width":512,"height":512,"caption":"Hispaba\u00f1o: Fabricante de Mamparas de Ba\u00f1o y de Duchas"},"image":{"@id":"https:\/\/www.hispabano.es\/es\/#\/schema\/logo\/image\/"},"sameAs":["https:\/\/es-es.facebook.com\/Hispabano\/","https:\/\/www.youtube.com\/@hispabano9335","https:\/\/www.linkedin.com\/company\/hispabao-sl\/mycompany\/"]}]}},"_links":{"self":[{"href":"https:\/\/www.hispabano.es\/es\/wp-json\/wp\/v2\/pages\/9"}],"collection":[{"href":"https:\/\/www.hispabano.es\/es\/wp-json\/wp\/v2\/pages"}],"about":[{"href":"https:\/\/www.hispabano.es\/es\/wp-json\/wp\/v2\/types\/page"}],"author":[{"embeddable":true,"href":"https:\/\/www.hispabano.es\/es\/wp-json\/wp\/v2\/users\/2"}],"replies":[{"embeddable":true,"href":"https:\/\/www.hispabano.es\/es\/wp-json\/wp\/v2\/comments?post=9"}],"version-history":[{"count":7,"href":"https:\/\/www.hispabano.es\/es\/wp-json\/wp\/v2\/pages\/9\/revisions"}],"predecessor-version":[{"id":2007,"href":"https:\/\/www.hispabano.es\/es\/wp-json\/wp\/v2\/pages\/9\/revisions\/2007"}],"wp:attachment":[{"href":"https:\/\/www.hispabano.es\/es\/wp-json\/wp\/v2\/media?parent=9"}],"curies":[{"name":"wp","href":"https:\/\/api.w.org\/{rel}","templated":true}]}}