{"id":7,"date":"2015-06-17T14:22:32","date_gmt":"2015-06-17T14:22:32","guid":{"rendered":"https:\/\/www.hispabano.es\/es\/?page_id=7"},"modified":"2024-01-08T22:48:10","modified_gmt":"2024-01-08T21:48:10","slug":"hispabano-s-l-fabricante-de-mamparas-de-bano-y-de-ducha","status":"publish","type":"page","link":"https:\/\/www.hispabano.es\/es\/","title":{"rendered":"Inicio"},"content":{"rendered":"<div>&nbsp;<\/div>\n<div class=\"clear\">&nbsp;<\/div>\n<section class=\"accesos-home\">\n<div class=\"producto-selector borde-blanco wow slideInLeft\">\n<p><img loading=\"lazy\" decoding=\"async\" class=\"aligncenter wp-image-1314 size-full lazyload\" title=\"Modelo 9000 - Mampara de ducha frontal dos hojas correderas y lateral fijo\" data-src=\"https:\/\/www.hispabano.es\/es\/wp-content\/uploads\/2020\/11\/hispa001.jpg\" alt=\"Modelo 9000 - Mampara de ducha frontal dos hojas correderas y lateral fijo\" width=\"800\" height=\"800\" src=\"data:image\/gif;base64,R0lGODlhAQABAAAAACH5BAEKAAEALAAAAAABAAEAAAICTAEAOw==\" style=\"--smush-placeholder-width: 800px; --smush-placeholder-aspect-ratio: 800\/800;\"><noscript><img loading=\"lazy\" decoding=\"async\" class=\"aligncenter wp-image-1314 size-full\" title=\"Modelo 9000 - Mampara de ducha frontal dos hojas correderas y lateral fijo\" src=\"https:\/\/www.hispabano.es\/es\/wp-content\/uploads\/2020\/11\/hispa001.jpg\" alt=\"Modelo 9000 - Mampara de ducha frontal dos hojas correderas y lateral fijo\" width=\"800\" height=\"800\"><\/noscript><\/p>\n<h3><a href=\"https:\/\/www.hispabano.es\/es\/wp-content\/uploads\/2022\/09\/hispabano-catalogo-general-2022.pdf\">Descargar Nuevo cat\u00e1logo <\/a><\/h3>\n<\/div>\n<div class=\"producto-selector borde-blanco\">\n<p class=\"m-0 p-0\"><img loading=\"lazy\" decoding=\"async\" class=\"aligncenter wp-image-1315 size-full lazyload\" title=\"Modelo 854 Mampara de ba\u00f1o Frontal de hoja abatible con canto vela + fijo continuo 35 cms\" data-src=\"https:\/\/www.hispabano.es\/es\/wp-content\/uploads\/2020\/11\/hispa002.jpg\" alt=\"Modelo 854 Mampara de ba\u00f1o Frontal de hoja abatible con canto vela + fijo continuo 35 cms\" width=\"800\" height=\"800\" src=\"data:image\/gif;base64,R0lGODlhAQABAAAAACH5BAEKAAEALAAAAAABAAEAAAICTAEAOw==\" style=\"--smush-placeholder-width: 800px; --smush-placeholder-aspect-ratio: 800\/800;\"><noscript><img loading=\"lazy\" decoding=\"async\" class=\"aligncenter wp-image-1315 size-full\" title=\"Modelo 854 Mampara de ba\u00f1o Frontal de hoja abatible con canto vela + fijo continuo 35 cms\" src=\"https:\/\/www.hispabano.es\/es\/wp-content\/uploads\/2020\/11\/hispa002.jpg\" alt=\"Modelo 854 Mampara de ba\u00f1o Frontal de hoja abatible con canto vela + fijo continuo 35 cms\" width=\"800\" height=\"800\"><\/noscript><\/p>\n<h3><a href=\"https:\/\/www.hispabano.es\/es\/catalogo\/\">Productos<\/a><\/h3>\n<\/div>\n<div class=\"producto-selector borde-blanco wow slideInRight\">\n<p class=\"m-0 p-0\"><img loading=\"lazy\" decoding=\"async\" class=\"aligncenter wp-image-1316 size-full lazyload\" title=\"Modelo 801 Mampara de ducha Frontal con hoja abatible + dos fijos continuos\" data-src=\"https:\/\/www.hispabano.es\/es\/wp-content\/uploads\/2020\/11\/hispa003.jpg\" alt=\"Modelo 801 Mampara de ducha Frontal con hoja abatible + dos fijos continuos\" width=\"800\" height=\"800\" src=\"data:image\/gif;base64,R0lGODlhAQABAAAAACH5BAEKAAEALAAAAAABAAEAAAICTAEAOw==\" style=\"--smush-placeholder-width: 800px; --smush-placeholder-aspect-ratio: 800\/800;\"><noscript><img loading=\"lazy\" decoding=\"async\" class=\"aligncenter wp-image-1316 size-full\" title=\"Modelo 801 Mampara de ducha Frontal con hoja abatible + dos fijos continuos\" src=\"https:\/\/www.hispabano.es\/es\/wp-content\/uploads\/2020\/11\/hispa003.jpg\" alt=\"Modelo 801 Mampara de ducha Frontal con hoja abatible + dos fijos continuos\" width=\"800\" height=\"800\"><\/noscript><\/p>\n<h3><a href=\"https:\/\/www.hispabano.es\/es\/catalogo\/\">Exposici\u00f3n<\/a><\/h3>\n<\/div>\n<\/section>\n<div class=\"clear\">&nbsp;<\/div>\n<section class=\"envio-inmediato fondo-negro table-wp\">\n<div class=\"row-wp\">\n<div class=\"titulo-envio-inmediato cell-wp\">\n<div class=\"caja-envio-inmediato wow fadeInLeft p-5\">\n<h2>Hecho en Espa\u00f1a<\/h2>\n<\/div>\n<\/div>\n<div class=\"fondo-envio-inmediato cell-wp\">&nbsp;<\/div>\n<\/div>\n<\/section>\n<div class=\"clear\">&nbsp;<\/div>\n<section class=\"blog-home table-wp\">\n<div class=\"row-wp\">\n<div class=\"blog-home-acceso m-0 cell-wp\">\n<h2 class=\"mt-5 mb-4 wow fadeInUp\">BLOG<\/h2>\n<p class=\"text-center pb-4 mb-5 wow fadeInUp\"><a class=\"boton-noticias\" href=\"https:\/\/www.hispabano.es\/es\/category\/actualidad\/\">VER M\u00c1S<\/a><\/p>\n<\/div>\n<div class=\"m-0 grid-noticias cell-wp\"><div class=\"pt-cv-wrapper\"><div class=\"pt-cv-view pt-cv-grid pt-cv-colsys\" id=\"pt-cv-view-4eef259atd\"><div data-id=\"pt-cv-page-1\" class=\"pt-cv-page\" data-cvc=\"3\"><div class=\"col-md-4 col-sm-4 col-xs-12 pt-cv-content-item pt-cv-1-col\" ><div class='pt-cv-ifield'><a href=\"https:\/\/www.hispabano.es\/es\/tarifa-2022-hispabano\/\" class=\"_self pt-cv-href-thumbnail pt-cv-thumb-default\" target=\"_self\" ><img loading=\"lazy\" decoding=\"async\" width=\"1024\" height=\"1024\" data-src=\"https:\/\/www.hispabano.es\/es\/wp-content\/uploads\/2022\/09\/POrtada-tarifa-1080-x-1080-1024x1024.png\" class=\"pt-cv-thumbnail lazyload\" alt=\"\" data-srcset=\"https:\/\/www.hispabano.es\/es\/wp-content\/uploads\/2022\/09\/POrtada-tarifa-1080-x-1080-1024x1024.png 1024w, https:\/\/www.hispabano.es\/es\/wp-content\/uploads\/2022\/09\/POrtada-tarifa-1080-x-1080-150x150.png 150w, https:\/\/www.hispabano.es\/es\/wp-content\/uploads\/2022\/09\/POrtada-tarifa-1080-x-1080-300x300.png 300w, https:\/\/www.hispabano.es\/es\/wp-content\/uploads\/2022\/09\/POrtada-tarifa-1080-x-1080-768x768.png 768w, https:\/\/www.hispabano.es\/es\/wp-content\/uploads\/2022\/09\/POrtada-tarifa-1080-x-1080-48x48.png 48w, https:\/\/www.hispabano.es\/es\/wp-content\/uploads\/2022\/09\/POrtada-tarifa-1080-x-1080-250x250.png 250w, https:\/\/www.hispabano.es\/es\/wp-content\/uploads\/2022\/09\/POrtada-tarifa-1080-x-1080-550x550.png 550w, https:\/\/www.hispabano.es\/es\/wp-content\/uploads\/2022\/09\/POrtada-tarifa-1080-x-1080-800x800.png 800w, https:\/\/www.hispabano.es\/es\/wp-content\/uploads\/2022\/09\/POrtada-tarifa-1080-x-1080-180x180.png 180w, https:\/\/www.hispabano.es\/es\/wp-content\/uploads\/2022\/09\/POrtada-tarifa-1080-x-1080-500x500.png 500w, https:\/\/www.hispabano.es\/es\/wp-content\/uploads\/2022\/09\/POrtada-tarifa-1080-x-1080-600x600.png 600w, https:\/\/www.hispabano.es\/es\/wp-content\/uploads\/2022\/09\/POrtada-tarifa-1080-x-1080-100x100.png 100w, https:\/\/www.hispabano.es\/es\/wp-content\/uploads\/2022\/09\/POrtada-tarifa-1080-x-1080.png 1080w\" data-sizes=\"(max-width: 1024px) 100vw, 1024px\" src=\"data:image\/gif;base64,R0lGODlhAQABAAAAACH5BAEKAAEALAAAAAABAAEAAAICTAEAOw==\" style=\"--smush-placeholder-width: 1024px; --smush-placeholder-aspect-ratio: 1024\/1024;\" \/><noscript><img loading=\"lazy\" decoding=\"async\" width=\"1024\" height=\"1024\" src=\"https:\/\/www.hispabano.es\/es\/wp-content\/uploads\/2022\/09\/POrtada-tarifa-1080-x-1080-1024x1024.png\" class=\"pt-cv-thumbnail\" alt=\"\" srcset=\"https:\/\/www.hispabano.es\/es\/wp-content\/uploads\/2022\/09\/POrtada-tarifa-1080-x-1080-1024x1024.png 1024w, https:\/\/www.hispabano.es\/es\/wp-content\/uploads\/2022\/09\/POrtada-tarifa-1080-x-1080-150x150.png 150w, https:\/\/www.hispabano.es\/es\/wp-content\/uploads\/2022\/09\/POrtada-tarifa-1080-x-1080-300x300.png 300w, https:\/\/www.hispabano.es\/es\/wp-content\/uploads\/2022\/09\/POrtada-tarifa-1080-x-1080-768x768.png 768w, https:\/\/www.hispabano.es\/es\/wp-content\/uploads\/2022\/09\/POrtada-tarifa-1080-x-1080-48x48.png 48w, https:\/\/www.hispabano.es\/es\/wp-content\/uploads\/2022\/09\/POrtada-tarifa-1080-x-1080-250x250.png 250w, https:\/\/www.hispabano.es\/es\/wp-content\/uploads\/2022\/09\/POrtada-tarifa-1080-x-1080-550x550.png 550w, https:\/\/www.hispabano.es\/es\/wp-content\/uploads\/2022\/09\/POrtada-tarifa-1080-x-1080-800x800.png 800w, https:\/\/www.hispabano.es\/es\/wp-content\/uploads\/2022\/09\/POrtada-tarifa-1080-x-1080-180x180.png 180w, https:\/\/www.hispabano.es\/es\/wp-content\/uploads\/2022\/09\/POrtada-tarifa-1080-x-1080-500x500.png 500w, https:\/\/www.hispabano.es\/es\/wp-content\/uploads\/2022\/09\/POrtada-tarifa-1080-x-1080-600x600.png 600w, https:\/\/www.hispabano.es\/es\/wp-content\/uploads\/2022\/09\/POrtada-tarifa-1080-x-1080-100x100.png 100w, https:\/\/www.hispabano.es\/es\/wp-content\/uploads\/2022\/09\/POrtada-tarifa-1080-x-1080.png 1080w\" sizes=\"(max-width: 1024px) 100vw, 1024px\" \/><\/noscript><\/a>\n<h4 class=\"pt-cv-title\"><a href=\"https:\/\/www.hispabano.es\/es\/tarifa-2022-hispabano\/\" class=\"_self\" target=\"_self\" >Solicitar Tarifa 2022<\/a><\/h4><\/div><\/div>\n<div class=\"col-md-4 col-sm-4 col-xs-12 pt-cv-content-item pt-cv-1-col\" ><div class='pt-cv-ifield'><a href=\"https:\/\/www.hispabano.es\/es\/mamparas-a-medida\/\" class=\"_self pt-cv-href-thumbnail pt-cv-thumb-default\" target=\"_self\" ><img loading=\"lazy\" decoding=\"async\" width=\"799\" height=\"802\" data-src=\"https:\/\/www.hispabano.es\/es\/wp-content\/uploads\/2022\/05\/mampara-bano.png\" class=\"pt-cv-thumbnail lazyload\" alt=\"\" data-srcset=\"https:\/\/www.hispabano.es\/es\/wp-content\/uploads\/2022\/05\/mampara-bano.png 799w, https:\/\/www.hispabano.es\/es\/wp-content\/uploads\/2022\/05\/mampara-bano-300x300.png 300w, https:\/\/www.hispabano.es\/es\/wp-content\/uploads\/2022\/05\/mampara-bano-150x150.png 150w, https:\/\/www.hispabano.es\/es\/wp-content\/uploads\/2022\/05\/mampara-bano-768x771.png 768w, https:\/\/www.hispabano.es\/es\/wp-content\/uploads\/2022\/05\/mampara-bano-600x602.png 600w, https:\/\/www.hispabano.es\/es\/wp-content\/uploads\/2022\/05\/mampara-bano-100x100.png 100w\" data-sizes=\"(max-width: 799px) 100vw, 799px\" src=\"data:image\/gif;base64,R0lGODlhAQABAAAAACH5BAEKAAEALAAAAAABAAEAAAICTAEAOw==\" style=\"--smush-placeholder-width: 799px; --smush-placeholder-aspect-ratio: 799\/802;\" \/><noscript><img loading=\"lazy\" decoding=\"async\" width=\"799\" height=\"802\" src=\"https:\/\/www.hispabano.es\/es\/wp-content\/uploads\/2022\/05\/mampara-bano.png\" class=\"pt-cv-thumbnail\" alt=\"\" srcset=\"https:\/\/www.hispabano.es\/es\/wp-content\/uploads\/2022\/05\/mampara-bano.png 799w, https:\/\/www.hispabano.es\/es\/wp-content\/uploads\/2022\/05\/mampara-bano-300x300.png 300w, https:\/\/www.hispabano.es\/es\/wp-content\/uploads\/2022\/05\/mampara-bano-150x150.png 150w, https:\/\/www.hispabano.es\/es\/wp-content\/uploads\/2022\/05\/mampara-bano-768x771.png 768w, https:\/\/www.hispabano.es\/es\/wp-content\/uploads\/2022\/05\/mampara-bano-600x602.png 600w, https:\/\/www.hispabano.es\/es\/wp-content\/uploads\/2022\/05\/mampara-bano-100x100.png 100w\" sizes=\"(max-width: 799px) 100vw, 799px\" \/><\/noscript><\/a>\n<h4 class=\"pt-cv-title\"><a href=\"https:\/\/www.hispabano.es\/es\/mamparas-a-medida\/\" class=\"_self\" target=\"_self\" >Mamparas de ba\u00f1era a medida<\/a><\/h4><\/div><\/div>\n<div class=\"col-md-4 col-sm-4 col-xs-12 pt-cv-content-item pt-cv-1-col\" ><div class='pt-cv-ifield'><a href=\"https:\/\/www.hispabano.es\/es\/platos-de-ducha-a-medida\/\" class=\"_self pt-cv-href-thumbnail pt-cv-thumb-default\" target=\"_self\" ><img loading=\"lazy\" decoding=\"async\" width=\"1024\" height=\"1024\" data-src=\"https:\/\/www.hispabano.es\/es\/wp-content\/uploads\/2022\/04\/platos-de-ducha-a-medida-1024x1024.png\" class=\"pt-cv-thumbnail lazyload\" alt=\"\" data-srcset=\"https:\/\/www.hispabano.es\/es\/wp-content\/uploads\/2022\/04\/platos-de-ducha-a-medida-1024x1024.png 1024w, https:\/\/www.hispabano.es\/es\/wp-content\/uploads\/2022\/04\/platos-de-ducha-a-medida-150x150.png 150w, https:\/\/www.hispabano.es\/es\/wp-content\/uploads\/2022\/04\/platos-de-ducha-a-medida-300x300.png 300w, https:\/\/www.hispabano.es\/es\/wp-content\/uploads\/2022\/04\/platos-de-ducha-a-medida-768x768.png 768w, https:\/\/www.hispabano.es\/es\/wp-content\/uploads\/2022\/04\/platos-de-ducha-a-medida-48x48.png 48w, https:\/\/www.hispabano.es\/es\/wp-content\/uploads\/2022\/04\/platos-de-ducha-a-medida-250x250.png 250w, https:\/\/www.hispabano.es\/es\/wp-content\/uploads\/2022\/04\/platos-de-ducha-a-medida-550x550.png 550w, https:\/\/www.hispabano.es\/es\/wp-content\/uploads\/2022\/04\/platos-de-ducha-a-medida-800x800.png 800w, https:\/\/www.hispabano.es\/es\/wp-content\/uploads\/2022\/04\/platos-de-ducha-a-medida-180x180.png 180w, https:\/\/www.hispabano.es\/es\/wp-content\/uploads\/2022\/04\/platos-de-ducha-a-medida-500x500.png 500w, https:\/\/www.hispabano.es\/es\/wp-content\/uploads\/2022\/04\/platos-de-ducha-a-medida-600x600.png 600w, https:\/\/www.hispabano.es\/es\/wp-content\/uploads\/2022\/04\/platos-de-ducha-a-medida-100x100.png 100w, https:\/\/www.hispabano.es\/es\/wp-content\/uploads\/2022\/04\/platos-de-ducha-a-medida.png 1080w\" data-sizes=\"(max-width: 1024px) 100vw, 1024px\" src=\"data:image\/gif;base64,R0lGODlhAQABAAAAACH5BAEKAAEALAAAAAABAAEAAAICTAEAOw==\" style=\"--smush-placeholder-width: 1024px; --smush-placeholder-aspect-ratio: 1024\/1024;\" \/><noscript><img loading=\"lazy\" decoding=\"async\" width=\"1024\" height=\"1024\" src=\"https:\/\/www.hispabano.es\/es\/wp-content\/uploads\/2022\/04\/platos-de-ducha-a-medida-1024x1024.png\" class=\"pt-cv-thumbnail\" alt=\"\" srcset=\"https:\/\/www.hispabano.es\/es\/wp-content\/uploads\/2022\/04\/platos-de-ducha-a-medida-1024x1024.png 1024w, https:\/\/www.hispabano.es\/es\/wp-content\/uploads\/2022\/04\/platos-de-ducha-a-medida-150x150.png 150w, https:\/\/www.hispabano.es\/es\/wp-content\/uploads\/2022\/04\/platos-de-ducha-a-medida-300x300.png 300w, https:\/\/www.hispabano.es\/es\/wp-content\/uploads\/2022\/04\/platos-de-ducha-a-medida-768x768.png 768w, https:\/\/www.hispabano.es\/es\/wp-content\/uploads\/2022\/04\/platos-de-ducha-a-medida-48x48.png 48w, https:\/\/www.hispabano.es\/es\/wp-content\/uploads\/2022\/04\/platos-de-ducha-a-medida-250x250.png 250w, https:\/\/www.hispabano.es\/es\/wp-content\/uploads\/2022\/04\/platos-de-ducha-a-medida-550x550.png 550w, https:\/\/www.hispabano.es\/es\/wp-content\/uploads\/2022\/04\/platos-de-ducha-a-medida-800x800.png 800w, https:\/\/www.hispabano.es\/es\/wp-content\/uploads\/2022\/04\/platos-de-ducha-a-medida-180x180.png 180w, https:\/\/www.hispabano.es\/es\/wp-content\/uploads\/2022\/04\/platos-de-ducha-a-medida-500x500.png 500w, https:\/\/www.hispabano.es\/es\/wp-content\/uploads\/2022\/04\/platos-de-ducha-a-medida-600x600.png 600w, https:\/\/www.hispabano.es\/es\/wp-content\/uploads\/2022\/04\/platos-de-ducha-a-medida-100x100.png 100w, https:\/\/www.hispabano.es\/es\/wp-content\/uploads\/2022\/04\/platos-de-ducha-a-medida.png 1080w\" sizes=\"(max-width: 1024px) 100vw, 1024px\" \/><\/noscript><\/a>\n<h4 class=\"pt-cv-title\"><a href=\"https:\/\/www.hispabano.es\/es\/platos-de-ducha-a-medida\/\" class=\"_self\" target=\"_self\" >Platos de ducha a medida planos<\/a><\/h4><\/div><\/div><\/div><\/div><\/div><\/div>\n<\/div>\n<\/section>\n<div class=\"clear\">&nbsp;<\/div>\n","protected":false},"excerpt":{"rendered":"<p>&nbsp; &nbsp; Descargar Nuevo cat\u00e1logo Productos Exposici\u00f3n &nbsp; Hecho en Espa\u00f1a &nbsp; &nbsp; BLOG VER M\u00c1S &nbsp;<\/p>\n","protected":false},"author":2,"featured_media":0,"parent":0,"menu_order":0,"comment_status":"open","ping_status":"open","template":"diseno-home.php","meta":{"ngg_post_thumbnail":0,"footnotes":""},"yoast_head":"<!-- This site is optimized with the Yoast SEO plugin v22.5 - https:\/\/yoast.com\/wordpress\/plugins\/seo\/ -->\n<title>Hispaba\u00f1o S.L. - Fabricante de Mamparas de Ba\u00f1o y de Ducha<\/title>\n<meta name=\"description\" content=\"En Hispaba\u00f1o S.L. somos fabricante de mamparas de ba\u00f1o y ducha. Le ofrecemos una amplia gama de modelos para dar respuesta a sus necesidades.\" \/>\n<meta name=\"robots\" content=\"index, follow, max-snippet:-1, max-image-preview:large, max-video-preview:-1\" \/>\n<link rel=\"canonical\" href=\"https:\/\/www.hispabano.es\/es\/\" \/>\n<meta property=\"og:locale\" content=\"es_ES\" \/>\n<meta property=\"og:type\" content=\"article\" \/>\n<meta property=\"og:title\" content=\"Hispaba\u00f1o S.L. - Fabricante de Mamparas de Ba\u00f1o y de Ducha\" \/>\n<meta property=\"og:description\" content=\"En Hispaba\u00f1o S.L. somos fabricante de mamparas de ba\u00f1o y ducha. Le ofrecemos una amplia gama de modelos para dar respuesta a sus necesidades.\" \/>\n<meta property=\"og:url\" content=\"https:\/\/www.hispabano.es\/es\/\" \/>\n<meta property=\"og:site_name\" content=\"Hispaba\u00f1o: Fabricante de Mamparas de Ba\u00f1o y de Duchas\" \/>\n<meta property=\"article:publisher\" content=\"https:\/\/es-es.facebook.com\/Hispabano\/\" \/>\n<meta property=\"article:modified_time\" content=\"2024-01-08T21:48:10+00:00\" \/>\n<meta property=\"og:image\" content=\"https:\/\/www.hispabano.es\/es\/wp-content\/uploads\/2020\/11\/hispa001.jpg\" \/>\n<meta name=\"twitter:label1\" content=\"Tiempo de lectura\" \/>\n\t<meta name=\"twitter:data1\" content=\"1 minuto\" \/>\n<script type=\"application\/ld+json\" class=\"yoast-schema-graph\">{\"@context\":\"https:\/\/schema.org\",\"@graph\":[{\"@type\":\"WebPage\",\"@id\":\"https:\/\/www.hispabano.es\/es\/\",\"url\":\"https:\/\/www.hispabano.es\/es\/\",\"name\":\"Hispaba\u00f1o S.L. - Fabricante de Mamparas de Ba\u00f1o y de Ducha\",\"isPartOf\":{\"@id\":\"https:\/\/www.hispabano.es\/es\/#website\"},\"primaryImageOfPage\":{\"@id\":\"https:\/\/www.hispabano.es\/es\/#primaryimage\"},\"image\":{\"@id\":\"https:\/\/www.hispabano.es\/es\/#primaryimage\"},\"thumbnailUrl\":\"https:\/\/www.hispabano.es\/es\/wp-content\/uploads\/2020\/11\/hispa001.jpg\",\"datePublished\":\"2015-06-17T14:22:32+00:00\",\"dateModified\":\"2024-01-08T21:48:10+00:00\",\"description\":\"En Hispaba\u00f1o S.L. somos fabricante de mamparas de ba\u00f1o y ducha. Le ofrecemos una amplia gama de modelos para dar respuesta a sus necesidades.\",\"breadcrumb\":{\"@id\":\"https:\/\/www.hispabano.es\/es\/#breadcrumb\"},\"inLanguage\":\"es\",\"potentialAction\":[{\"@type\":\"ReadAction\",\"target\":[\"https:\/\/www.hispabano.es\/es\/\"]}]},{\"@type\":\"ImageObject\",\"inLanguage\":\"es\",\"@id\":\"https:\/\/www.hispabano.es\/es\/#primaryimage\",\"url\":\"https:\/\/www.hispabano.es\/es\/wp-content\/uploads\/2020\/11\/hispa001.jpg\",\"contentUrl\":\"https:\/\/www.hispabano.es\/es\/wp-content\/uploads\/2020\/11\/hispa001.jpg\",\"width\":800,\"height\":800},{\"@type\":\"BreadcrumbList\",\"@id\":\"https:\/\/www.hispabano.es\/es\/#breadcrumb\",\"itemListElement\":[{\"@type\":\"ListItem\",\"position\":1,\"name\":\"Portada\",\"item\":\"https:\/\/www.hispabano.es\/es\/\"},{\"@type\":\"ListItem\",\"position\":2,\"name\":\"Inicio\"}]},{\"@type\":\"WebSite\",\"@id\":\"https:\/\/www.hispabano.es\/es\/#website\",\"url\":\"https:\/\/www.hispabano.es\/es\/\",\"name\":\"Hispaba\u00f1o: Fabricante de Mamparas de Ba\u00f1o y de Duchas\",\"description\":\"Como fabricantes, y siguiendo las \u00faltimas tendencias, disponemos de una amplia gama de soluciones, dentro y fuera de nuestro cat\u00e1logo, para dar respuesta a ...\",\"publisher\":{\"@id\":\"https:\/\/www.hispabano.es\/es\/#organization\"},\"potentialAction\":[{\"@type\":\"SearchAction\",\"target\":{\"@type\":\"EntryPoint\",\"urlTemplate\":\"https:\/\/www.hispabano.es\/es\/?s={search_term_string}\"},\"query-input\":\"required name=search_term_string\"}],\"inLanguage\":\"es\"},{\"@type\":\"Organization\",\"@id\":\"https:\/\/www.hispabano.es\/es\/#organization\",\"name\":\"Hispaba\u00f1o: Fabricante de Mamparas de Ba\u00f1o y de Duchas\",\"url\":\"https:\/\/www.hispabano.es\/es\/\",\"logo\":{\"@type\":\"ImageObject\",\"inLanguage\":\"es\",\"@id\":\"https:\/\/www.hispabano.es\/es\/#\/schema\/logo\/image\/\",\"url\":\"https:\/\/www.hispabano.es\/es\/wp-content\/uploads\/2020\/11\/cropped-favicon.jpg\",\"contentUrl\":\"https:\/\/www.hispabano.es\/es\/wp-content\/uploads\/2020\/11\/cropped-favicon.jpg\",\"width\":512,\"height\":512,\"caption\":\"Hispaba\u00f1o: Fabricante de Mamparas de Ba\u00f1o y de Duchas\"},\"image\":{\"@id\":\"https:\/\/www.hispabano.es\/es\/#\/schema\/logo\/image\/\"},\"sameAs\":[\"https:\/\/es-es.facebook.com\/Hispabano\/\",\"https:\/\/www.youtube.com\/@hispabano9335\",\"https:\/\/www.linkedin.com\/company\/hispabao-sl\/mycompany\/\"]}]}<\/script>\n<!-- \/ Yoast SEO plugin. -->","yoast_head_json":{"title":"Hispaba\u00f1o S.L. - Fabricante de Mamparas de Ba\u00f1o y de Ducha","description":"En Hispaba\u00f1o S.L. somos fabricante de mamparas de ba\u00f1o y ducha. Le ofrecemos una amplia gama de modelos para dar respuesta a sus necesidades.","robots":{"index":"index","follow":"follow","max-snippet":"max-snippet:-1","max-image-preview":"max-image-preview:large","max-video-preview":"max-video-preview:-1"},"canonical":"https:\/\/www.hispabano.es\/es\/","og_locale":"es_ES","og_type":"article","og_title":"Hispaba\u00f1o S.L. - Fabricante de Mamparas de Ba\u00f1o y de Ducha","og_description":"En Hispaba\u00f1o S.L. somos fabricante de mamparas de ba\u00f1o y ducha. Le ofrecemos una amplia gama de modelos para dar respuesta a sus necesidades.","og_url":"https:\/\/www.hispabano.es\/es\/","og_site_name":"Hispaba\u00f1o: Fabricante de Mamparas de Ba\u00f1o y de Duchas","article_publisher":"https:\/\/es-es.facebook.com\/Hispabano\/","article_modified_time":"2024-01-08T21:48:10+00:00","og_image":[{"url":"https:\/\/www.hispabano.es\/es\/wp-content\/uploads\/2020\/11\/hispa001.jpg"}],"twitter_misc":{"Tiempo de lectura":"1 minuto"},"schema":{"@context":"https:\/\/schema.org","@graph":[{"@type":"WebPage","@id":"https:\/\/www.hispabano.es\/es\/","url":"https:\/\/www.hispabano.es\/es\/","name":"Hispaba\u00f1o S.L. - Fabricante de Mamparas de Ba\u00f1o y de Ducha","isPartOf":{"@id":"https:\/\/www.hispabano.es\/es\/#website"},"primaryImageOfPage":{"@id":"https:\/\/www.hispabano.es\/es\/#primaryimage"},"image":{"@id":"https:\/\/www.hispabano.es\/es\/#primaryimage"},"thumbnailUrl":"https:\/\/www.hispabano.es\/es\/wp-content\/uploads\/2020\/11\/hispa001.jpg","datePublished":"2015-06-17T14:22:32+00:00","dateModified":"2024-01-08T21:48:10+00:00","description":"En Hispaba\u00f1o S.L. somos fabricante de mamparas de ba\u00f1o y ducha. Le ofrecemos una amplia gama de modelos para dar respuesta a sus necesidades.","breadcrumb":{"@id":"https:\/\/www.hispabano.es\/es\/#breadcrumb"},"inLanguage":"es","potentialAction":[{"@type":"ReadAction","target":["https:\/\/www.hispabano.es\/es\/"]}]},{"@type":"ImageObject","inLanguage":"es","@id":"https:\/\/www.hispabano.es\/es\/#primaryimage","url":"https:\/\/www.hispabano.es\/es\/wp-content\/uploads\/2020\/11\/hispa001.jpg","contentUrl":"https:\/\/www.hispabano.es\/es\/wp-content\/uploads\/2020\/11\/hispa001.jpg","width":800,"height":800},{"@type":"BreadcrumbList","@id":"https:\/\/www.hispabano.es\/es\/#breadcrumb","itemListElement":[{"@type":"ListItem","position":1,"name":"Portada","item":"https:\/\/www.hispabano.es\/es\/"},{"@type":"ListItem","position":2,"name":"Inicio"}]},{"@type":"WebSite","@id":"https:\/\/www.hispabano.es\/es\/#website","url":"https:\/\/www.hispabano.es\/es\/","name":"Hispaba\u00f1o: Fabricante de Mamparas de Ba\u00f1o y de Duchas","description":"Como fabricantes, y siguiendo las \u00faltimas tendencias, disponemos de una amplia gama de soluciones, dentro y fuera de nuestro cat\u00e1logo, para dar respuesta a ...","publisher":{"@id":"https:\/\/www.hispabano.es\/es\/#organization"},"potentialAction":[{"@type":"SearchAction","target":{"@type":"EntryPoint","urlTemplate":"https:\/\/www.hispabano.es\/es\/?s={search_term_string}"},"query-input":"required name=search_term_string"}],"inLanguage":"es"},{"@type":"Organization","@id":"https:\/\/www.hispabano.es\/es\/#organization","name":"Hispaba\u00f1o: Fabricante de Mamparas de Ba\u00f1o y de Duchas","url":"https:\/\/www.hispabano.es\/es\/","logo":{"@type":"ImageObject","inLanguage":"es","@id":"https:\/\/www.hispabano.es\/es\/#\/schema\/logo\/image\/","url":"https:\/\/www.hispabano.es\/es\/wp-content\/uploads\/2020\/11\/cropped-favicon.jpg","contentUrl":"https:\/\/www.hispabano.es\/es\/wp-content\/uploads\/2020\/11\/cropped-favicon.jpg","width":512,"height":512,"caption":"Hispaba\u00f1o: Fabricante de Mamparas de Ba\u00f1o y de Duchas"},"image":{"@id":"https:\/\/www.hispabano.es\/es\/#\/schema\/logo\/image\/"},"sameAs":["https:\/\/es-es.facebook.com\/Hispabano\/","https:\/\/www.youtube.com\/@hispabano9335","https:\/\/www.linkedin.com\/company\/hispabao-sl\/mycompany\/"]}]}},"_links":{"self":[{"href":"https:\/\/www.hispabano.es\/es\/wp-json\/wp\/v2\/pages\/7"}],"collection":[{"href":"https:\/\/www.hispabano.es\/es\/wp-json\/wp\/v2\/pages"}],"about":[{"href":"https:\/\/www.hispabano.es\/es\/wp-json\/wp\/v2\/types\/page"}],"author":[{"embeddable":true,"href":"https:\/\/www.hispabano.es\/es\/wp-json\/wp\/v2\/users\/2"}],"replies":[{"embeddable":true,"href":"https:\/\/www.hispabano.es\/es\/wp-json\/wp\/v2\/comments?post=7"}],"version-history":[{"count":105,"href":"https:\/\/www.hispabano.es\/es\/wp-json\/wp\/v2\/pages\/7\/revisions"}],"predecessor-version":[{"id":2012,"href":"https:\/\/www.hispabano.es\/es\/wp-json\/wp\/v2\/pages\/7\/revisions\/2012"}],"wp:attachment":[{"href":"https:\/\/www.hispabano.es\/es\/wp-json\/wp\/v2\/media?parent=7"}],"curies":[{"name":"wp","href":"https:\/\/api.w.org\/{rel}","templated":true}]}}