{"id":498,"date":"2015-07-30T10:45:58","date_gmt":"2015-07-30T08:45:58","guid":{"rendered":"https:\/\/www.hispabano.es\/es\/?page_id=498"},"modified":"2024-01-15T20:48:52","modified_gmt":"2024-01-15T19:48:52","slug":"decorados","status":"publish","type":"page","link":"https:\/\/www.hispabano.es\/es\/catalogo\/decorados\/","title":{"rendered":"Decorados"},"content":{"rendered":"<div class=\"margen-1\">&nbsp;<\/div>\n<div class=\"one_half\">\n<p><a href=\"https:\/\/www.hispabano.es\/es\/catalogo\/decorados\/vidrios-decorados-estandar\/\"><img loading=\"lazy\" decoding=\"async\" class=\"centrar aligncenter wp-image-694 size-medium lazyload\" title=\"Decorados en cristal para mamparas de ba\u00f1o y ducha - Modelos estandar\" data-src=\"https:\/\/www.hispabano.es\/es\/wp-content\/uploads\/2015\/07\/316_decor-300x188.jpg\" alt=\"Decorados en cristal para mamparas de ba\u00f1o y ducha - Modelos estandar\" width=\"300\" height=\"188\" data-srcset=\"https:\/\/www.hispabano.es\/es\/wp-content\/uploads\/2015\/07\/316_decor-300x188.jpg 300w, https:\/\/www.hispabano.es\/es\/wp-content\/uploads\/2015\/07\/316_decor-600x376.jpg 600w, https:\/\/www.hispabano.es\/es\/wp-content\/uploads\/2015\/07\/316_decor.jpg 761w\" data-sizes=\"(max-width: 300px) 100vw, 300px\" src=\"data:image\/gif;base64,R0lGODlhAQABAAAAACH5BAEKAAEALAAAAAABAAEAAAICTAEAOw==\" style=\"--smush-placeholder-width: 300px; --smush-placeholder-aspect-ratio: 300\/188;\" \/><noscript><img loading=\"lazy\" decoding=\"async\" class=\"centrar aligncenter wp-image-694 size-medium\" title=\"Decorados en cristal para mamparas de ba\u00f1o y ducha - Modelos estandar\" src=\"https:\/\/www.hispabano.es\/es\/wp-content\/uploads\/2015\/07\/316_decor-300x188.jpg\" alt=\"Decorados en cristal para mamparas de ba\u00f1o y ducha - Modelos estandar\" width=\"300\" height=\"188\" srcset=\"https:\/\/www.hispabano.es\/es\/wp-content\/uploads\/2015\/07\/316_decor-300x188.jpg 300w, https:\/\/www.hispabano.es\/es\/wp-content\/uploads\/2015\/07\/316_decor-600x376.jpg 600w, https:\/\/www.hispabano.es\/es\/wp-content\/uploads\/2015\/07\/316_decor.jpg 761w\" sizes=\"(max-width: 300px) 100vw, 300px\" \/><\/noscript><\/a><\/p>\n<h3 style=\"text-align: center;\"><a href=\"https:\/\/www.hispabano.es\/es\/catalogo\/decorados\/vidrios-decorados-estandar\/\">Vidrios decorados est\u00e1ndar<\/a><\/h3>\n<\/div>\n<div class=\"one_half last\">\n<p><a href=\"https:\/\/www.hispabano.es\/es\/catalogo\/decorados\/vidrios-decorados-premium\/\"><img loading=\"lazy\" decoding=\"async\" class=\"centrar aligncenter wp-image-1038 size-medium lazyload\" title=\"Decorados en cristal para mamparas de ba\u00f1o y ducha - Modelos premium\" data-src=\"https:\/\/www.hispabano.es\/es\/wp-content\/uploads\/2015\/07\/decorpremiumpag-300x188.jpg\" alt=\"Decorados en cristal para mamparas de ba\u00f1o y ducha - Modelos premium\" width=\"300\" height=\"188\" src=\"data:image\/gif;base64,R0lGODlhAQABAAAAACH5BAEKAAEALAAAAAABAAEAAAICTAEAOw==\" style=\"--smush-placeholder-width: 300px; --smush-placeholder-aspect-ratio: 300\/188;\"><noscript><img loading=\"lazy\" decoding=\"async\" class=\"centrar aligncenter wp-image-1038 size-medium\" title=\"Decorados en cristal para mamparas de ba\u00f1o y ducha - Modelos premium\" src=\"https:\/\/www.hispabano.es\/es\/wp-content\/uploads\/2015\/07\/decorpremiumpag-300x188.jpg\" alt=\"Decorados en cristal para mamparas de ba\u00f1o y ducha - Modelos premium\" width=\"300\" height=\"188\"><\/noscript><\/a><\/p>\n<h3 style=\"text-align: center;\"><a href=\"https:\/\/www.hispabano.es\/es\/catalogo\/decorados\/vidrios-decorados-premium\/\">Vidrios decorados premium<\/a><\/h3>\n<\/div>\n<div class=\"clear\">&nbsp;<\/div>\n<div class=\"margen-1\">&nbsp;<\/div>\n<div class=\"one_half\">\n<p><a href=\"https:\/\/www.hispabano.es\/es\/catalogo\/decorados\/vidrios-decorados-extendidos\/\"><img loading=\"lazy\" decoding=\"async\" class=\"centrar aligncenter wp-image-693 size-medium lazyload\" title=\"Decorado extendido en mampara de ducha tres hojas corredera\" data-src=\"https:\/\/www.hispabano.es\/es\/wp-content\/uploads\/2015\/07\/603_decor3-300x188.jpg\" alt=\"Decorado extendido en mampara de ducha tres hojas corredera\" width=\"300\" height=\"188\" data-srcset=\"https:\/\/www.hispabano.es\/es\/wp-content\/uploads\/2015\/07\/603_decor3-300x188.jpg 300w, https:\/\/www.hispabano.es\/es\/wp-content\/uploads\/2015\/07\/603_decor3-600x376.jpg 600w, https:\/\/www.hispabano.es\/es\/wp-content\/uploads\/2015\/07\/603_decor3-1024x642.jpg 1024w, https:\/\/www.hispabano.es\/es\/wp-content\/uploads\/2015\/07\/603_decor3.jpg 1888w\" data-sizes=\"(max-width: 300px) 100vw, 300px\" src=\"data:image\/gif;base64,R0lGODlhAQABAAAAACH5BAEKAAEALAAAAAABAAEAAAICTAEAOw==\" style=\"--smush-placeholder-width: 300px; --smush-placeholder-aspect-ratio: 300\/188;\" \/><noscript><img loading=\"lazy\" decoding=\"async\" class=\"centrar aligncenter wp-image-693 size-medium\" title=\"Decorado extendido en mampara de ducha tres hojas corredera\" src=\"https:\/\/www.hispabano.es\/es\/wp-content\/uploads\/2015\/07\/603_decor3-300x188.jpg\" alt=\"Decorado extendido en mampara de ducha tres hojas corredera\" width=\"300\" height=\"188\" srcset=\"https:\/\/www.hispabano.es\/es\/wp-content\/uploads\/2015\/07\/603_decor3-300x188.jpg 300w, https:\/\/www.hispabano.es\/es\/wp-content\/uploads\/2015\/07\/603_decor3-600x376.jpg 600w, https:\/\/www.hispabano.es\/es\/wp-content\/uploads\/2015\/07\/603_decor3-1024x642.jpg 1024w, https:\/\/www.hispabano.es\/es\/wp-content\/uploads\/2015\/07\/603_decor3.jpg 1888w\" sizes=\"(max-width: 300px) 100vw, 300px\" \/><\/noscript><\/a><\/p>\n<h3 style=\"text-align: center;\"><a href=\"https:\/\/www.hispabano.es\/es\/catalogo\/decorados\/vidrios-decorados-extendidos\/\">Decorados extendidos<\/a><\/h3>\n<\/div>\n<div class=\"one_half last\">\n<p><a href=\"https:\/\/www.hispabano.es\/es\/catalogo\/decorados\/vidrios-y-acrilicos\/\"><img loading=\"lazy\" decoding=\"async\" class=\"centrar aligncenter wp-image-695 size-medium lazyload\" title=\"Acabados de cristales, cristales decorados y acr\u00edlicos\" data-src=\"https:\/\/www.hispabano.es\/es\/wp-content\/uploads\/2015\/07\/04_Master-Carre-300x188.jpg\" alt=\"Acabados de cristales, cristales decorados y acr\u00edlicos\" width=\"300\" height=\"188\" data-srcset=\"https:\/\/www.hispabano.es\/es\/wp-content\/uploads\/2015\/07\/04_Master-Carre-300x188.jpg 300w, https:\/\/www.hispabano.es\/es\/wp-content\/uploads\/2015\/07\/04_Master-Carre-600x376.jpg 600w, https:\/\/www.hispabano.es\/es\/wp-content\/uploads\/2015\/07\/04_Master-Carre-1024x642.jpg 1024w, https:\/\/www.hispabano.es\/es\/wp-content\/uploads\/2015\/07\/04_Master-Carre.jpg 1063w\" data-sizes=\"(max-width: 300px) 100vw, 300px\" src=\"data:image\/gif;base64,R0lGODlhAQABAAAAACH5BAEKAAEALAAAAAABAAEAAAICTAEAOw==\" style=\"--smush-placeholder-width: 300px; --smush-placeholder-aspect-ratio: 300\/188;\" \/><noscript><img loading=\"lazy\" decoding=\"async\" class=\"centrar aligncenter wp-image-695 size-medium\" title=\"Acabados de cristales, cristales decorados y acr\u00edlicos\" src=\"https:\/\/www.hispabano.es\/es\/wp-content\/uploads\/2015\/07\/04_Master-Carre-300x188.jpg\" alt=\"Acabados de cristales, cristales decorados y acr\u00edlicos\" width=\"300\" height=\"188\" srcset=\"https:\/\/www.hispabano.es\/es\/wp-content\/uploads\/2015\/07\/04_Master-Carre-300x188.jpg 300w, https:\/\/www.hispabano.es\/es\/wp-content\/uploads\/2015\/07\/04_Master-Carre-600x376.jpg 600w, https:\/\/www.hispabano.es\/es\/wp-content\/uploads\/2015\/07\/04_Master-Carre-1024x642.jpg 1024w, https:\/\/www.hispabano.es\/es\/wp-content\/uploads\/2015\/07\/04_Master-Carre.jpg 1063w\" sizes=\"(max-width: 300px) 100vw, 300px\" \/><\/noscript><\/a><\/p>\n<h3 style=\"text-align: center;\"><a href=\"https:\/\/www.hispabano.es\/es\/catalogo\/decorados\/vidrios-y-acrilicos\/\">Vidrios y acr\u00edlicos<\/a><\/h3>\n<\/div>\n<div class=\"clear\">&nbsp;<\/div>\n","protected":false},"excerpt":{"rendered":"<p>&nbsp; Vidrios decorados est\u00e1ndar Vidrios decorados premium &nbsp; &nbsp; Decorados extendidos Vidrios y acr\u00edlicos &nbsp;<\/p>\n","protected":false},"author":2,"featured_media":0,"parent":11,"menu_order":0,"comment_status":"open","ping_status":"open","template":"","meta":{"ngg_post_thumbnail":0,"footnotes":""},"yoast_head":"<!-- This site is optimized with the Yoast SEO plugin v22.5 - https:\/\/yoast.com\/wordpress\/plugins\/seo\/ -->\n<title>Cristales Decorados y acr\u00edlicos para Mamparas de Ba\u00f1o o Ducha<\/title>\n<meta name=\"description\" content=\"\u00bfBuscas dise\u00f1os de Decorados para Mamparas de Ba\u00f1o o Ducha? En Hispaba\u00f1o tenemos una gran selecci\u00f3n. \u00a1Y puedes personalizarlos!\" \/>\n<meta name=\"robots\" content=\"index, follow, max-snippet:-1, max-image-preview:large, max-video-preview:-1\" \/>\n<link rel=\"canonical\" href=\"https:\/\/www.hispabano.es\/es\/catalogo\/decorados\/\" \/>\n<meta property=\"og:locale\" content=\"es_ES\" \/>\n<meta property=\"og:type\" content=\"article\" \/>\n<meta property=\"og:title\" content=\"Cristales Decorados y acr\u00edlicos para Mamparas de Ba\u00f1o o Ducha\" \/>\n<meta property=\"og:description\" content=\"\u00bfBuscas dise\u00f1os de Decorados para Mamparas de Ba\u00f1o o Ducha? En Hispaba\u00f1o tenemos una gran selecci\u00f3n. \u00a1Y puedes personalizarlos!\" \/>\n<meta property=\"og:url\" content=\"https:\/\/www.hispabano.es\/es\/catalogo\/decorados\/\" \/>\n<meta property=\"og:site_name\" content=\"Hispaba\u00f1o: Fabricante de Mamparas de Ba\u00f1o y de Duchas\" \/>\n<meta property=\"article:publisher\" content=\"https:\/\/es-es.facebook.com\/Hispabano\/\" \/>\n<meta property=\"article:modified_time\" content=\"2024-01-15T19:48:52+00:00\" \/>\n<meta property=\"og:image\" content=\"https:\/\/www.hispabano.es\/es\/wp-content\/uploads\/2015\/07\/316_decor-300x188.jpg\" \/>\n<meta name=\"twitter:label1\" content=\"Tiempo de lectura\" \/>\n\t<meta name=\"twitter:data1\" content=\"1 minuto\" \/>\n<script type=\"application\/ld+json\" class=\"yoast-schema-graph\">{\"@context\":\"https:\/\/schema.org\",\"@graph\":[{\"@type\":\"WebPage\",\"@id\":\"https:\/\/www.hispabano.es\/es\/catalogo\/decorados\/\",\"url\":\"https:\/\/www.hispabano.es\/es\/catalogo\/decorados\/\",\"name\":\"Cristales Decorados y acr\u00edlicos para Mamparas de Ba\u00f1o o Ducha\",\"isPartOf\":{\"@id\":\"https:\/\/www.hispabano.es\/es\/#website\"},\"primaryImageOfPage\":{\"@id\":\"https:\/\/www.hispabano.es\/es\/catalogo\/decorados\/#primaryimage\"},\"image\":{\"@id\":\"https:\/\/www.hispabano.es\/es\/catalogo\/decorados\/#primaryimage\"},\"thumbnailUrl\":\"https:\/\/www.hispabano.es\/es\/wp-content\/uploads\/2015\/07\/316_decor-300x188.jpg\",\"datePublished\":\"2015-07-30T08:45:58+00:00\",\"dateModified\":\"2024-01-15T19:48:52+00:00\",\"description\":\"\u00bfBuscas dise\u00f1os de Decorados para Mamparas de Ba\u00f1o o Ducha? En Hispaba\u00f1o tenemos una gran selecci\u00f3n. \u00a1Y puedes personalizarlos!\",\"breadcrumb\":{\"@id\":\"https:\/\/www.hispabano.es\/es\/catalogo\/decorados\/#breadcrumb\"},\"inLanguage\":\"es\",\"potentialAction\":[{\"@type\":\"ReadAction\",\"target\":[\"https:\/\/www.hispabano.es\/es\/catalogo\/decorados\/\"]}]},{\"@type\":\"ImageObject\",\"inLanguage\":\"es\",\"@id\":\"https:\/\/www.hispabano.es\/es\/catalogo\/decorados\/#primaryimage\",\"url\":\"https:\/\/www.hispabano.es\/es\/wp-content\/uploads\/2015\/07\/316_decor.jpg\",\"contentUrl\":\"https:\/\/www.hispabano.es\/es\/wp-content\/uploads\/2015\/07\/316_decor.jpg\",\"width\":761,\"height\":477},{\"@type\":\"BreadcrumbList\",\"@id\":\"https:\/\/www.hispabano.es\/es\/catalogo\/decorados\/#breadcrumb\",\"itemListElement\":[{\"@type\":\"ListItem\",\"position\":1,\"name\":\"Portada\",\"item\":\"https:\/\/www.hispabano.es\/es\/\"},{\"@type\":\"ListItem\",\"position\":2,\"name\":\"Productos de Decoraci\u00f3n para Ba\u00f1o y Ducha\",\"item\":\"https:\/\/www.hispabano.es\/es\/catalogo\/\"},{\"@type\":\"ListItem\",\"position\":3,\"name\":\"Decorados\"}]},{\"@type\":\"WebSite\",\"@id\":\"https:\/\/www.hispabano.es\/es\/#website\",\"url\":\"https:\/\/www.hispabano.es\/es\/\",\"name\":\"Hispaba\u00f1o: Fabricante de Mamparas de Ba\u00f1o y de Duchas\",\"description\":\"Como fabricantes, y siguiendo las \u00faltimas tendencias, disponemos de una amplia gama de soluciones, dentro y fuera de nuestro cat\u00e1logo, para dar respuesta a ...\",\"publisher\":{\"@id\":\"https:\/\/www.hispabano.es\/es\/#organization\"},\"potentialAction\":[{\"@type\":\"SearchAction\",\"target\":{\"@type\":\"EntryPoint\",\"urlTemplate\":\"https:\/\/www.hispabano.es\/es\/?s={search_term_string}\"},\"query-input\":\"required name=search_term_string\"}],\"inLanguage\":\"es\"},{\"@type\":\"Organization\",\"@id\":\"https:\/\/www.hispabano.es\/es\/#organization\",\"name\":\"Hispaba\u00f1o: Fabricante de Mamparas de Ba\u00f1o y de Duchas\",\"url\":\"https:\/\/www.hispabano.es\/es\/\",\"logo\":{\"@type\":\"ImageObject\",\"inLanguage\":\"es\",\"@id\":\"https:\/\/www.hispabano.es\/es\/#\/schema\/logo\/image\/\",\"url\":\"https:\/\/www.hispabano.es\/es\/wp-content\/uploads\/2020\/11\/cropped-favicon.jpg\",\"contentUrl\":\"https:\/\/www.hispabano.es\/es\/wp-content\/uploads\/2020\/11\/cropped-favicon.jpg\",\"width\":512,\"height\":512,\"caption\":\"Hispaba\u00f1o: Fabricante de Mamparas de Ba\u00f1o y de Duchas\"},\"image\":{\"@id\":\"https:\/\/www.hispabano.es\/es\/#\/schema\/logo\/image\/\"},\"sameAs\":[\"https:\/\/es-es.facebook.com\/Hispabano\/\",\"https:\/\/www.youtube.com\/@hispabano9335\",\"https:\/\/www.linkedin.com\/company\/hispabao-sl\/mycompany\/\"]}]}<\/script>\n<!-- \/ Yoast SEO plugin. -->","yoast_head_json":{"title":"Cristales Decorados y acr\u00edlicos para Mamparas de Ba\u00f1o o Ducha","description":"\u00bfBuscas dise\u00f1os de Decorados para Mamparas de Ba\u00f1o o Ducha? En Hispaba\u00f1o tenemos una gran selecci\u00f3n. \u00a1Y puedes personalizarlos!","robots":{"index":"index","follow":"follow","max-snippet":"max-snippet:-1","max-image-preview":"max-image-preview:large","max-video-preview":"max-video-preview:-1"},"canonical":"https:\/\/www.hispabano.es\/es\/catalogo\/decorados\/","og_locale":"es_ES","og_type":"article","og_title":"Cristales Decorados y acr\u00edlicos para Mamparas de Ba\u00f1o o Ducha","og_description":"\u00bfBuscas dise\u00f1os de Decorados para Mamparas de Ba\u00f1o o Ducha? En Hispaba\u00f1o tenemos una gran selecci\u00f3n. \u00a1Y puedes personalizarlos!","og_url":"https:\/\/www.hispabano.es\/es\/catalogo\/decorados\/","og_site_name":"Hispaba\u00f1o: Fabricante de Mamparas de Ba\u00f1o y de Duchas","article_publisher":"https:\/\/es-es.facebook.com\/Hispabano\/","article_modified_time":"2024-01-15T19:48:52+00:00","og_image":[{"url":"https:\/\/www.hispabano.es\/es\/wp-content\/uploads\/2015\/07\/316_decor-300x188.jpg"}],"twitter_misc":{"Tiempo de lectura":"1 minuto"},"schema":{"@context":"https:\/\/schema.org","@graph":[{"@type":"WebPage","@id":"https:\/\/www.hispabano.es\/es\/catalogo\/decorados\/","url":"https:\/\/www.hispabano.es\/es\/catalogo\/decorados\/","name":"Cristales Decorados y acr\u00edlicos para Mamparas de Ba\u00f1o o Ducha","isPartOf":{"@id":"https:\/\/www.hispabano.es\/es\/#website"},"primaryImageOfPage":{"@id":"https:\/\/www.hispabano.es\/es\/catalogo\/decorados\/#primaryimage"},"image":{"@id":"https:\/\/www.hispabano.es\/es\/catalogo\/decorados\/#primaryimage"},"thumbnailUrl":"https:\/\/www.hispabano.es\/es\/wp-content\/uploads\/2015\/07\/316_decor-300x188.jpg","datePublished":"2015-07-30T08:45:58+00:00","dateModified":"2024-01-15T19:48:52+00:00","description":"\u00bfBuscas dise\u00f1os de Decorados para Mamparas de Ba\u00f1o o Ducha? En Hispaba\u00f1o tenemos una gran selecci\u00f3n. \u00a1Y puedes personalizarlos!","breadcrumb":{"@id":"https:\/\/www.hispabano.es\/es\/catalogo\/decorados\/#breadcrumb"},"inLanguage":"es","potentialAction":[{"@type":"ReadAction","target":["https:\/\/www.hispabano.es\/es\/catalogo\/decorados\/"]}]},{"@type":"ImageObject","inLanguage":"es","@id":"https:\/\/www.hispabano.es\/es\/catalogo\/decorados\/#primaryimage","url":"https:\/\/www.hispabano.es\/es\/wp-content\/uploads\/2015\/07\/316_decor.jpg","contentUrl":"https:\/\/www.hispabano.es\/es\/wp-content\/uploads\/2015\/07\/316_decor.jpg","width":761,"height":477},{"@type":"BreadcrumbList","@id":"https:\/\/www.hispabano.es\/es\/catalogo\/decorados\/#breadcrumb","itemListElement":[{"@type":"ListItem","position":1,"name":"Portada","item":"https:\/\/www.hispabano.es\/es\/"},{"@type":"ListItem","position":2,"name":"Productos de Decoraci\u00f3n para Ba\u00f1o y Ducha","item":"https:\/\/www.hispabano.es\/es\/catalogo\/"},{"@type":"ListItem","position":3,"name":"Decorados"}]},{"@type":"WebSite","@id":"https:\/\/www.hispabano.es\/es\/#website","url":"https:\/\/www.hispabano.es\/es\/","name":"Hispaba\u00f1o: Fabricante de Mamparas de Ba\u00f1o y de Duchas","description":"Como fabricantes, y siguiendo las \u00faltimas tendencias, disponemos de una amplia gama de soluciones, dentro y fuera de nuestro cat\u00e1logo, para dar respuesta a ...","publisher":{"@id":"https:\/\/www.hispabano.es\/es\/#organization"},"potentialAction":[{"@type":"SearchAction","target":{"@type":"EntryPoint","urlTemplate":"https:\/\/www.hispabano.es\/es\/?s={search_term_string}"},"query-input":"required name=search_term_string"}],"inLanguage":"es"},{"@type":"Organization","@id":"https:\/\/www.hispabano.es\/es\/#organization","name":"Hispaba\u00f1o: Fabricante de Mamparas de Ba\u00f1o y de Duchas","url":"https:\/\/www.hispabano.es\/es\/","logo":{"@type":"ImageObject","inLanguage":"es","@id":"https:\/\/www.hispabano.es\/es\/#\/schema\/logo\/image\/","url":"https:\/\/www.hispabano.es\/es\/wp-content\/uploads\/2020\/11\/cropped-favicon.jpg","contentUrl":"https:\/\/www.hispabano.es\/es\/wp-content\/uploads\/2020\/11\/cropped-favicon.jpg","width":512,"height":512,"caption":"Hispaba\u00f1o: Fabricante de Mamparas de Ba\u00f1o y de Duchas"},"image":{"@id":"https:\/\/www.hispabano.es\/es\/#\/schema\/logo\/image\/"},"sameAs":["https:\/\/es-es.facebook.com\/Hispabano\/","https:\/\/www.youtube.com\/@hispabano9335","https:\/\/www.linkedin.com\/company\/hispabao-sl\/mycompany\/"]}]}},"_links":{"self":[{"href":"https:\/\/www.hispabano.es\/es\/wp-json\/wp\/v2\/pages\/498"}],"collection":[{"href":"https:\/\/www.hispabano.es\/es\/wp-json\/wp\/v2\/pages"}],"about":[{"href":"https:\/\/www.hispabano.es\/es\/wp-json\/wp\/v2\/types\/page"}],"author":[{"embeddable":true,"href":"https:\/\/www.hispabano.es\/es\/wp-json\/wp\/v2\/users\/2"}],"replies":[{"embeddable":true,"href":"https:\/\/www.hispabano.es\/es\/wp-json\/wp\/v2\/comments?post=498"}],"version-history":[{"count":15,"href":"https:\/\/www.hispabano.es\/es\/wp-json\/wp\/v2\/pages\/498\/revisions"}],"predecessor-version":[{"id":2017,"href":"https:\/\/www.hispabano.es\/es\/wp-json\/wp\/v2\/pages\/498\/revisions\/2017"}],"up":[{"embeddable":true,"href":"https:\/\/www.hispabano.es\/es\/wp-json\/wp\/v2\/pages\/11"}],"wp:attachment":[{"href":"https:\/\/www.hispabano.es\/es\/wp-json\/wp\/v2\/media?parent=498"}],"curies":[{"name":"wp","href":"https:\/\/api.w.org\/{rel}","templated":true}]}}