{"id":11,"date":"2015-06-17T14:23:01","date_gmt":"2015-06-17T14:23:01","guid":{"rendered":"https:\/\/www.hispabano.es\/es\/?page_id=11"},"modified":"2024-01-10T22:06:38","modified_gmt":"2024-01-10T21:06:38","slug":"catalogo","status":"publish","type":"page","link":"https:\/\/www.hispabano.es\/es\/catalogo\/","title":{"rendered":"Productos de Decoraci\u00f3n para Ba\u00f1o y Ducha"},"content":{"rendered":"<div class=\"dos-columnas\">\n<p>Aqu\u00ed le presentamos un cat\u00e1logo con una amplia gama de modelos de mampara para su ba\u00f1era o ducha, con distintos sistemas de apertura adaptables al espacio y la est\u00e9tica de su ba\u00f1o.<\/p>\n<p>Nuestros productos son un reflejo fiel de las tendencias del mercado de la <a href=\"https:\/\/www.hispabano.es\/es\/catalogo\/ducha\/\"><strong>mampara de ducha<\/strong><\/a> , en cuanto a est\u00e9tica y necesidades de espacios integrados.<\/p>\n<p>No podemos estar ajenos a la realidad del momento, por lo que hemos revisado nuestros productos y al ser <a href=\"https:\/\/www.hispabano.es\/es\/\"><strong>fabricantes nacional de mamparas a medida<\/strong><\/a>, hemos creado l\u00edneas econ\u00f3micas que faciliten y permitan disfrutar de la calidad de un producto a precios asequibles y muy competitivos.<\/p>\n<p>Las buenas relaciones con nuestros empleados y proveedores son la clave para dar un <strong>servicio excelente<\/strong>. Contamos con un equipo que hace de Hispaba\u00f1o una gran empresa, que <strong>trabaja cuidando con esmero todo el proceso de fabricaci\u00f3n<\/strong>, desde el producto, el servicio y la atenci\u00f3n al cliente.<\/p>\n<p>Esta secci\u00f3n tiene como objetivo ser una herramienta de consulta eficaz y clara donde cada modelo de mampara y su precio se encuentren sin dificultad. Al ser fabricantes cien por cien de nuestras <a href=\"https:\/\/www.hispabano.es\/es\/catalogo\/ducha\/\"><strong>mamparas de ducha<\/strong><\/a> y ba\u00f1o, cualquier soluci\u00f3n creativa que nuestros clientes necesiten tiene cabida bajo consulta y presupuesto.<\/p>\n<p>Actualmente estamos presentes en 5 pa\u00edses, Espa\u00f1a, Francia, B\u00e9lgica, Holanda y Portugal y seguimos con expectativas de crecimiento hacia una expansi\u00f3n internacional.<\/p>\n<p>Gracias por confiar en nosotros, cada d\u00eda son m\u00e1s los clientes que trabajan con HISPABA\u00d1O, y a los que agradecemos que renueven su confianza.<\/p>\n<\/div>\n<div class=\"margen-2\">&nbsp;<\/div>\n<div class=\"one_half\">\n<p><a href=\"https:\/\/www.hispabano.es\/es\/catalogo\/bano\/\"><img loading=\"lazy\" decoding=\"async\" class=\"centrar aligncenter wp-image-180 size-medium lazyload\" title=\"Cat\u00e1logo de Ba\u00f1o\" data-src=\"https:\/\/www.hispabano.es\/es\/wp-content\/uploads\/2015\/07\/550p-300x188.jpg\" alt=\"Cat\u00e1logo de Ba\u00f1o, Hispaba\u00f1o\" width=\"300\" height=\"188\" data-srcset=\"https:\/\/www.hispabano.es\/es\/wp-content\/uploads\/2015\/07\/550p-300x188.jpg 300w, https:\/\/www.hispabano.es\/es\/wp-content\/uploads\/2015\/07\/550p-600x376.jpg 600w, https:\/\/www.hispabano.es\/es\/wp-content\/uploads\/2015\/07\/550p-1024x641.jpg 1024w, https:\/\/www.hispabano.es\/es\/wp-content\/uploads\/2015\/07\/550p.jpg 1890w\" data-sizes=\"(max-width: 300px) 100vw, 300px\" src=\"data:image\/gif;base64,R0lGODlhAQABAAAAACH5BAEKAAEALAAAAAABAAEAAAICTAEAOw==\" style=\"--smush-placeholder-width: 300px; --smush-placeholder-aspect-ratio: 300\/188;\" \/><noscript><img loading=\"lazy\" decoding=\"async\" class=\"centrar aligncenter wp-image-180 size-medium\" title=\"Cat\u00e1logo de Ba\u00f1o\" src=\"https:\/\/www.hispabano.es\/es\/wp-content\/uploads\/2015\/07\/550p-300x188.jpg\" alt=\"Cat\u00e1logo de Ba\u00f1o, Hispaba\u00f1o\" width=\"300\" height=\"188\" srcset=\"https:\/\/www.hispabano.es\/es\/wp-content\/uploads\/2015\/07\/550p-300x188.jpg 300w, https:\/\/www.hispabano.es\/es\/wp-content\/uploads\/2015\/07\/550p-600x376.jpg 600w, https:\/\/www.hispabano.es\/es\/wp-content\/uploads\/2015\/07\/550p-1024x641.jpg 1024w, https:\/\/www.hispabano.es\/es\/wp-content\/uploads\/2015\/07\/550p.jpg 1890w\" sizes=\"(max-width: 300px) 100vw, 300px\" \/><\/noscript><\/a><\/p>\n<h3 style=\"text-align: center;\"><a href=\"https:\/\/www.hispabano.es\/es\/catalogo\/bano\/\">Mamparas de Ba\u00f1o<\/a><\/h3>\n<\/div>\n<div class=\"one_half last\">\n<p><a href=\"https:\/\/www.hispabano.es\/es\/catalogo\/ducha\/\"><img loading=\"lazy\" decoding=\"async\" class=\"centrar aligncenter wp-image-173 size-medium lazyload\" title=\"Cat\u00e1logo de Ducha\" data-src=\"https:\/\/www.hispabano.es\/es\/wp-content\/uploads\/2015\/07\/504b_deco-300x188.jpg\" alt=\"Cat\u00e1logo de Ducha, Hispaba\u00f1o\" width=\"300\" height=\"188\" data-srcset=\"https:\/\/www.hispabano.es\/es\/wp-content\/uploads\/2015\/07\/504b_deco-300x188.jpg 300w, https:\/\/www.hispabano.es\/es\/wp-content\/uploads\/2015\/07\/504b_deco-600x376.jpg 600w, https:\/\/www.hispabano.es\/es\/wp-content\/uploads\/2015\/07\/504b_deco-1024x641.jpg 1024w, https:\/\/www.hispabano.es\/es\/wp-content\/uploads\/2015\/07\/504b_deco.jpg 1890w\" data-sizes=\"(max-width: 300px) 100vw, 300px\" src=\"data:image\/gif;base64,R0lGODlhAQABAAAAACH5BAEKAAEALAAAAAABAAEAAAICTAEAOw==\" style=\"--smush-placeholder-width: 300px; --smush-placeholder-aspect-ratio: 300\/188;\" \/><noscript><img loading=\"lazy\" decoding=\"async\" class=\"centrar aligncenter wp-image-173 size-medium\" title=\"Cat\u00e1logo de Ducha\" src=\"https:\/\/www.hispabano.es\/es\/wp-content\/uploads\/2015\/07\/504b_deco-300x188.jpg\" alt=\"Cat\u00e1logo de Ducha, Hispaba\u00f1o\" width=\"300\" height=\"188\" srcset=\"https:\/\/www.hispabano.es\/es\/wp-content\/uploads\/2015\/07\/504b_deco-300x188.jpg 300w, https:\/\/www.hispabano.es\/es\/wp-content\/uploads\/2015\/07\/504b_deco-600x376.jpg 600w, https:\/\/www.hispabano.es\/es\/wp-content\/uploads\/2015\/07\/504b_deco-1024x641.jpg 1024w, https:\/\/www.hispabano.es\/es\/wp-content\/uploads\/2015\/07\/504b_deco.jpg 1890w\" sizes=\"(max-width: 300px) 100vw, 300px\" \/><\/noscript><\/a><\/p>\n<h3 style=\"text-align: center;\"><a href=\"https:\/\/www.hispabano.es\/es\/catalogo\/ducha\/\">Mamparas de Ducha<\/a><\/h3>\n<\/div>\n<div class=\"clear\">&nbsp;<\/div>\n<div class=\"margen-1\">&nbsp;<\/div>\n<div class=\"one_half\">\n<p><a href=\"https:\/\/www.hispabano.es\/es\/catalogo\/decorados\/\"><img loading=\"lazy\" decoding=\"async\" class=\"centrar aligncenter wp-image-694 size-medium lazyload\" title=\"Decorados para Mamparas de Ducha y Ba\u00f1o\" data-src=\"https:\/\/www.hispabano.es\/es\/wp-content\/uploads\/2015\/07\/316_decor-300x188.jpg\" alt=\"Cat\u00e1logo de Decorados, Hispaba\u00f1o\" width=\"300\" height=\"188\" data-srcset=\"https:\/\/www.hispabano.es\/es\/wp-content\/uploads\/2015\/07\/316_decor-300x188.jpg 300w, https:\/\/www.hispabano.es\/es\/wp-content\/uploads\/2015\/07\/316_decor-600x376.jpg 600w, https:\/\/www.hispabano.es\/es\/wp-content\/uploads\/2015\/07\/316_decor.jpg 761w\" data-sizes=\"(max-width: 300px) 100vw, 300px\" src=\"data:image\/gif;base64,R0lGODlhAQABAAAAACH5BAEKAAEALAAAAAABAAEAAAICTAEAOw==\" style=\"--smush-placeholder-width: 300px; --smush-placeholder-aspect-ratio: 300\/188;\" \/><noscript><img loading=\"lazy\" decoding=\"async\" class=\"centrar aligncenter wp-image-694 size-medium\" title=\"Decorados para Mamparas de Ducha y Ba\u00f1o\" src=\"https:\/\/www.hispabano.es\/es\/wp-content\/uploads\/2015\/07\/316_decor-300x188.jpg\" alt=\"Cat\u00e1logo de Decorados, Hispaba\u00f1o\" width=\"300\" height=\"188\" srcset=\"https:\/\/www.hispabano.es\/es\/wp-content\/uploads\/2015\/07\/316_decor-300x188.jpg 300w, https:\/\/www.hispabano.es\/es\/wp-content\/uploads\/2015\/07\/316_decor-600x376.jpg 600w, https:\/\/www.hispabano.es\/es\/wp-content\/uploads\/2015\/07\/316_decor.jpg 761w\" sizes=\"(max-width: 300px) 100vw, 300px\" \/><\/noscript><\/a><\/p>\n<h3 style=\"text-align: center;\"><a href=\"https:\/\/www.hispabano.es\/es\/catalogo\/decorados\/\">Decorados de Ba\u00f1o y Ducha<\/a><\/h3>\n<\/div>\n<div class=\"one_half last\">\n<p><a href=\"https:\/\/www.hispabano.es\/es\/categoria-producto\/platos-de-ducha\/\"><img loading=\"lazy\" decoding=\"async\" class=\"centrar aligncenter wp-image-1046 size-medium lazyload\" title=\"Platos de ducha\" data-src=\"https:\/\/www.hispabano.es\/es\/wp-content\/uploads\/2015\/06\/platodeduchaliso-300x188.jpg\" alt=\"Cat\u00e1logo de Platos de ducha, Hispaba\u00f1o\" width=\"300\" height=\"188\" data-srcset=\"https:\/\/www.hispabano.es\/es\/wp-content\/uploads\/2015\/06\/platodeduchaliso-300x188.jpg 300w, https:\/\/www.hispabano.es\/es\/wp-content\/uploads\/2015\/06\/platodeduchaliso.jpg 600w\" data-sizes=\"(max-width: 300px) 100vw, 300px\" src=\"data:image\/gif;base64,R0lGODlhAQABAAAAACH5BAEKAAEALAAAAAABAAEAAAICTAEAOw==\" style=\"--smush-placeholder-width: 300px; --smush-placeholder-aspect-ratio: 300\/188;\" \/><noscript><img loading=\"lazy\" decoding=\"async\" class=\"centrar aligncenter wp-image-1046 size-medium\" title=\"Platos de ducha\" src=\"https:\/\/www.hispabano.es\/es\/wp-content\/uploads\/2015\/06\/platodeduchaliso-300x188.jpg\" alt=\"Cat\u00e1logo de Platos de ducha, Hispaba\u00f1o\" width=\"300\" height=\"188\" srcset=\"https:\/\/www.hispabano.es\/es\/wp-content\/uploads\/2015\/06\/platodeduchaliso-300x188.jpg 300w, https:\/\/www.hispabano.es\/es\/wp-content\/uploads\/2015\/06\/platodeduchaliso.jpg 600w\" sizes=\"(max-width: 300px) 100vw, 300px\" \/><\/noscript><\/a><\/p>\n<h3 style=\"text-align: center;\"><a href=\"https:\/\/www.hispabano.es\/es\/categoria-producto\/platos-de-ducha\/\">Platos de ducha<\/a><\/h3>\n<\/div>\n<div class=\"clear\">&nbsp;<\/div>\n","protected":false},"excerpt":{"rendered":"<p>Aqu\u00ed le presentamos un cat\u00e1logo con una amplia gama de modelos de mampara para su ba\u00f1era o ducha, con distintos sistemas de apertura adaptables al espacio y la est\u00e9tica de su ba\u00f1o. Nuestros productos son un reflejo fiel de las tendencias del mercado de la mampara de ducha , en cuanto a est\u00e9tica y necesidades [&hellip;]<\/p>\n","protected":false},"author":2,"featured_media":0,"parent":0,"menu_order":0,"comment_status":"open","ping_status":"open","template":"","meta":{"ngg_post_thumbnail":0,"footnotes":""},"yoast_head":"<!-- This site is optimized with the Yoast SEO plugin v22.5 - https:\/\/yoast.com\/wordpress\/plugins\/seo\/ -->\n<title>Cat\u00e1logo de mamparas de ba\u00f1o y ducha<\/title>\n<meta name=\"description\" content=\"Cat\u00e1logo con amplia gama de modelos de mampara para su ba\u00f1era o ducha, y distintos sistemas de apertura adaptables al espacio de su ba\u00f1o\" \/>\n<meta name=\"robots\" content=\"index, follow, max-snippet:-1, max-image-preview:large, max-video-preview:-1\" \/>\n<link rel=\"canonical\" href=\"https:\/\/www.hispabano.es\/es\/catalogo\/\" \/>\n<meta property=\"og:locale\" content=\"es_ES\" \/>\n<meta property=\"og:type\" content=\"article\" \/>\n<meta property=\"og:title\" content=\"Cat\u00e1logo de mamparas de ba\u00f1o y ducha\" \/>\n<meta property=\"og:description\" content=\"Cat\u00e1logo con amplia gama de modelos de mampara para su ba\u00f1era o ducha, y distintos sistemas de apertura adaptables al espacio de su ba\u00f1o\" \/>\n<meta property=\"og:url\" content=\"https:\/\/www.hispabano.es\/es\/catalogo\/\" \/>\n<meta property=\"og:site_name\" content=\"Hispaba\u00f1o: Fabricante de Mamparas de Ba\u00f1o y de Duchas\" \/>\n<meta property=\"article:publisher\" content=\"https:\/\/es-es.facebook.com\/Hispabano\/\" \/>\n<meta property=\"article:modified_time\" content=\"2024-01-10T21:06:38+00:00\" \/>\n<meta property=\"og:image\" content=\"https:\/\/www.hispabano.es\/es\/wp-content\/uploads\/2015\/07\/550p-300x188.jpg\" \/>\n<meta name=\"twitter:label1\" content=\"Tiempo de lectura\" \/>\n\t<meta name=\"twitter:data1\" content=\"2 minutos\" \/>\n<script type=\"application\/ld+json\" class=\"yoast-schema-graph\">{\"@context\":\"https:\/\/schema.org\",\"@graph\":[{\"@type\":\"WebPage\",\"@id\":\"https:\/\/www.hispabano.es\/es\/catalogo\/\",\"url\":\"https:\/\/www.hispabano.es\/es\/catalogo\/\",\"name\":\"Cat\u00e1logo de mamparas de ba\u00f1o y ducha\",\"isPartOf\":{\"@id\":\"https:\/\/www.hispabano.es\/es\/#website\"},\"primaryImageOfPage\":{\"@id\":\"https:\/\/www.hispabano.es\/es\/catalogo\/#primaryimage\"},\"image\":{\"@id\":\"https:\/\/www.hispabano.es\/es\/catalogo\/#primaryimage\"},\"thumbnailUrl\":\"https:\/\/www.hispabano.es\/es\/wp-content\/uploads\/2015\/07\/550p-300x188.jpg\",\"datePublished\":\"2015-06-17T14:23:01+00:00\",\"dateModified\":\"2024-01-10T21:06:38+00:00\",\"description\":\"Cat\u00e1logo con amplia gama de modelos de mampara para su ba\u00f1era o ducha, y distintos sistemas de apertura adaptables al espacio de su ba\u00f1o\",\"breadcrumb\":{\"@id\":\"https:\/\/www.hispabano.es\/es\/catalogo\/#breadcrumb\"},\"inLanguage\":\"es\",\"potentialAction\":[{\"@type\":\"ReadAction\",\"target\":[\"https:\/\/www.hispabano.es\/es\/catalogo\/\"]}]},{\"@type\":\"ImageObject\",\"inLanguage\":\"es\",\"@id\":\"https:\/\/www.hispabano.es\/es\/catalogo\/#primaryimage\",\"url\":\"https:\/\/www.hispabano.es\/es\/wp-content\/uploads\/2015\/07\/550p.jpg\",\"contentUrl\":\"https:\/\/www.hispabano.es\/es\/wp-content\/uploads\/2015\/07\/550p.jpg\",\"width\":1890,\"height\":1183},{\"@type\":\"BreadcrumbList\",\"@id\":\"https:\/\/www.hispabano.es\/es\/catalogo\/#breadcrumb\",\"itemListElement\":[{\"@type\":\"ListItem\",\"position\":1,\"name\":\"Portada\",\"item\":\"https:\/\/www.hispabano.es\/es\/\"},{\"@type\":\"ListItem\",\"position\":2,\"name\":\"Productos de Decoraci\u00f3n para Ba\u00f1o y Ducha\"}]},{\"@type\":\"WebSite\",\"@id\":\"https:\/\/www.hispabano.es\/es\/#website\",\"url\":\"https:\/\/www.hispabano.es\/es\/\",\"name\":\"Hispaba\u00f1o: Fabricante de Mamparas de Ba\u00f1o y de Duchas\",\"description\":\"Como fabricantes, y siguiendo las \u00faltimas tendencias, disponemos de una amplia gama de soluciones, dentro y fuera de nuestro cat\u00e1logo, para dar respuesta a ...\",\"publisher\":{\"@id\":\"https:\/\/www.hispabano.es\/es\/#organization\"},\"potentialAction\":[{\"@type\":\"SearchAction\",\"target\":{\"@type\":\"EntryPoint\",\"urlTemplate\":\"https:\/\/www.hispabano.es\/es\/?s={search_term_string}\"},\"query-input\":\"required name=search_term_string\"}],\"inLanguage\":\"es\"},{\"@type\":\"Organization\",\"@id\":\"https:\/\/www.hispabano.es\/es\/#organization\",\"name\":\"Hispaba\u00f1o: Fabricante de Mamparas de Ba\u00f1o y de Duchas\",\"url\":\"https:\/\/www.hispabano.es\/es\/\",\"logo\":{\"@type\":\"ImageObject\",\"inLanguage\":\"es\",\"@id\":\"https:\/\/www.hispabano.es\/es\/#\/schema\/logo\/image\/\",\"url\":\"https:\/\/www.hispabano.es\/es\/wp-content\/uploads\/2020\/11\/cropped-favicon.jpg\",\"contentUrl\":\"https:\/\/www.hispabano.es\/es\/wp-content\/uploads\/2020\/11\/cropped-favicon.jpg\",\"width\":512,\"height\":512,\"caption\":\"Hispaba\u00f1o: Fabricante de Mamparas de Ba\u00f1o y de Duchas\"},\"image\":{\"@id\":\"https:\/\/www.hispabano.es\/es\/#\/schema\/logo\/image\/\"},\"sameAs\":[\"https:\/\/es-es.facebook.com\/Hispabano\/\",\"https:\/\/www.youtube.com\/@hispabano9335\",\"https:\/\/www.linkedin.com\/company\/hispabao-sl\/mycompany\/\"]}]}<\/script>\n<!-- \/ Yoast SEO plugin. -->","yoast_head_json":{"title":"Cat\u00e1logo de mamparas de ba\u00f1o y ducha","description":"Cat\u00e1logo con amplia gama de modelos de mampara para su ba\u00f1era o ducha, y distintos sistemas de apertura adaptables al espacio de su ba\u00f1o","robots":{"index":"index","follow":"follow","max-snippet":"max-snippet:-1","max-image-preview":"max-image-preview:large","max-video-preview":"max-video-preview:-1"},"canonical":"https:\/\/www.hispabano.es\/es\/catalogo\/","og_locale":"es_ES","og_type":"article","og_title":"Cat\u00e1logo de mamparas de ba\u00f1o y ducha","og_description":"Cat\u00e1logo con amplia gama de modelos de mampara para su ba\u00f1era o ducha, y distintos sistemas de apertura adaptables al espacio de su ba\u00f1o","og_url":"https:\/\/www.hispabano.es\/es\/catalogo\/","og_site_name":"Hispaba\u00f1o: Fabricante de Mamparas de Ba\u00f1o y de Duchas","article_publisher":"https:\/\/es-es.facebook.com\/Hispabano\/","article_modified_time":"2024-01-10T21:06:38+00:00","og_image":[{"url":"https:\/\/www.hispabano.es\/es\/wp-content\/uploads\/2015\/07\/550p-300x188.jpg"}],"twitter_misc":{"Tiempo de lectura":"2 minutos"},"schema":{"@context":"https:\/\/schema.org","@graph":[{"@type":"WebPage","@id":"https:\/\/www.hispabano.es\/es\/catalogo\/","url":"https:\/\/www.hispabano.es\/es\/catalogo\/","name":"Cat\u00e1logo de mamparas de ba\u00f1o y ducha","isPartOf":{"@id":"https:\/\/www.hispabano.es\/es\/#website"},"primaryImageOfPage":{"@id":"https:\/\/www.hispabano.es\/es\/catalogo\/#primaryimage"},"image":{"@id":"https:\/\/www.hispabano.es\/es\/catalogo\/#primaryimage"},"thumbnailUrl":"https:\/\/www.hispabano.es\/es\/wp-content\/uploads\/2015\/07\/550p-300x188.jpg","datePublished":"2015-06-17T14:23:01+00:00","dateModified":"2024-01-10T21:06:38+00:00","description":"Cat\u00e1logo con amplia gama de modelos de mampara para su ba\u00f1era o ducha, y distintos sistemas de apertura adaptables al espacio de su ba\u00f1o","breadcrumb":{"@id":"https:\/\/www.hispabano.es\/es\/catalogo\/#breadcrumb"},"inLanguage":"es","potentialAction":[{"@type":"ReadAction","target":["https:\/\/www.hispabano.es\/es\/catalogo\/"]}]},{"@type":"ImageObject","inLanguage":"es","@id":"https:\/\/www.hispabano.es\/es\/catalogo\/#primaryimage","url":"https:\/\/www.hispabano.es\/es\/wp-content\/uploads\/2015\/07\/550p.jpg","contentUrl":"https:\/\/www.hispabano.es\/es\/wp-content\/uploads\/2015\/07\/550p.jpg","width":1890,"height":1183},{"@type":"BreadcrumbList","@id":"https:\/\/www.hispabano.es\/es\/catalogo\/#breadcrumb","itemListElement":[{"@type":"ListItem","position":1,"name":"Portada","item":"https:\/\/www.hispabano.es\/es\/"},{"@type":"ListItem","position":2,"name":"Productos de Decoraci\u00f3n para Ba\u00f1o y Ducha"}]},{"@type":"WebSite","@id":"https:\/\/www.hispabano.es\/es\/#website","url":"https:\/\/www.hispabano.es\/es\/","name":"Hispaba\u00f1o: Fabricante de Mamparas de Ba\u00f1o y de Duchas","description":"Como fabricantes, y siguiendo las \u00faltimas tendencias, disponemos de una amplia gama de soluciones, dentro y fuera de nuestro cat\u00e1logo, para dar respuesta a ...","publisher":{"@id":"https:\/\/www.hispabano.es\/es\/#organization"},"potentialAction":[{"@type":"SearchAction","target":{"@type":"EntryPoint","urlTemplate":"https:\/\/www.hispabano.es\/es\/?s={search_term_string}"},"query-input":"required name=search_term_string"}],"inLanguage":"es"},{"@type":"Organization","@id":"https:\/\/www.hispabano.es\/es\/#organization","name":"Hispaba\u00f1o: Fabricante de Mamparas de Ba\u00f1o y de Duchas","url":"https:\/\/www.hispabano.es\/es\/","logo":{"@type":"ImageObject","inLanguage":"es","@id":"https:\/\/www.hispabano.es\/es\/#\/schema\/logo\/image\/","url":"https:\/\/www.hispabano.es\/es\/wp-content\/uploads\/2020\/11\/cropped-favicon.jpg","contentUrl":"https:\/\/www.hispabano.es\/es\/wp-content\/uploads\/2020\/11\/cropped-favicon.jpg","width":512,"height":512,"caption":"Hispaba\u00f1o: Fabricante de Mamparas de Ba\u00f1o y de Duchas"},"image":{"@id":"https:\/\/www.hispabano.es\/es\/#\/schema\/logo\/image\/"},"sameAs":["https:\/\/es-es.facebook.com\/Hispabano\/","https:\/\/www.youtube.com\/@hispabano9335","https:\/\/www.linkedin.com\/company\/hispabao-sl\/mycompany\/"]}]}},"_links":{"self":[{"href":"https:\/\/www.hispabano.es\/es\/wp-json\/wp\/v2\/pages\/11"}],"collection":[{"href":"https:\/\/www.hispabano.es\/es\/wp-json\/wp\/v2\/pages"}],"about":[{"href":"https:\/\/www.hispabano.es\/es\/wp-json\/wp\/v2\/types\/page"}],"author":[{"embeddable":true,"href":"https:\/\/www.hispabano.es\/es\/wp-json\/wp\/v2\/users\/2"}],"replies":[{"embeddable":true,"href":"https:\/\/www.hispabano.es\/es\/wp-json\/wp\/v2\/comments?post=11"}],"version-history":[{"count":51,"href":"https:\/\/www.hispabano.es\/es\/wp-json\/wp\/v2\/pages\/11\/revisions"}],"predecessor-version":[{"id":362,"href":"https:\/\/www.hispabano.es\/es\/wp-json\/wp\/v2\/pages\/11\/revisions\/362"}],"wp:attachment":[{"href":"https:\/\/www.hispabano.es\/es\/wp-json\/wp\/v2\/media?parent=11"}],"curies":[{"name":"wp","href":"https:\/\/api.w.org\/{rel}","templated":true}]}}