{"id":1075,"date":"2016-05-30T15:47:32","date_gmt":"2016-05-30T13:47:32","guid":{"rendered":"https:\/\/www.hispabano.es\/es\/?page_id=1075"},"modified":"2021-05-17T10:11:57","modified_gmt":"2021-05-17T08:11:57","slug":"politica-de-cookies","status":"publish","type":"page","link":"https:\/\/www.hispabano.es\/es\/politica-de-cookies\/","title":{"rendered":"Pol\u00edtica de cookies"},"content":{"rendered":"<p align=\"justify\">El equipo de <b>HISPABA\u00d1O S.L., <\/b>propietaria de la web <a href=\"http:\/\/www.hispabano.es\/\">www.hispabano.es<\/a> y la tienda online insertada <a href=\"http:\/\/www.hispabano.es\/tienda\">www.hispabano.es\/tienda<\/a>, le quiere informar de que utilizamos cookies para mejorar la navegaci\u00f3n, funcionalidad de la web. Usted puede decidir sobre qu\u00e9 cookies habilitar en el momento de acceder a la web. <\/p>\n<p align=\"justify\"><b>\u00bfQU\u00c9 SON LAS COOKIES? <\/b><\/p>\n<p align=\"justify\">Una cookie es un archivo que se descarga en el ordenador o dispositivo del usuario al acceder a una p\u00e1gina web con el objeto de permitir almacenar y recuperar informaci\u00f3n sobre los h\u00e1bitos de navegaci\u00f3n del usuario o de su equipo. <\/p>\n<p align=\"justify\">Las cookies, no s\u00f3lo van en beneficio de las empresas, sino que tambi\u00e9n permiten establecer niveles de protecci\u00f3n y seguridad, recopilar datos estad\u00edsticos y normalmente an\u00f3nimos; as\u00ed como realizar publicidad adaptadas a los intereses de los usuarios. <\/p>\n<p align=\"justify\"><b>TIPOS DE COOKIES. <\/b><\/p>\n<p align=\"justify\">Las cookies pueden clasificarse en atenci\u00f3n a distintos funcionamientos y par\u00e1metros, algunas de las clasificaciones m\u00e1s usuales son estas: <\/p>\n<p align=\"justify\">En base al <b>PLAZO DE TIEMPO<\/b> que permanecen activadas en el equipo:<\/p>\n<ul>\n<li>\n<p align=\"justify\"><b>Cookies de sesi\u00f3n:<\/b><b> <\/b>son un tipo de cookies dise\u00f1adas para recabar y almacenar datos mientras el usuario accede a una p\u00e1gina web. Es decir, estas cookies se almacenan en el equipo del usuario hasta que finalice la sesi\u00f3n de navegaci\u00f3n.<\/p>\n<\/li>\n<li>\n<p align=\"justify\"><b>Cookies persistentes:<\/b><b> <\/b>son aquellas en las que los datos siguen almacenados en el equipo y pueden ser accedidos y tratados durante un periodo definido por el responsable de la cookie, y que puede ir de unos minutos a varios a\u00f1os. <\/p>\n<\/li>\n<\/ul>\n<p align=\"justify\">En atenci\u00f3n a su <b>FINALIDAD<\/b>: <\/p>\n<ul>\n<li>\n<p align=\"justify\"><b>Anal\u00edticas: <\/b>recogen informaci\u00f3n del uso que se realiza del sitio web <\/p>\n<\/li>\n<li>\n<p align=\"justify\"><b>Sociales: <\/b>son aquellas necesarias para redes sociales externas <\/p>\n<\/li>\n<li>\n<p align=\"justify\"><b>Afiliados: <\/b>permiten hacer un seguimiento de las visitas procedentes de otras webs con las que el sitio web establece un contrato de afiliaci\u00f3n<\/p>\n<\/li>\n<li>\n<p align=\"justify\"><b>Publicidad y comportamentales: <\/b>recogen informaci\u00f3n sobre las preferencias y elecciones personales del usuario<\/p>\n<\/li>\n<li>\n<p align=\"justify\"><b>T\u00e9cnicas y funcionales: <\/b>son las estrictamente necesarias para el uso del sitio web y para la prestaci\u00f3n del servicio contratado <\/p>\n<\/li>\n<\/ul>\n<p align=\"justify\">Por su<b> GESTI\u00d3N:<\/b><\/p>\n<ul>\n<li>\n<p align=\"justify\"><b>Cookies propias:<\/b> Son aqu\u00e9llas que se env\u00edan al equipo terminal del usuario desde un equipo o dominio gestionado por el propio editor y desde el que se presta el servicio solicitado por el usuario.<\/p>\n<\/li>\n<li>\n<p align=\"justify\"><b>Cookies de tercero<\/b>: Son aqu\u00e9llas que se env\u00edan al equipo terminal del usuario desde un equipo o dominio que no es gestionado por el editor, sino por otra entidad que trata los datos obtenidos trav\u00e9s de las cookies.<\/p>\n<\/li>\n<\/ul>\n<p align=\"justify\"><b>\u00bfQU\u00c9 COOKIES UTILIZAMOS?<\/b><\/p>\n<p align=\"justify\">En <span style=\"font-family: Calibri, serif;\"><b>HISPABA\u00d1O S.L.<\/b><b> (www.hispabano.com) <\/b>utilizamos \u00fanicamente cookies de an\u00e1lisis, t\u00e9cnicas y de personalizaci\u00f3n, que nos permiten la anal\u00edtica sistem\u00e1tica de nuestra web y flujos de entrada de manera an\u00f3nima, as\u00ed como la mejora de la experiencia del usuario en nuestra web. Usamos cookies propias y cookies de terceros. <\/p>\n<p align=\"justify\">Las cookies con las que cuenta <span style=\"font-family: Calibri, serif;\"><b>esta web<\/b> son las siguientes:<\/p>\n<p><center><\/p>\n<table dir=\"ltr\" width=\"100%\" cellspacing=\"0\" cellpadding=\"8\">\n<colgroup>\n<col width=\"49*\">\n<col width=\"31*\">\n<col width=\"29*\">\n<col width=\"73*\">\n<col width=\"37*\">\n<col width=\"37*\"> <\/colgroup>\n<tbody>\n<tr valign=\"top\">\n<td style=\"background: #d9d9d9;\" bgcolor=\"#d9d9d9\" width=\"19%\" height=\"6\">\n<p align=\"center\"><span style=\"font-size: small;\">COOKIE<\/p>\n<\/td>\n<td style=\"background: #d9d9d9;\" bgcolor=\"#d9d9d9\" width=\"12%\">\n<p align=\"center\"><span style=\"font-size: small;\">RECEPTOR<\/p>\n<\/td>\n<td style=\"background: #d9d9d9;\" bgcolor=\"#d9d9d9\" width=\"11%\">\n<p align=\"center\"><span style=\"font-size: small;\">TIPO<\/p>\n<\/td>\n<td style=\"background: #d9d9d9;\" bgcolor=\"#d9d9d9\" width=\"29%\">\n<p align=\"center\"><span style=\"font-size: small;\">FINALIDAD<\/p>\n<\/td>\n<td style=\"background: #d9d9d9;\" bgcolor=\"#d9d9d9\" width=\"14%\">\n<p align=\"center\"><span style=\"font-size: small;\">M\u00c1S INFORMACI\u00d3N<\/p>\n<\/td>\n<td style=\"background: #d9d9d9;\" bgcolor=\"#d9d9d9\" width=\"15%\">\n<p align=\"center\"><span style=\"font-size: small;\">DURACI\u00d3N<\/p>\n<\/td>\n<\/tr>\n<tr valign=\"top\">\n<td width=\"19%\">\n<p align=\"justify\"><span style=\"font-size: small;\">_gat, _git, _ga<\/p>\n<\/td>\n<td width=\"12%\">\n<p align=\"justify\"><span style=\"font-size: small;\">HISPABA\u00d1O<\/p>\n<\/td>\n<td width=\"11%\">\n<p align=\"justify\"><span style=\"font-size: small;\">Anal\u00edtica<\/p>\n<\/td>\n<td width=\"29%\">\n<p align=\"justify\"><span style=\"font-size: small;\">Identificaci\u00f3n, uso y distinci\u00f3n de usuarios <\/p>\n<\/td>\n<td width=\"14%\">&nbsp;<\/td>\n<td width=\"15%\">\n<p align=\"justify\"><span style=\"font-size: small;\">1-2 a\u00f1os<\/p>\n<\/td>\n<\/tr>\n<tr valign=\"top\">\n<td width=\"19%\">\n<p align=\"justify\"><span style=\"font-size: small;\">_zlcmid<\/p>\n<\/td>\n<td width=\"12%\">\n<p align=\"justify\"><span style=\"font-size: small;\">HISPABA\u00d1O<\/p>\n<\/td>\n<td width=\"11%\">\n<p align=\"justify\"><span style=\"font-size: small;\">T\u00e9cnica<\/p>\n<\/td>\n<td width=\"29%\">\n<p align=\"justify\"><span style=\"font-size: small;\">Permite chatear en tiempo real con la atenci\u00f3n al cliente o departamento de ventas<\/p>\n<\/td>\n<td width=\"14%\">&nbsp;<\/td>\n<td width=\"15%\">\n<p align=\"justify\"><span style=\"font-size: small;\">Sesi\u00f3n<\/p>\n<\/td>\n<\/tr>\n<\/tbody>\n<\/table>\n<p><\/center>&nbsp;<\/p>\n<p align=\"justify\"><b>Cookies de An\u00e1lisis: <\/b><\/p>\n<p align=\"justify\">La mayor\u00eda de las cookies de an\u00e1lisis son propiedad de <b>Google Analytics y Google Ads<\/b>., nos permiten analizar y adaptar la web a los comportamientos derivados del tr\u00e1fico, con datos estad\u00edsticos absolutamente abstracto para <span style=\"font-family: Calibri, serif;\"><b>HISPABA\u00d1O. <\/b><\/p>\n<p align=\"justify\">Si desean m\u00e1s informaci\u00f3n sobre la pol\u00edtica de cookies, pueden hacerlo en el siguiente enlace: <a href=\"https:\/\/policies.google.com\/privacy?hl=en\">https:\/\/policies.google.com\/privacy?hl=en<\/a>. <\/p>\n<p align=\"justify\"><b>DESACTIVACI\u00d3N DE COOKIES. <\/b><\/p>\n<p align=\"justify\">Las cookies pueden ser deshabilitadas, borradas y desactivadas, seg\u00fan el navegador utilizados, a continuaci\u00f3n, pueden consultar las instrucciones para los principales navegadores. <\/p>\n<ul>\n<li>\n<p align=\"justify\">Chrome. <a href=\"https:\/\/support.google.com\/chrome\/answer\/95647?hl=es\">https:\/\/support.google.com\/chrome\/answer\/95647?hl=es<\/a> <\/p>\n<\/li>\n<li>\n<p align=\"justify\">Firefox. <a href=\"https:\/\/support.mozilla.org\/es\/kb\/habilitar-y-deshabilitar-cookies-sitios-web-rastrear-preferencias?redirectlocale=es&amp;redirectslug=habilitar-y-deshabilitar-cookies-que-los-sitios-we\">https:\/\/support.mozilla.org\/es\/kb\/habilitar-y-deshabilitar-cookies-sitios-web-rastrear-preferencias?redirectlocale=es&amp;redirectslug=habilitar-y-deshabilitar-cookies-que-los-sitios-we<\/a> <\/p>\n<\/li>\n<li>\n<p align=\"justify\">Explorer.<a href=\"https:\/\/support.microsoft.com\/es-es\/help\/17442\/windows-internet-explorer-delete-manage-cookies#ie=ie-11\">https:\/\/support.microsoft.com\/es-es\/help\/17442\/windows-internet-explorer-delete-manage-cookies#ie=ie-11<\/a> <\/p>\n<\/li>\n<li>\n<p align=\"justify\"><span lang=\"es-ES\">Safari para IPhone IPad o IPod: <a href=\"https:\/\/support.apple.com\/es-es\/HT201265\">https:\/\/support.apple.com\/es-es\/HT201265<\/a> <\/p>\n<\/li>\n<li>\n<p align=\"justify\"><span lang=\"es-ES\">Opera: <a href=\"https:\/\/help.opera.com\/es\/Windows\/11.50\/es-ES\/cookies.html\">https:\/\/help.opera.com\/es\/Windows\/11.50\/es-ES\/cookies.html<\/a> <\/p>\n<\/li>\n<li>\n<p align=\"justify\">Safari para MAC <a href=\"https:\/\/support.apple.com\/es-es\/guide\/safari\/sfri11471\/mac\">https:\/\/support.apple.com\/es-es\/guide\/safari\/sfri11471\/mac<\/a> <\/p>\n<\/li>\n<li>\n<p align=\"justify\">Windows 10: Microsoft Edge. <a href=\"https:\/\/support.microsoft.com\/es-es\/help\/17442\/windows-internet-explorer-delete-manage-cookies\">https:\/\/support.microsoft.com\/es-es\/help\/17442\/windows-internet-explorer-delete-manage-cookies<\/a> <\/p>\n<\/li>\n<\/ul>\n<p align=\"justify\">Tambi\u00e9n, existe la posibilidad de desactivar las cookies de Google Analytics, instalando el complemento siguiente: <a href=\"https:\/\/tools.google.com\/dlpage\/gaoptout\/?hl=es\">https:\/\/tools.google.com\/dlpage\/gaoptout\/?hl=es<\/a> <\/p>\n<p align=\"justify\"><b>EXENCIONES DE RESPONSABILIDAD. <\/b><\/p>\n<p align=\"justify\">En <span style=\"font-family: Calibri, serif;\"><b>HISPABA\u00d1O <\/b>no nos podemos y no nos hacemos responsable del contenido, ni de la veracidad, ni de la actualizaci\u00f3n de las pol\u00edticas de privacidad que puedan tener los terceros mencionados en esta pol\u00edtica de cookies. <\/p>\n<p align=\"justify\">Son los navegadores web los encargados de almacenar las cookies y, es desde estos sitios desde donde debe efectuar su derecho a eliminaci\u00f3n o desactivaci\u00f3n de las mismas, por tanto, no podemos garantizar el correcto comportamiento. <\/p>\n<p align=\"justify\"><b>DERECHO A MODIFICAR POL\u00cdTICAS DE COOKIES. <\/b><\/p>\n<p align=\"justify\"><span style=\"font-family: Calibri, serif;\"><b>HISPABA\u00d1O <\/b>se guarda todos los derechos a modificar su pol\u00edtica de privacidad sin el previo aviso de la misma. <\/p>\n<p align=\"justify\"><b>\u00daLTIMA ACTUALIZACI\u00d3N 04\/02\/2021<\/b><\/p>\n","protected":false},"excerpt":{"rendered":"<p>El equipo de HISPABA\u00d1O S.L., propietaria de la web www.hispabano.es y la tienda online insertada www.hispabano.es\/tienda, le quiere informar de que utilizamos cookies para mejorar la navegaci\u00f3n, funcionalidad de la web. Usted puede decidir sobre qu\u00e9 cookies habilitar en el momento de acceder a la web. \u00bfQU\u00c9 SON LAS COOKIES? Una cookie es un archivo [&hellip;]<\/p>\n","protected":false},"author":2,"featured_media":0,"parent":0,"menu_order":0,"comment_status":"open","ping_status":"open","template":"","meta":{"ngg_post_thumbnail":0,"footnotes":""},"yoast_head":"<!-- This site is optimized with the Yoast SEO plugin v22.5 - https:\/\/yoast.com\/wordpress\/plugins\/seo\/ -->\n<title>Pol\u00edtica de cookies - Fabricantes de Mamparas de Ba\u00f1o y de Duchas<\/title>\n<meta name=\"description\" content=\"Hispaba\u00f1o, Fabricantes de Mamparas de Ba\u00f1o y de Duchas. Pol\u00edtica de cookies. Disponemos de una amplia gama de soluciones, dentro y fuera de nuestro cat\u00e1logo.\" \/>\n<meta name=\"robots\" content=\"noindex, nofollow\" \/>\n<meta property=\"og:locale\" content=\"es_ES\" \/>\n<meta property=\"og:type\" content=\"article\" \/>\n<meta property=\"og:title\" content=\"Pol\u00edtica de cookies - Fabricantes de Mamparas de Ba\u00f1o y de Duchas\" \/>\n<meta property=\"og:description\" content=\"Hispaba\u00f1o, Fabricantes de Mamparas de Ba\u00f1o y de Duchas. Pol\u00edtica de cookies. Disponemos de una amplia gama de soluciones, dentro y fuera de nuestro cat\u00e1logo.\" \/>\n<meta property=\"og:url\" content=\"https:\/\/www.hispabano.es\/es\/politica-de-cookies\/\" \/>\n<meta property=\"og:site_name\" content=\"Hispaba\u00f1o: Fabricante de Mamparas de Ba\u00f1o y de Duchas\" \/>\n<meta property=\"article:publisher\" content=\"https:\/\/es-es.facebook.com\/Hispabano\/\" \/>\n<meta property=\"article:modified_time\" content=\"2021-05-17T08:11:57+00:00\" \/>\n<meta name=\"twitter:label1\" content=\"Tiempo de lectura\" \/>\n\t<meta name=\"twitter:data1\" content=\"4 minutos\" \/>\n<script type=\"application\/ld+json\" class=\"yoast-schema-graph\">{\"@context\":\"https:\/\/schema.org\",\"@graph\":[{\"@type\":\"WebPage\",\"@id\":\"https:\/\/www.hispabano.es\/es\/politica-de-cookies\/\",\"url\":\"https:\/\/www.hispabano.es\/es\/politica-de-cookies\/\",\"name\":\"Pol\u00edtica de cookies - Fabricantes de Mamparas de Ba\u00f1o y de Duchas\",\"isPartOf\":{\"@id\":\"https:\/\/www.hispabano.es\/es\/#website\"},\"datePublished\":\"2016-05-30T13:47:32+00:00\",\"dateModified\":\"2021-05-17T08:11:57+00:00\",\"description\":\"Hispaba\u00f1o, Fabricantes de Mamparas de Ba\u00f1o y de Duchas. Pol\u00edtica de cookies. Disponemos de una amplia gama de soluciones, dentro y fuera de nuestro cat\u00e1logo.\",\"breadcrumb\":{\"@id\":\"https:\/\/www.hispabano.es\/es\/politica-de-cookies\/#breadcrumb\"},\"inLanguage\":\"es\",\"potentialAction\":[{\"@type\":\"ReadAction\",\"target\":[\"https:\/\/www.hispabano.es\/es\/politica-de-cookies\/\"]}]},{\"@type\":\"BreadcrumbList\",\"@id\":\"https:\/\/www.hispabano.es\/es\/politica-de-cookies\/#breadcrumb\",\"itemListElement\":[{\"@type\":\"ListItem\",\"position\":1,\"name\":\"Portada\",\"item\":\"https:\/\/www.hispabano.es\/es\/\"},{\"@type\":\"ListItem\",\"position\":2,\"name\":\"Pol\u00edtica de cookies\"}]},{\"@type\":\"WebSite\",\"@id\":\"https:\/\/www.hispabano.es\/es\/#website\",\"url\":\"https:\/\/www.hispabano.es\/es\/\",\"name\":\"Hispaba\u00f1o: Fabricante de Mamparas de Ba\u00f1o y de Duchas\",\"description\":\"Como fabricantes, y siguiendo las \u00faltimas tendencias, disponemos de una amplia gama de soluciones, dentro y fuera de nuestro cat\u00e1logo, para dar respuesta a ...\",\"publisher\":{\"@id\":\"https:\/\/www.hispabano.es\/es\/#organization\"},\"potentialAction\":[{\"@type\":\"SearchAction\",\"target\":{\"@type\":\"EntryPoint\",\"urlTemplate\":\"https:\/\/www.hispabano.es\/es\/?s={search_term_string}\"},\"query-input\":\"required name=search_term_string\"}],\"inLanguage\":\"es\"},{\"@type\":\"Organization\",\"@id\":\"https:\/\/www.hispabano.es\/es\/#organization\",\"name\":\"Hispaba\u00f1o: Fabricante de Mamparas de Ba\u00f1o y de Duchas\",\"url\":\"https:\/\/www.hispabano.es\/es\/\",\"logo\":{\"@type\":\"ImageObject\",\"inLanguage\":\"es\",\"@id\":\"https:\/\/www.hispabano.es\/es\/#\/schema\/logo\/image\/\",\"url\":\"https:\/\/www.hispabano.es\/es\/wp-content\/uploads\/2020\/11\/cropped-favicon.jpg\",\"contentUrl\":\"https:\/\/www.hispabano.es\/es\/wp-content\/uploads\/2020\/11\/cropped-favicon.jpg\",\"width\":512,\"height\":512,\"caption\":\"Hispaba\u00f1o: Fabricante de Mamparas de Ba\u00f1o y de Duchas\"},\"image\":{\"@id\":\"https:\/\/www.hispabano.es\/es\/#\/schema\/logo\/image\/\"},\"sameAs\":[\"https:\/\/es-es.facebook.com\/Hispabano\/\",\"https:\/\/www.youtube.com\/@hispabano9335\",\"https:\/\/www.linkedin.com\/company\/hispabao-sl\/mycompany\/\"]}]}<\/script>\n<!-- \/ Yoast SEO plugin. -->","yoast_head_json":{"title":"Pol\u00edtica de cookies - Fabricantes de Mamparas de Ba\u00f1o y de Duchas","description":"Hispaba\u00f1o, Fabricantes de Mamparas de Ba\u00f1o y de Duchas. Pol\u00edtica de cookies. Disponemos de una amplia gama de soluciones, dentro y fuera de nuestro cat\u00e1logo.","robots":{"index":"noindex","follow":"nofollow"},"og_locale":"es_ES","og_type":"article","og_title":"Pol\u00edtica de cookies - Fabricantes de Mamparas de Ba\u00f1o y de Duchas","og_description":"Hispaba\u00f1o, Fabricantes de Mamparas de Ba\u00f1o y de Duchas. Pol\u00edtica de cookies. Disponemos de una amplia gama de soluciones, dentro y fuera de nuestro cat\u00e1logo.","og_url":"https:\/\/www.hispabano.es\/es\/politica-de-cookies\/","og_site_name":"Hispaba\u00f1o: Fabricante de Mamparas de Ba\u00f1o y de Duchas","article_publisher":"https:\/\/es-es.facebook.com\/Hispabano\/","article_modified_time":"2021-05-17T08:11:57+00:00","twitter_misc":{"Tiempo de lectura":"4 minutos"},"schema":{"@context":"https:\/\/schema.org","@graph":[{"@type":"WebPage","@id":"https:\/\/www.hispabano.es\/es\/politica-de-cookies\/","url":"https:\/\/www.hispabano.es\/es\/politica-de-cookies\/","name":"Pol\u00edtica de cookies - Fabricantes de Mamparas de Ba\u00f1o y de Duchas","isPartOf":{"@id":"https:\/\/www.hispabano.es\/es\/#website"},"datePublished":"2016-05-30T13:47:32+00:00","dateModified":"2021-05-17T08:11:57+00:00","description":"Hispaba\u00f1o, Fabricantes de Mamparas de Ba\u00f1o y de Duchas. Pol\u00edtica de cookies. Disponemos de una amplia gama de soluciones, dentro y fuera de nuestro cat\u00e1logo.","breadcrumb":{"@id":"https:\/\/www.hispabano.es\/es\/politica-de-cookies\/#breadcrumb"},"inLanguage":"es","potentialAction":[{"@type":"ReadAction","target":["https:\/\/www.hispabano.es\/es\/politica-de-cookies\/"]}]},{"@type":"BreadcrumbList","@id":"https:\/\/www.hispabano.es\/es\/politica-de-cookies\/#breadcrumb","itemListElement":[{"@type":"ListItem","position":1,"name":"Portada","item":"https:\/\/www.hispabano.es\/es\/"},{"@type":"ListItem","position":2,"name":"Pol\u00edtica de cookies"}]},{"@type":"WebSite","@id":"https:\/\/www.hispabano.es\/es\/#website","url":"https:\/\/www.hispabano.es\/es\/","name":"Hispaba\u00f1o: Fabricante de Mamparas de Ba\u00f1o y de Duchas","description":"Como fabricantes, y siguiendo las \u00faltimas tendencias, disponemos de una amplia gama de soluciones, dentro y fuera de nuestro cat\u00e1logo, para dar respuesta a ...","publisher":{"@id":"https:\/\/www.hispabano.es\/es\/#organization"},"potentialAction":[{"@type":"SearchAction","target":{"@type":"EntryPoint","urlTemplate":"https:\/\/www.hispabano.es\/es\/?s={search_term_string}"},"query-input":"required name=search_term_string"}],"inLanguage":"es"},{"@type":"Organization","@id":"https:\/\/www.hispabano.es\/es\/#organization","name":"Hispaba\u00f1o: Fabricante de Mamparas de Ba\u00f1o y de Duchas","url":"https:\/\/www.hispabano.es\/es\/","logo":{"@type":"ImageObject","inLanguage":"es","@id":"https:\/\/www.hispabano.es\/es\/#\/schema\/logo\/image\/","url":"https:\/\/www.hispabano.es\/es\/wp-content\/uploads\/2020\/11\/cropped-favicon.jpg","contentUrl":"https:\/\/www.hispabano.es\/es\/wp-content\/uploads\/2020\/11\/cropped-favicon.jpg","width":512,"height":512,"caption":"Hispaba\u00f1o: Fabricante de Mamparas de Ba\u00f1o y de Duchas"},"image":{"@id":"https:\/\/www.hispabano.es\/es\/#\/schema\/logo\/image\/"},"sameAs":["https:\/\/es-es.facebook.com\/Hispabano\/","https:\/\/www.youtube.com\/@hispabano9335","https:\/\/www.linkedin.com\/company\/hispabao-sl\/mycompany\/"]}]}},"_links":{"self":[{"href":"https:\/\/www.hispabano.es\/es\/wp-json\/wp\/v2\/pages\/1075"}],"collection":[{"href":"https:\/\/www.hispabano.es\/es\/wp-json\/wp\/v2\/pages"}],"about":[{"href":"https:\/\/www.hispabano.es\/es\/wp-json\/wp\/v2\/types\/page"}],"author":[{"embeddable":true,"href":"https:\/\/www.hispabano.es\/es\/wp-json\/wp\/v2\/users\/2"}],"replies":[{"embeddable":true,"href":"https:\/\/www.hispabano.es\/es\/wp-json\/wp\/v2\/comments?post=1075"}],"version-history":[{"count":4,"href":"https:\/\/www.hispabano.es\/es\/wp-json\/wp\/v2\/pages\/1075\/revisions"}],"predecessor-version":[{"id":1648,"href":"https:\/\/www.hispabano.es\/es\/wp-json\/wp\/v2\/pages\/1075\/revisions\/1648"}],"wp:attachment":[{"href":"https:\/\/www.hispabano.es\/es\/wp-json\/wp\/v2\/media?parent=1075"}],"curies":[{"name":"wp","href":"https:\/\/api.w.org\/{rel}","templated":true}]}}